{"id":310226,"date":"2024-02-09T09:46:28","date_gmt":"2024-02-09T14:46:28","guid":{"rendered":"https:\/\/yoko.naikka.com\/toyota\/?page_id=310226"},"modified":"2025-05-15T08:04:23","modified_gmt":"2025-05-15T13:04:23","slug":"pqrs","status":"publish","type":"page","link":"https:\/\/yokomotor.com.co\/toyota\/pqrs\/","title":{"rendered":"PQRS"},"content":{"rendered":"<p>[et_pb_section fb_built=&#8221;1&#8243; module_id=&#8221;form&#8221; _builder_version=&#8221;4.24.0&#8243; _module_preset=&#8221;default&#8221; background_enable_mask_style=&#8221;on&#8221; background_mask_style=&#8221;arch&#8221; background_mask_color=&#8221;#EB0A1E&#8221; background_mask_transform=&#8221;invert|rotate_90_degree|flip_vertical&#8221; background_last_edited=&#8221;on|phone&#8221; background_enable_mask_style_phone=&#8221;off&#8221; global_colors_info=&#8221;{}&#8221;][et_pb_row _builder_version=&#8221;4.24.0&#8243; _module_preset=&#8221;default&#8221; custom_padding=&#8221;0px||0px||false|false&#8221; locked=&#8221;off&#8221; global_colors_info=&#8221;{}&#8221;][et_pb_column type=&#8221;4_4&#8243; _builder_version=&#8221;4.21.0&#8243; _module_preset=&#8221;default&#8221; global_colors_info=&#8221;{}&#8221;][et_pb_code admin_label=&#8221;Nav XT Breadcrumb&#8221; module_class=&#8221;yoastBreadcrumbs&#8221; _builder_version=&#8221;4.27.4&#8243; _module_preset=&#8221;default&#8221; text_orientation=&#8221;center&#8221; custom_margin=&#8221;||0px||false|false&#8221; locked=&#8221;off&#8221; global_colors_info=&#8221;{}&#8221;]<div class=\"breadcrumbs\" typeof=\"BreadcrumbList\" vocab=\"https:\/\/schema.org\/\">\n    <span property=\"itemListElement\" typeof=\"ListItem\"><a property=\"item\" typeof=\"WebPage\" title=\"Ir a Venta de carros | Concesionario Toyota | Yokomotor.\" href=\"https:\/\/yokomotor.com.co\/toyota\" class=\"home\" aria-current=\"page\"><span property=\"name\">Toyota<\/span><\/a><meta property=\"position\" content=\"1\"><\/span><\/div>\n[\/et_pb_code][et_pb_text _builder_version=&#8221;4.24.0&#8243; _module_preset=&#8221;default&#8221; text_font=&#8221;||||||||&#8221; text_text_color=&#8221;#000000&#8243; text_font_size=&#8221;3vw&#8221; text_line_height=&#8221;1em&#8221; header_text_color=&#8221;#000000&#8243; header_font_size=&#8221;3vw&#8221; header_line_height=&#8221;1.01em&#8221; header_2_text_color=&#8221;#000000&#8243; header_2_font_size=&#8221;3vw&#8221; header_2_line_height=&#8221;1.01em&#8221; text_orientation=&#8221;center&#8221; custom_margin=&#8221;||10px||false|false&#8221; header_font_size_tablet=&#8221;3vw&#8221; header_font_size_phone=&#8221;26px&#8221; header_font_size_last_edited=&#8221;on|phone&#8221; header_2_font_size_tablet=&#8221;3vw&#8221; header_2_font_size_phone=&#8221;26px&#8221; header_2_font_size_last_edited=&#8221;on|phone&#8221; global_colors_info=&#8221;{}&#8221;]<\/p>\n<h1>PQRS<\/h1>\n<p>[\/et_pb_text][et_pb_text _builder_version=&#8221;4.24.0&#8243; _module_preset=&#8221;default&#8221; text_font=&#8221;|300|||||||&#8221; text_text_color=&#8221;#000000&#8243; text_font_size=&#8221;22px&#8221; text_orientation=&#8221;center&#8221; custom_margin=&#8221;||10px||false|false&#8221; text_font_size_tablet=&#8221;22px&#8221; text_font_size_phone=&#8221;18px&#8221; text_font_size_last_edited=&#8221;on|phone&#8221; global_colors_info=&#8221;{}&#8221;]<\/p>\n<p><span>Gracias por comunicarte con nosotros. Por favor d\u00e9janos tus preguntas, quejas y\/o sugerencias.<\/span><\/p>\n<p>[\/et_pb_text][dipl_separator separator_color=&#8221;#EB0A1E&#8221; _builder_version=&#8221;4.24.0&#8243; _module_preset=&#8221;default&#8221; width=&#8221;80px&#8221; module_alignment=&#8221;center&#8221; locked=&#8221;off&#8221; global_colors_info=&#8221;{}&#8221;][\/dipl_separator][\/et_pb_column][\/et_pb_row][et_pb_row _builder_version=&#8221;4.24.0&#8243; _module_preset=&#8221;default&#8221; width=&#8221;85%&#8221; global_colors_info=&#8221;{}&#8221;][et_pb_column type=&#8221;4_4&#8243; _builder_version=&#8221;4.24.0&#8243; _module_preset=&#8221;default&#8221; global_colors_info=&#8221;{}&#8221;][wpforms_selector form_id=&#8221;310231&#8243; _builder_version=&#8221;4.24.0&#8243; _module_preset=&#8221;default&#8221; custom_css_main_element=&#8221;background-color: #fcfcfc;||padding-left: 20px;||padding-right: 20px;||border-radius: 5px;||border: 1px solid #eeeeee;||box-shadow: 3px 5px 10px 1px rgba(0, 0, 0, 0.05);&#8221; global_colors_info=&#8221;{}&#8221;][\/wpforms_selector][\/et_pb_column][\/et_pb_row][\/et_pb_section]<\/p>\n","protected":false},"excerpt":{"rendered":"<p><div class=\"breadcrumbs\" typeof=\"BreadcrumbList\" vocab=\"https:\/\/schema.org\/\">\n    <span property=\"itemListElement\" typeof=\"ListItem\"><a property=\"item\" typeof=\"WebPage\" title=\"Ir a Venta de carros | Concesionario Toyota | Yokomotor.\" href=\"https:\/\/yokomotor.com.co\/toyota\" class=\"home\" aria-current=\"page\"><span property=\"name\">Toyota<\/span><\/a><meta property=\"position\" content=\"1\"><\/span><\/div>\nPQRSGracias por comunicarte con nosotros. Por favor d\u00e9janos tus preguntas, quejas y\/o sugerencias.<div class=\"et_pb_module dipl_separator dipl_separator_0\">\n\t\t\t\t\n\t\t\t\t\n\t\t\t\t\n\t\t\t\t\n\t\t\t\t\n\t\t\t\t\n\t\t\t\t<div class=\"et_pb_module_inner\">\n\t\t\t\t\t<div class=\"dipl_separator_container align_none\">\n\t\t\t\t\t\t\t\t\t<div class=\"dipl_line dipl_line_before\"><\/div>\n\t\t\t\t\t\t\t\t\t\t\n\t\t\t\t\t\t\t\t\t\t\n\t\t\t\t\t\t\t\t\t\t\n\t\t\t\t\t\t\t\t\t<div class=\"dipl_line dipl_line_after\"><\/div>\n\t\t\t\t\t\t\t\t<\/div>\n\t\t\t\t<\/div>\n\t\t\t<\/div><div class=\"et_pb_module wpforms_selector wpforms_selector_0\">\n\t\t\t\t\n\t\t\t\t\n\t\t\t\t\n\t\t\t\t\n\t\t\t\t\n\t\t\t\t\n\t\t\t\t<div class=\"et_pb_module_inner\">\n\t\t\t\t\t<div class=\"wpforms-container wpforms-container-full wpforms-render-modern\" id=\"wpforms-310231\"><form id=\"wpforms-form-310231\" class=\"wpforms-validate wpforms-form\" data-formid=\"310231\" method=\"post\" enctype=\"multipart\/form-data\" action=\"\/toyota\/wp-json\/wp\/v2\/pages\/310226?wpforms_form_id=310231\" data-token=\"d18b2cfab0730e16ab9d9795433007c0\"><noscript class=\"wpforms-error-noscript\">Please enable JavaScript in your browser to complete this form.<\/noscript><div class=\"wpforms-hidden\" id=\"wpforms-error-noscript\">Please enable JavaScript in your browser to complete this form.<\/div><div class=\"wpforms-field-container\"><div id=\"wpforms-310231-field_1-container\" class=\"wpforms-field wpforms-field-layout\" data-field-type=\"layout\" data-field-id=\"1\"><label class=\"wpforms-field-label wpforms-label-hide\" for=\"wpforms-310231-field_1\" aria-hidden=\"false\">Layout<\/label><div class=\"wpforms-field-layout-columns wpforms-field-layout-preset-50-50\"><div class=\"wpforms-layout-column wpforms-layout-column-50\"><div id=\"wpforms-310231-field_2-container\" class=\"wpforms-field wpforms-field-name\" data-field-type=\"name\" data-field-id=\"2\"><label class=\"wpforms-field-label\" for=\"wpforms-310231-field_2\">Nombre Completo <span class=\"wpforms-required-label\" aria-hidden=\"true\">*<\/span><\/label><input type=\"text\" id=\"wpforms-310231-field_2\" class=\"wpforms-field-medium wpforms-field-required\" name=\"wpforms[fields][2]\" aria-errormessage=\"wpforms-310231-field_2-error\" required><\/div><div id=\"wpforms-310231-field_3-container\" class=\"wpforms-field wpforms-field-phone wpf-num-limit\" data-field-type=\"phone\" data-field-id=\"3\"><label class=\"wpforms-field-label\" for=\"wpforms-310231-field_3\">Celular <span class=\"wpforms-required-label\" aria-hidden=\"true\">*<\/span><\/label><input type=\"tel\" id=\"wpforms-310231-field_3\" class=\"wpforms-field-medium wpforms-field-required\" data-rule-int-phone-field=\"true\" name=\"wpforms[fields][3]\" aria-errormessage=\"wpforms-310231-field_3-error\" required><\/div><div id=\"wpforms-310231-field_5-container\" class=\"wpforms-field wpforms-field-email\" data-field-type=\"email\" data-field-id=\"5\"><label class=\"wpforms-field-label\" for=\"wpforms-310231-field_5\">Email <span class=\"wpforms-required-label\" aria-hidden=\"true\">*<\/span><\/label><input type=\"email\" id=\"wpforms-310231-field_5\" class=\"wpforms-field-medium wpforms-field-required\" name=\"wpforms[fields][5]\" spellcheck=\"false\" aria-errormessage=\"wpforms-310231-field_5-error\" required><\/div><div id=\"wpforms-310231-field_18-container\" class=\"wpforms-field wpforms-field-select wpforms-field-select-style-classic\" data-field-type=\"select\" data-field-id=\"18\"><label class=\"wpforms-field-label\" for=\"wpforms-310231-field_18\">Tipo de solicitud <span class=\"wpforms-required-label\" aria-hidden=\"true\">*<\/span><\/label><select id=\"wpforms-310231-field_18\" class=\"wpforms-field-medium wpforms-field-required\" name=\"wpforms[fields][18]\" required=\"required\"><option value=\"\" class=\"placeholder\" disabled  selected='selected'>Selecciona el tipo de solicitud<\/option><option value=\"Petici\u00f3n\" >Petici\u00f3n<\/option><option value=\"Queja \/Reclamo\" >Queja \/Reclamo<\/option><option value=\"Informaci\u00f3n\" >Informaci\u00f3n<\/option><option value=\"Sugerencia\" >Sugerencia<\/option><option value=\"Felicitaciones\" >Felicitaciones<\/option><\/select><\/div><div id=\"wpforms-310231-field_16-container\" class=\"wpforms-field wpforms-field-select wpforms-field-select-style-classic\" data-field-type=\"select\" data-field-id=\"16\"><label class=\"wpforms-field-label\" for=\"wpforms-310231-field_16\">Sede de preferencia <span class=\"wpforms-required-label\" aria-hidden=\"true\">*<\/span><\/label><select id=\"wpforms-310231-field_16\" class=\"wpforms-field-medium wpforms-field-required\" name=\"wpforms[fields][16]\" required=\"required\"><option value=\"\" class=\"placeholder\" disabled  selected='selected'>Selecciona tu sede de preferencia<\/option><option value=\"60\" >MEDELL\u00cdN-YOKOMOTOR PALACE<\/option><option value=\"61\" >MEDELL\u00cdN-YOKOMOTOR GUAYABAL<\/option><option value=\"63\" >MEDELL\u00cdN-YOKOMOTOR EL TESORO<\/option><option value=\"62\" >BOGOT\u00c1-YOKOMOTOR 72<\/option><option value=\"59\" >BOGOT\u00c1-YOKOMOTOR 173<\/option><\/select><\/div><\/div><div class=\"wpforms-layout-column wpforms-layout-column-50\"><div id=\"wpforms-310231-field_13-container\" class=\"wpforms-field wpforms-field-text\" data-field-type=\"text\" data-field-id=\"13\"><label class=\"wpforms-field-label\" for=\"wpforms-310231-field_13\">Documento de identidad <span class=\"wpforms-required-label\" aria-hidden=\"true\">*<\/span><\/label><input type=\"text\" id=\"wpforms-310231-field_13\" class=\"wpforms-field-medium wpforms-field-required\" name=\"wpforms[fields][13]\" aria-errormessage=\"wpforms-310231-field_13-error\" required><\/div><div id=\"wpforms-310231-field_17-container\" class=\"wpforms-field wpforms-field-text\" data-field-type=\"text\" data-field-id=\"17\"><label class=\"wpforms-field-label\" for=\"wpforms-310231-field_17\">Direcci\u00f3n de residencia  <span class=\"wpforms-required-label\" aria-hidden=\"true\">*<\/span><\/label><input type=\"text\" id=\"wpforms-310231-field_17\" class=\"wpforms-field-medium wpforms-field-required\" name=\"wpforms[fields][17]\" aria-errormessage=\"wpforms-310231-field_17-error\" required><\/div><div id=\"wpforms-310231-field_12-container\" class=\"wpforms-field wpforms-field-text\" data-field-type=\"text\" data-field-id=\"12\"><label class=\"wpforms-field-label\" for=\"wpforms-310231-field_12\">Placa<\/label><input type=\"text\" id=\"wpforms-310231-field_12\" class=\"wpforms-field-medium\" name=\"wpforms[fields][12]\" aria-errormessage=\"wpforms-310231-field_12-error\" ><\/div><div id=\"wpforms-310231-field_15-container\" class=\"wpforms-field wpforms-field-select wpforms-field-select-style-classic\" data-field-type=\"select\" data-field-id=\"15\"><label class=\"wpforms-field-label\" for=\"wpforms-310231-field_15\">Elige un tema <span class=\"wpforms-required-label\" aria-hidden=\"true\">*<\/span><\/label><select id=\"wpforms-310231-field_15\" class=\"wpforms-field-medium wpforms-field-required\" name=\"wpforms[fields][15]\" required=\"required\"><option value=\"\" class=\"placeholder\" disabled  selected='selected'>Selecciona un tema<\/option><option value=\"Repuestos\" >Repuestos<\/option><option value=\"Taller\" >Taller<\/option><option value=\"Especificaciones de veh\u00edculos\" >Especificaciones de veh\u00edculos<\/option><option value=\"Horario de atenci\u00f3n y sedes\" >Horario de atenci\u00f3n y sedes<\/option><option value=\"Accesorios\" >Accesorios<\/option><option value=\"Proceso entrega veh\u00edculo\" >Proceso entrega veh\u00edculo<\/option><option value=\"Planes de financiaci\u00f3n\" >Planes de financiaci\u00f3n<\/option><option value=\"Garant\u00edas\" >Garant\u00edas<\/option><option value=\"Habeas data\" >Habeas data<\/option><option value=\"Otros\" >Otros<\/option><\/select><\/div><\/div><\/div><\/div><div id=\"wpforms-310231-field_10-container\" class=\"wpforms-field wpforms-field-textarea\" data-field-type=\"textarea\" data-field-id=\"10\"><label class=\"wpforms-field-label\" for=\"wpforms-310231-field_10\">Mensaje<\/label><textarea id=\"wpforms-310231-field_10\" class=\"wpforms-field-small\" name=\"wpforms[fields][10]\" aria-errormessage=\"wpforms-310231-field_10-error\" ><\/textarea><\/div><div id=\"wpforms-310231-field_19-container\" class=\"wpforms-field wpforms-field-file-upload\" data-field-type=\"file-upload\" data-field-id=\"19\"><label class=\"wpforms-field-label\" for=\"wpforms-310231-field_19\">Adjuntar documentos<\/label><div\n\t\tclass=\"wpforms-uploader\"\n\t\tdata-field-id=\"19\"\n\t\tdata-form-id=\"310231\"\n\t\tdata-input-name=\"wpforms_310231_19\"\n\t\tdata-extensions=\"jpg,jpeg,jpe,png,gif,webp,mov,qt,avif,avi,mpeg,mpg,mpe,3gp,3gpp,3g2,3gp2,mid,midi,pdf,doc,docx,docm,pot,pps,ppt,pptx,pptm,odt,ppsx,ppsm,xla,xls,xlt,xlw,xlsx,xlsm,xlsb,key,mp3,m4a,m4b,ogg,oga,flac,wav,x-wav,mp4,m4v,webm,ogv,json,md\"\n\t\tdata-max-size=\"67108864\"\n\t\tdata-max-file-number=\"1\"\n\t\tdata-post-max-size=\"67108864\"\n\t\tdata-max-parallel-uploads=\"4\"\n\t\tdata-parallel-uploads=\"true\"\n\t\tdata-file-chunk-size=\"2097152\">\n\t<div class=\"dz-message\">\n\t\t<svg viewBox=\"0 0 1024 1024\" focusable=\"false\" data-icon=\"inbox\" width=\"50px\" height=\"50px\" fill=\"currentColor\" aria-hidden=\"true\">\n\t\t\t<path d=\"M885.2 446.3l-.2-.8-112.2-285.1c-5-16.1-19.9-27.2-36.8-27.2H281.2c-17 0-32.1 11.3-36.9 27.6L139.4 443l-.3.7-.2.8c-1.3 4.9-1.7 9.9-1 14.8-.1 1.6-.2 3.2-.2 4.8V830a60.9 60.9 0 0 0 60.8 60.8h627.2c33.5 0 60.8-27.3 60.9-60.8V464.1c0-1.3 0-2.6-.1-3.7.4-4.9 0-9.6-1.3-14.1zm-295.8-43l-.3 15.7c-.8 44.9-31.8 75.1-77.1 75.1-22.1 0-41.1-7.1-54.8-20.6S436 441.2 435.6 419l-.3-15.7H229.5L309 210h399.2l81.7 193.3H589.4zm-375 76.8h157.3c24.3 57.1 76 90.8 140.4 90.8 33.7 0 65-9.4 90.3-27.2 22.2-15.6 39.5-37.4 50.7-63.6h156.5V814H214.4V480.1z\"><\/path>\n\t\t<\/svg>\n\t\t<span class=\"modern-title\">Click or drag a file to this area to upload.<\/span>\n\n\t\t\t<\/div>\n<\/div>\n<input\n\t\ttype=\"text\"\n\t\tautocomplete=\"off\"\n\t\tclass=\"dropzone-input\"\n\t\tstyle=\"position:absolute!important;clip:rect(0,0,0,0)!important;height:1px!important;width:1px!important;border:0!important;overflow:hidden!important;padding:0!important;margin:0!important;\"\n\t\tid=\"wpforms-310231-field_19\"\n\t\tname=\"wpforms_310231_19\" \t\tvalue=\"\">\n<\/div><div id=\"wpforms-310231-field_11-container\" class=\"wpforms-field wpforms-field-checkbox\" data-field-type=\"checkbox\" data-field-id=\"11\"><fieldset><legend class=\"wpforms-field-label wpforms-label-hide\" aria-hidden=\"false\">Tratamiento de datos <span class=\"wpforms-required-label\" aria-hidden=\"true\">*<\/span><\/legend><ul id=\"wpforms-310231-field_11\" class=\"wpforms-field-required\"><li class=\"choice-1 depth-1\"><input type=\"checkbox\" id=\"wpforms-310231-field_11_1\" name=\"wpforms[fields][11][]\" value=\"Autorizo a Yokomotor el manejo de mis datos personales de acuerdo a las &lt;a target=&quot;_blank&quot; href=&quot;\/toyota\/politica-de-tratamiento-de-datos\/&quot;&gt;pol\u00edticas de tratamientos de informaci\u00f3n de la empresa&lt;\/a&gt;.\" aria-errormessage=\"wpforms-310231-field_11_1-error\" required ><label class=\"wpforms-field-label-inline\" for=\"wpforms-310231-field_11_1\">Autorizo a Yokomotor el manejo de mis datos personales de acuerdo a las <a target=\"_blank\" href=\"\/toyota\/politica-de-tratamiento-de-datos\/\">pol\u00edticas de tratamientos de informaci\u00f3n de la empresa<\/a>.<\/label><\/li><\/ul><\/fieldset><\/div><\/div><!-- .wpforms-field-container --><div class=\"wpforms-recaptcha-container wpforms-is-recaptcha wpforms-is-recaptcha-type-v3\" ><input type=\"hidden\" name=\"wpforms[recaptcha]\" value=\"\"><\/div><div class=\"wpforms-submit-container\" ><input type=\"hidden\" name=\"wpforms[id]\" value=\"310231\"><input type=\"hidden\" name=\"wpforms[author]\" value=\"1\"><button type=\"submit\" name=\"wpforms[submit]\" id=\"wpforms-submit-310231\" class=\"wpforms-submit\" data-alt-text=\"Enviando...\" data-submit-text=\"Enviar\" aria-live=\"assertive\" value=\"wpforms-submit\">Enviar<\/button><\/div><\/form><\/div>  <!-- .wpforms-container -->\n\t\t\t\t<\/div>\n\t\t\t<\/div><\/p>\n","protected":false},"author":1,"featured_media":0,"parent":0,"menu_order":0,"comment_status":"closed","ping_status":"closed","template":"","meta":{"_acf_changed":false,"_et_pb_use_builder":"on","_et_pb_old_content":"","_et_gb_content_width":"","inline_featured_image":false,"footnotes":""},"class_list":["post-310226","page","type-page","status-publish","hentry"],"acf":[],"yoast_head":"<!-- This site is optimized with the Yoast SEO Premium plugin v26.9 (Yoast SEO v26.9) - https:\/\/yoast.com\/product\/yoast-seo-premium-wordpress\/ -->\n<title>PQRS - Carros Toyota - Yokomotor<\/title>\n<meta name=\"description\" content=\"Env\u00eda peticiones, quejas, reclamos o sugerencias a Yokomotor Toyota de forma r\u00e1pida y sencilla a trav\u00e9s de nuestro formulario PQRS.\" \/>\n<meta name=\"robots\" content=\"index, follow, max-snippet:-1, max-image-preview:large, max-video-preview:-1\" \/>\n<link rel=\"canonical\" href=\"https:\/\/yokomotor.com.co\/toyota\/pqrs\/\" \/>\n<meta property=\"og:locale\" content=\"es_ES\" \/>\n<meta property=\"og:type\" content=\"article\" \/>\n<meta property=\"og:title\" content=\"PQRS\" \/>\n<meta property=\"og:description\" content=\"Env\u00eda peticiones, quejas, reclamos o sugerencias a Yokomotor Toyota de forma r\u00e1pida y sencilla a trav\u00e9s de nuestro formulario PQRS.\" \/>\n<meta property=\"og:site_name\" content=\"Venta de carros | Concesionario Toyota | Yokomotor\" \/>\n<meta property=\"article:modified_time\" content=\"2025-05-15T13:04:23+00:00\" \/>\n<meta name=\"twitter:card\" content=\"summary_large_image\" \/>\n<meta name=\"twitter:label1\" content=\"Tiempo de lectura\" \/>\n\t<meta name=\"twitter:data1\" content=\"1 minuto\" \/>\n<script type=\"application\/ld+json\" class=\"yoast-schema-graph\">{\"@context\":\"https:\/\/schema.org\",\"@graph\":[{\"@type\":\"WebPage\",\"@id\":\"https:\/\/yokomotor.com.co\/toyota\/pqrs\/\",\"url\":\"https:\/\/yokomotor.com.co\/toyota\/pqrs\/\",\"name\":\"PQRS - Carros Toyota - Yokomotor\",\"isPartOf\":{\"@id\":\"https:\/\/yokomotor.com.co\/toyota\/#website\"},\"datePublished\":\"2024-02-09T14:46:28+00:00\",\"dateModified\":\"2025-05-15T13:04:23+00:00\",\"description\":\"Env\u00eda peticiones, quejas, reclamos o sugerencias a Yokomotor Toyota de forma r\u00e1pida y sencilla a trav\u00e9s de nuestro formulario PQRS.\",\"breadcrumb\":{\"@id\":\"https:\/\/yokomotor.com.co\/toyota\/pqrs\/#breadcrumb\"},\"inLanguage\":\"es-CO\",\"potentialAction\":[{\"@type\":\"ReadAction\",\"target\":[\"https:\/\/yokomotor.com.co\/toyota\/pqrs\/\"]}]},{\"@type\":\"BreadcrumbList\",\"@id\":\"https:\/\/yokomotor.com.co\/toyota\/pqrs\/#breadcrumb\",\"itemListElement\":[{\"@type\":\"ListItem\",\"position\":1,\"name\":\"Inicio\",\"item\":\"https:\/\/yokomotor.com.co\/toyota\/\"},{\"@type\":\"ListItem\",\"position\":2,\"name\":\"PQRS\"}]},{\"@type\":\"WebSite\",\"@id\":\"https:\/\/yokomotor.com.co\/toyota\/#website\",\"url\":\"https:\/\/yokomotor.com.co\/toyota\/\",\"name\":\"Venta de carros | Concesionario Toyota | Yokomotor\",\"description\":\"\",\"potentialAction\":[{\"@type\":\"SearchAction\",\"target\":{\"@type\":\"EntryPoint\",\"urlTemplate\":\"https:\/\/yokomotor.com.co\/toyota\/?s={search_term_string}\"},\"query-input\":{\"@type\":\"PropertyValueSpecification\",\"valueRequired\":true,\"valueName\":\"search_term_string\"}}],\"inLanguage\":\"es-CO\"}]}<\/script>\n<!-- \/ Yoast SEO Premium plugin. -->","yoast_head_json":{"title":"PQRS - Carros Toyota - Yokomotor","description":"Env\u00eda peticiones, quejas, reclamos o sugerencias a Yokomotor Toyota de forma r\u00e1pida y sencilla a trav\u00e9s de nuestro formulario PQRS.","robots":{"index":"index","follow":"follow","max-snippet":"max-snippet:-1","max-image-preview":"max-image-preview:large","max-video-preview":"max-video-preview:-1"},"canonical":"https:\/\/yokomotor.com.co\/toyota\/pqrs\/","og_locale":"es_ES","og_type":"article","og_title":"PQRS","og_description":"Env\u00eda peticiones, quejas, reclamos o sugerencias a Yokomotor Toyota de forma r\u00e1pida y sencilla a trav\u00e9s de nuestro formulario PQRS.","og_site_name":"Venta de carros | Concesionario Toyota | Yokomotor","article_modified_time":"2025-05-15T13:04:23+00:00","twitter_card":"summary_large_image","twitter_misc":{"Tiempo de lectura":"1 minuto"},"schema":{"@context":"https:\/\/schema.org","@graph":[{"@type":"WebPage","@id":"https:\/\/yokomotor.com.co\/toyota\/pqrs\/","url":"https:\/\/yokomotor.com.co\/toyota\/pqrs\/","name":"PQRS - Carros Toyota - Yokomotor","isPartOf":{"@id":"https:\/\/yokomotor.com.co\/toyota\/#website"},"datePublished":"2024-02-09T14:46:28+00:00","dateModified":"2025-05-15T13:04:23+00:00","description":"Env\u00eda peticiones, quejas, reclamos o sugerencias a Yokomotor Toyota de forma r\u00e1pida y sencilla a trav\u00e9s de nuestro formulario PQRS.","breadcrumb":{"@id":"https:\/\/yokomotor.com.co\/toyota\/pqrs\/#breadcrumb"},"inLanguage":"es-CO","potentialAction":[{"@type":"ReadAction","target":["https:\/\/yokomotor.com.co\/toyota\/pqrs\/"]}]},{"@type":"BreadcrumbList","@id":"https:\/\/yokomotor.com.co\/toyota\/pqrs\/#breadcrumb","itemListElement":[{"@type":"ListItem","position":1,"name":"Inicio","item":"https:\/\/yokomotor.com.co\/toyota\/"},{"@type":"ListItem","position":2,"name":"PQRS"}]},{"@type":"WebSite","@id":"https:\/\/yokomotor.com.co\/toyota\/#website","url":"https:\/\/yokomotor.com.co\/toyota\/","name":"Venta de carros | Concesionario Toyota | Yokomotor","description":"","potentialAction":[{"@type":"SearchAction","target":{"@type":"EntryPoint","urlTemplate":"https:\/\/yokomotor.com.co\/toyota\/?s={search_term_string}"},"query-input":{"@type":"PropertyValueSpecification","valueRequired":true,"valueName":"search_term_string"}}],"inLanguage":"es-CO"}]}},"_links":{"self":[{"href":"https:\/\/yokomotor.com.co\/toyota\/wp-json\/wp\/v2\/pages\/310226","targetHints":{"allow":["GET"]}}],"collection":[{"href":"https:\/\/yokomotor.com.co\/toyota\/wp-json\/wp\/v2\/pages"}],"about":[{"href":"https:\/\/yokomotor.com.co\/toyota\/wp-json\/wp\/v2\/types\/page"}],"author":[{"embeddable":true,"href":"https:\/\/yokomotor.com.co\/toyota\/wp-json\/wp\/v2\/users\/1"}],"replies":[{"embeddable":true,"href":"https:\/\/yokomotor.com.co\/toyota\/wp-json\/wp\/v2\/comments?post=310226"}],"version-history":[{"count":10,"href":"https:\/\/yokomotor.com.co\/toyota\/wp-json\/wp\/v2\/pages\/310226\/revisions"}],"predecessor-version":[{"id":316700,"href":"https:\/\/yokomotor.com.co\/toyota\/wp-json\/wp\/v2\/pages\/310226\/revisions\/316700"}],"wp:attachment":[{"href":"https:\/\/yokomotor.com.co\/toyota\/wp-json\/wp\/v2\/media?parent=310226"}],"curies":[{"name":"wp","href":"https:\/\/api.w.org\/{rel}","templated":true}]}}