{"id":310328,"date":"2024-02-13T16:22:52","date_gmt":"2024-02-13T21:22:52","guid":{"rendered":"https:\/\/yoko.naikka.com\/toyota\/?page_id=310328"},"modified":"2025-02-13T11:26:43","modified_gmt":"2025-02-13T16:26:43","slug":"historia-yokomotor","status":"publish","type":"page","link":"https:\/\/yokomotor.com.co\/toyota\/historia-yokomotor\/","title":{"rendered":"Historia Yokomotor"},"content":{"rendered":"<p>[et_pb_section fb_built=&#8221;1&#8243; fullwidth=&#8221;on&#8221; _builder_version=&#8221;4.24.0&#8243; _module_preset=&#8221;default&#8221; locked=&#8221;off&#8221; global_colors_info=&#8221;{}&#8221;][et_pb_fullwidth_image src=&#8221;https:\/\/yokomotor.com.co\/toyota\/wp-content\/uploads\/sites\/2\/2024\/04\/yokomotor-toyota-banner-historia-desktop.webp&#8221; alt=&#8221;historia toyota&#8221; title_text=&#8221;yokomotor-toyota-banner-historia-mobile&#8221; src_tablet=&#8221;https:\/\/yokomotor.com.co\/toyota\/wp-content\/uploads\/sites\/2\/2024\/04\/yokomotor-toyota-banner-historia-desktop.webp&#8221; src_phone=&#8221;https:\/\/yokomotor.com.co\/toyota\/wp-content\/uploads\/sites\/2\/2024\/04\/yokomotor-toyota-banner-historia-mobile.webp&#8221; src_last_edited=&#8221;on|phone&#8221; _builder_version=&#8221;4.24.0&#8243; _module_preset=&#8221;default&#8221; global_colors_info=&#8221;{}&#8221;][\/et_pb_fullwidth_image][\/et_pb_section][et_pb_section fb_built=&#8221;1&#8243; module_id=&#8221;info&#8221; _builder_version=&#8221;4.24.0&#8243; _module_preset=&#8221;default&#8221; global_colors_info=&#8221;{}&#8221;][et_pb_row _builder_version=&#8221;4.24.0&#8243; _module_preset=&#8221;default&#8221; custom_padding=&#8221;0px||0px||false|false&#8221; locked=&#8221;off&#8221; collapsed=&#8221;off&#8221; global_colors_info=&#8221;{}&#8221;][et_pb_column type=&#8221;4_4&#8243; _builder_version=&#8221;4.21.0&#8243; _module_preset=&#8221;default&#8221; global_colors_info=&#8221;{}&#8221;][et_pb_code admin_label=&#8221;Nav XT Breadcrumb&#8221; module_class=&#8221;yoastBreadcrumbs&#8221; _builder_version=&#8221;4.27.4&#8243; _module_preset=&#8221;default&#8221; text_orientation=&#8221;center&#8221; custom_margin=&#8221;||0px||false|false&#8221; locked=&#8221;off&#8221; global_colors_info=&#8221;{}&#8221;]<div class=\"breadcrumbs\" typeof=\"BreadcrumbList\" vocab=\"https:\/\/schema.org\/\">\n    <span property=\"itemListElement\" typeof=\"ListItem\"><a property=\"item\" typeof=\"WebPage\" title=\"Ir a Venta de carros | Concesionario Toyota | Yokomotor.\" href=\"https:\/\/yokomotor.com.co\/toyota\" class=\"home\" aria-current=\"page\"><span property=\"name\">Toyota<\/span><\/a><meta property=\"position\" content=\"1\"><\/span><\/div>\n[\/et_pb_code][et_pb_text _builder_version=&#8221;4.24.0&#8243; _module_preset=&#8221;default&#8221; text_font=&#8221;||||||||&#8221; text_text_color=&#8221;#000000&#8243; text_font_size=&#8221;3vw&#8221; text_line_height=&#8221;1em&#8221; header_text_color=&#8221;#000000&#8243; header_font_size=&#8221;3vw&#8221; header_line_height=&#8221;1.01em&#8221; header_2_text_color=&#8221;#000000&#8243; header_2_font_size=&#8221;3vw&#8221; header_2_line_height=&#8221;1.01em&#8221; text_orientation=&#8221;center&#8221; custom_margin=&#8221;||10px||false|false&#8221; header_font_size_tablet=&#8221;3vw&#8221; header_font_size_phone=&#8221;26px&#8221; header_font_size_last_edited=&#8221;on|phone&#8221; header_2_font_size_tablet=&#8221;3vw&#8221; header_2_font_size_phone=&#8221;26px&#8221; header_2_font_size_last_edited=&#8221;on|phone&#8221; global_colors_info=&#8221;{}&#8221;]<\/p>\n<h1>Historia Yokomotor<\/h1>\n<p>[\/et_pb_text][dipl_separator separator_color=&#8221;#EB0A1E&#8221; _builder_version=&#8221;4.24.0&#8243; _module_preset=&#8221;default&#8221; width=&#8221;80px&#8221; module_alignment=&#8221;center&#8221; locked=&#8221;off&#8221; global_colors_info=&#8221;{}&#8221;][\/dipl_separator][\/et_pb_column][\/et_pb_row][et_pb_row _builder_version=&#8221;4.24.0&#8243; _module_preset=&#8221;default&#8221; width=&#8221;85%&#8221; custom_margin=&#8221;||30px||false|false&#8221; custom_padding=&#8221;10px||||false|false&#8221; border_width_bottom=&#8221;1px&#8221; border_color_bottom=&#8221;#d6d6d6&#8243; global_colors_info=&#8221;{}&#8221;][et_pb_column type=&#8221;4_4&#8243; _builder_version=&#8221;4.24.0&#8243; _module_preset=&#8221;default&#8221; global_colors_info=&#8221;{}&#8221;][et_pb_text _builder_version=&#8221;4.24.0&#8243; _module_preset=&#8221;default&#8221; text_text_color=&#8221;#000000&#8243; text_font_size=&#8221;18px&#8221; global_colors_info=&#8221;{}&#8221;]<\/p>\n<p>\u201cYokomotor tiene sus inicios en 1965 con la firma Aust\u00edn y Landrover, desarrollando actividades de mantenimiento mec\u00e1nico, latoner\u00eda y pintura ,hasta el a\u00f1o 1976, momento en que la firma se nombra concesionario Renault, en consecuencia, se termina la operaci\u00f3n con Landrover.<\/p>\n<p>Hacia 1988, debido a las condiciones del mercado de veh\u00edculos, se solicita la concesi\u00f3n de veh\u00edculos Toyota a Sofasa-Toyota, la cual fue otorgada, y como resultado, la firma es nombrada Yokomotor, ofreciendo servicios de venta de veh\u00edculos Toyota y posventa.<\/p>\n<p>La compa\u00f1\u00eda busca la mejora continua en todos los procesos, para ofrecer experiencias memorables a nuestros clientes, con el objetivo de superar sus expectativas y necesidades, trabajando cada d\u00eda con pasi\u00f3n, innovaci\u00f3n con valor, personal competente y comprometido.<\/p>\n<p>Para Yokomotor los clientes son lo m\u00e1s importante, por esta raz\u00f3n se trabaja fuertemente en los momentos de verdad, creando experiencias memorables dentro de las instalaciones de los concesionarios como espacios especiales que se construyen a la medida para estar en la mente de nuestros clientes.<\/p>\n<p>Actualmente, Yokomotor S.A cuenta con m\u00faltiples certificaciones por Toyota Corporation, Casa Matriz<br \/>ubicada en Jap\u00f3n, garantizando un est\u00e1ndar del 100% en todas las actividades de posventa ofreciendo total satisfacci\u00f3n y cumplimiento de las expectativas de nuestros clientes, especialmente en el \u00e1rea de mec\u00e1nica y medio ambiente\u201d<\/p>\n<p>[\/et_pb_text][\/et_pb_column][\/et_pb_row][et_pb_row column_structure=&#8221;1_2,1_2&#8243; _builder_version=&#8221;4.24.0&#8243; _module_preset=&#8221;default&#8221; width=&#8221;85%&#8221; custom_margin=&#8221;||30px||false|false&#8221; custom_padding=&#8221;10px||||false|false&#8221; border_width_bottom=&#8221;1px&#8221; border_color_bottom=&#8221;#d6d6d6&#8243; global_colors_info=&#8221;{}&#8221;][et_pb_column type=&#8221;1_2&#8243; _builder_version=&#8221;4.24.0&#8243; _module_preset=&#8221;default&#8221; global_colors_info=&#8221;{}&#8221;][et_pb_image src=&#8221;https:\/\/yokomotor.com.co\/toyota\/wp-content\/uploads\/sites\/2\/2024\/02\/toyoya-alta-calidad.webp&#8221; alt=&#8221;toyota calidad&#8221; title_text=&#8221;toyoya-alta-calidad&#8221; _builder_version=&#8221;4.24.0&#8243; _module_preset=&#8221;default&#8221; max_width=&#8221;300px&#8221; module_alignment=&#8221;center&#8221; global_colors_info=&#8221;{}&#8221;][\/et_pb_image][\/et_pb_column][et_pb_column type=&#8221;1_2&#8243; _builder_version=&#8221;4.24.0&#8243; _module_preset=&#8221;default&#8221; global_colors_info=&#8221;{}&#8221;][et_pb_text _builder_version=&#8221;4.24.0&#8243; _module_preset=&#8221;default&#8221; text_text_color=&#8221;#000000&#8243; text_font_size=&#8221;18px&#8221; global_colors_info=&#8221;{}&#8221;]<\/p>\n<p><span>La palabra\u00a0<\/span><strong>\u201cToyota\u201d<\/strong><span>\u00a0se origin\u00f3 a partir del apellido del fundador, Kiichiro Toyoda. En sus inicios, los veh\u00edculos producidos por la empresa eran vendidos originalmente con el emblema \u201cToyoda\u201d. El logo ten\u00eda los colores de la bandera japonesa rojo y blanco y la katakana de Toyota.<\/span><\/p>\n<p>[\/et_pb_text][\/et_pb_column][\/et_pb_row][et_pb_row _builder_version=&#8221;4.24.0&#8243; _module_preset=&#8221;default&#8221; global_colors_info=&#8221;{}&#8221;][et_pb_column type=&#8221;4_4&#8243; _builder_version=&#8221;4.24.0&#8243; _module_preset=&#8221;default&#8221; global_colors_info=&#8221;{}&#8221;][et_pb_text _builder_version=&#8221;4.24.0&#8243; _module_preset=&#8221;default&#8221; header_text_align=&#8221;center&#8221; header_2_text_align=&#8221;center&#8221; header_2_text_color=&#8221;#000000&#8243; global_colors_info=&#8221;{}&#8221;]<\/p>\n<h2>Toyota en Colombia<\/h2>\n<p>[\/et_pb_text][et_pb_accordion open_toggle_text_color=&#8221;#000000&#8243; closed_toggle_background_color=&#8221;#2E2925&#8243; icon_color=&#8221;#FFFFFF&#8221; _builder_version=&#8221;4.24.0&#8243; _module_preset=&#8221;default&#8221; toggle_text_color=&#8221;#FFFFFF&#8221; toggle_level=&#8221;h3&#8243; toggle_font_size=&#8221;20px&#8221; custom_margin=&#8221;||||false|false&#8221; custom_padding=&#8221;||||false|false&#8221; global_colors_info=&#8221;{}&#8221;][et_pb_accordion_item title=&#8221;1959&#8243; open=&#8221;on&#8221; toggle_icon=&#8221;&#xf067;||fa||900&#8243; _builder_version=&#8221;4.24.0&#8243; _module_preset=&#8221;default&#8221; global_colors_info=&#8221;{}&#8221;]<\/p>\n<p><span>Llegan a Colombia los primeros veh\u00edculos Toyota entregados por el distribuidor Domingo D\u2019Ambrosio. Aqu\u00ed se da comienzo a una historia llena de \u00e9xitos con el primer veh\u00edculo vendido: un Land Cruiser de doble diferencial con tracci\u00f3n en las cuatro ruedas por un valor de $20.695.<\/span><\/p>\n<p>[\/et_pb_accordion_item][et_pb_accordion_item title=&#8221;1967&#8243; toggle_icon=&#8221;&#xf067;||fa||900&#8243; _builder_version=&#8221;4.24.0&#8243; _module_preset=&#8221;default&#8221; global_colors_info=&#8221;{}&#8221; open=&#8221;off&#8221;]<\/p>\n<p><span>En 1967 con la importaci\u00f3n de los primeros camperos TOYOTA Land Cruiser, se constituy\u00f3 Distribuidora Toyota de Colombia Ltda., como concesionario de Toyota Motor Corporation.<\/span><\/p>\n<p>[\/et_pb_accordion_item][et_pb_accordion_item title=&#8221;1992&#8243; toggle_icon=&#8221;&#xf067;||fa||900&#8243; _builder_version=&#8221;4.24.0&#8243; _module_preset=&#8221;default&#8221; global_colors_info=&#8221;{}&#8221; open=&#8221;off&#8221;]<\/p>\n<p><span>Se conocen los primeros veh\u00edculos Toyota ensamblados en territorio colombiano, los legendarios camperos Land Cruiser, y un a\u00f1o m\u00e1s tarde las pick ups Hilux.<\/span><\/p>\n<p>[\/et_pb_accordion_item][et_pb_accordion_item title=&#8221;1992&#8243; toggle_icon=&#8221;&#xf067;||fa||900&#8243; _builder_version=&#8221;4.24.0&#8243; _module_preset=&#8221;default&#8221; global_colors_info=&#8221;{}&#8221; open=&#8221;off&#8221;]<\/p>\n<p><span>Despu\u00e9s de la escisi\u00f3n de Sofasa, Toyota Motor Corporation da apertura a Toyota de Colombia S.A.<\/span><\/p>\n<p>[\/et_pb_accordion_item][et_pb_accordion_item title=&#8221;2014&#8243; toggle_icon=&#8221;&#xf067;||fa||900&#8243; _builder_version=&#8221;4.24.0&#8243; _module_preset=&#8221;default&#8221; global_colors_info=&#8221;{}&#8221; open=&#8221;off&#8221;]<\/p>\n<p><span>Como parte de la estrategia de crecimiento de la marca, Distoyota y Toyota Motor Corporation se unen para conformar Automotores Toyota Colombia S.A.S. \u2013 ATC como el distribuidor exclusivo de la marca en el pa\u00eds.<\/span><\/p>\n<p>[\/et_pb_accordion_item][\/et_pb_accordion][\/et_pb_column][\/et_pb_row][\/et_pb_section]<\/p>\n","protected":false},"excerpt":{"rendered":"<p><div class=\"breadcrumbs\" typeof=\"BreadcrumbList\" vocab=\"https:\/\/schema.org\/\">\n    <span property=\"itemListElement\" typeof=\"ListItem\"><a property=\"item\" typeof=\"WebPage\" title=\"Ir a Venta de carros | Concesionario Toyota | Yokomotor.\" href=\"https:\/\/yokomotor.com.co\/toyota\" class=\"home\" aria-current=\"page\"><span property=\"name\">Toyota<\/span><\/a><meta property=\"position\" content=\"1\"><\/span><\/div>\nHistoria Yokomotor<div class=\"et_pb_module dipl_separator dipl_separator_0\">\n\t\t\t\t\n\t\t\t\t\n\t\t\t\t\n\t\t\t\t\n\t\t\t\t\n\t\t\t\t\n\t\t\t\t<div class=\"et_pb_module_inner\">\n\t\t\t\t\t<div class=\"dipl_separator_container align_none\">\n\t\t\t\t\t\t\t\t\t<div class=\"dipl_line dipl_line_before\"><\/div>\n\t\t\t\t\t\t\t\t\t\t\n\t\t\t\t\t\t\t\t\t\t\n\t\t\t\t\t\t\t\t\t\t\n\t\t\t\t\t\t\t\t\t<div class=\"dipl_line dipl_line_after\"><\/div>\n\t\t\t\t\t\t\t\t<\/div>\n\t\t\t\t<\/div>\n\t\t\t<\/div>\u201cYokomotor tiene sus inicios en 1965 con la firma Aust\u00edn y Landrover, desarrollando actividades de mantenimiento mec\u00e1nico, latoner\u00eda y pintura ,hasta el a\u00f1o 1976, momento en que la firma se nombra concesionario Renault, en consecuencia, se termina la operaci\u00f3n con Landrover. Hacia 1988, debido [&hellip;]<\/p>\n","protected":false},"author":1,"featured_media":0,"parent":0,"menu_order":0,"comment_status":"closed","ping_status":"closed","template":"","meta":{"_acf_changed":false,"_et_pb_use_builder":"on","_et_pb_old_content":"","_et_gb_content_width":"","inline_featured_image":false,"footnotes":""},"class_list":["post-310328","page","type-page","status-publish","hentry"],"acf":[],"yoast_head":"<!-- This site is optimized with the Yoast SEO Premium plugin v26.9 (Yoast SEO v26.9) - https:\/\/yoast.com\/product\/yoast-seo-premium-wordpress\/ -->\n<title>Historia Yokomotor - Carros Toyota - Yokomotor<\/title>\n<meta name=\"description\" content=\"Descubre Yokomotor, tu concesionario Toyota de confianza. Ofrecemos modelos, servicios y promociones para todas tus necesidades automotrices.\" \/>\n<meta name=\"robots\" content=\"index, follow, max-snippet:-1, max-image-preview:large, max-video-preview:-1\" \/>\n<link rel=\"canonical\" href=\"https:\/\/yokomotor.com.co\/toyota\/historia-yokomotor\/\" \/>\n<meta property=\"og:locale\" content=\"es_ES\" \/>\n<meta property=\"og:type\" content=\"article\" \/>\n<meta property=\"og:title\" content=\"Historia Yokomotor\" \/>\n<meta property=\"og:description\" content=\"Descubre Yokomotor, tu concesionario Toyota de confianza. Ofrecemos modelos, servicios y promociones para todas tus necesidades automotrices.\" \/>\n<meta property=\"og:site_name\" content=\"Venta de carros | Concesionario Toyota | Yokomotor\" \/>\n<meta property=\"article:modified_time\" content=\"2025-02-13T16:26:43+00:00\" \/>\n<meta name=\"twitter:card\" content=\"summary_large_image\" \/>\n<meta name=\"twitter:label1\" content=\"Tiempo de lectura\" \/>\n\t<meta name=\"twitter:data1\" content=\"3 minutos\" \/>\n<script type=\"application\/ld+json\" class=\"yoast-schema-graph\">{\"@context\":\"https:\/\/schema.org\",\"@graph\":[{\"@type\":\"WebPage\",\"@id\":\"https:\/\/yokomotor.com.co\/toyota\/historia-yokomotor\/\",\"url\":\"https:\/\/yokomotor.com.co\/toyota\/historia-yokomotor\/\",\"name\":\"Historia Yokomotor - Carros Toyota - Yokomotor\",\"isPartOf\":{\"@id\":\"https:\/\/yokomotor.com.co\/toyota\/#website\"},\"datePublished\":\"2024-02-13T21:22:52+00:00\",\"dateModified\":\"2025-02-13T16:26:43+00:00\",\"description\":\"Descubre Yokomotor, tu concesionario Toyota de confianza. Ofrecemos modelos, servicios y promociones para todas tus necesidades automotrices.\",\"breadcrumb\":{\"@id\":\"https:\/\/yokomotor.com.co\/toyota\/historia-yokomotor\/#breadcrumb\"},\"inLanguage\":\"es-CO\",\"potentialAction\":[{\"@type\":\"ReadAction\",\"target\":[\"https:\/\/yokomotor.com.co\/toyota\/historia-yokomotor\/\"]}]},{\"@type\":\"BreadcrumbList\",\"@id\":\"https:\/\/yokomotor.com.co\/toyota\/historia-yokomotor\/#breadcrumb\",\"itemListElement\":[{\"@type\":\"ListItem\",\"position\":1,\"name\":\"Inicio\",\"item\":\"https:\/\/yokomotor.com.co\/toyota\/\"},{\"@type\":\"ListItem\",\"position\":2,\"name\":\"Historia Yokomotor\"}]},{\"@type\":\"WebSite\",\"@id\":\"https:\/\/yokomotor.com.co\/toyota\/#website\",\"url\":\"https:\/\/yokomotor.com.co\/toyota\/\",\"name\":\"Venta de carros | Concesionario Toyota | Yokomotor\",\"description\":\"\",\"potentialAction\":[{\"@type\":\"SearchAction\",\"target\":{\"@type\":\"EntryPoint\",\"urlTemplate\":\"https:\/\/yokomotor.com.co\/toyota\/?s={search_term_string}\"},\"query-input\":{\"@type\":\"PropertyValueSpecification\",\"valueRequired\":true,\"valueName\":\"search_term_string\"}}],\"inLanguage\":\"es-CO\"}]}<\/script>\n<!-- \/ Yoast SEO Premium plugin. -->","yoast_head_json":{"title":"Historia Yokomotor - Carros Toyota - Yokomotor","description":"Descubre Yokomotor, tu concesionario Toyota de confianza. Ofrecemos modelos, servicios y promociones para todas tus necesidades automotrices.","robots":{"index":"index","follow":"follow","max-snippet":"max-snippet:-1","max-image-preview":"max-image-preview:large","max-video-preview":"max-video-preview:-1"},"canonical":"https:\/\/yokomotor.com.co\/toyota\/historia-yokomotor\/","og_locale":"es_ES","og_type":"article","og_title":"Historia Yokomotor","og_description":"Descubre Yokomotor, tu concesionario Toyota de confianza. Ofrecemos modelos, servicios y promociones para todas tus necesidades automotrices.","og_site_name":"Venta de carros | Concesionario Toyota | Yokomotor","article_modified_time":"2025-02-13T16:26:43+00:00","twitter_card":"summary_large_image","twitter_misc":{"Tiempo de lectura":"3 minutos"},"schema":{"@context":"https:\/\/schema.org","@graph":[{"@type":"WebPage","@id":"https:\/\/yokomotor.com.co\/toyota\/historia-yokomotor\/","url":"https:\/\/yokomotor.com.co\/toyota\/historia-yokomotor\/","name":"Historia Yokomotor - Carros Toyota - Yokomotor","isPartOf":{"@id":"https:\/\/yokomotor.com.co\/toyota\/#website"},"datePublished":"2024-02-13T21:22:52+00:00","dateModified":"2025-02-13T16:26:43+00:00","description":"Descubre Yokomotor, tu concesionario Toyota de confianza. Ofrecemos modelos, servicios y promociones para todas tus necesidades automotrices.","breadcrumb":{"@id":"https:\/\/yokomotor.com.co\/toyota\/historia-yokomotor\/#breadcrumb"},"inLanguage":"es-CO","potentialAction":[{"@type":"ReadAction","target":["https:\/\/yokomotor.com.co\/toyota\/historia-yokomotor\/"]}]},{"@type":"BreadcrumbList","@id":"https:\/\/yokomotor.com.co\/toyota\/historia-yokomotor\/#breadcrumb","itemListElement":[{"@type":"ListItem","position":1,"name":"Inicio","item":"https:\/\/yokomotor.com.co\/toyota\/"},{"@type":"ListItem","position":2,"name":"Historia Yokomotor"}]},{"@type":"WebSite","@id":"https:\/\/yokomotor.com.co\/toyota\/#website","url":"https:\/\/yokomotor.com.co\/toyota\/","name":"Venta de carros | Concesionario Toyota | Yokomotor","description":"","potentialAction":[{"@type":"SearchAction","target":{"@type":"EntryPoint","urlTemplate":"https:\/\/yokomotor.com.co\/toyota\/?s={search_term_string}"},"query-input":{"@type":"PropertyValueSpecification","valueRequired":true,"valueName":"search_term_string"}}],"inLanguage":"es-CO"}]}},"_links":{"self":[{"href":"https:\/\/yokomotor.com.co\/toyota\/wp-json\/wp\/v2\/pages\/310328","targetHints":{"allow":["GET"]}}],"collection":[{"href":"https:\/\/yokomotor.com.co\/toyota\/wp-json\/wp\/v2\/pages"}],"about":[{"href":"https:\/\/yokomotor.com.co\/toyota\/wp-json\/wp\/v2\/types\/page"}],"author":[{"embeddable":true,"href":"https:\/\/yokomotor.com.co\/toyota\/wp-json\/wp\/v2\/users\/1"}],"replies":[{"embeddable":true,"href":"https:\/\/yokomotor.com.co\/toyota\/wp-json\/wp\/v2\/comments?post=310328"}],"version-history":[{"count":12,"href":"https:\/\/yokomotor.com.co\/toyota\/wp-json\/wp\/v2\/pages\/310328\/revisions"}],"predecessor-version":[{"id":316683,"href":"https:\/\/yokomotor.com.co\/toyota\/wp-json\/wp\/v2\/pages\/310328\/revisions\/316683"}],"wp:attachment":[{"href":"https:\/\/yokomotor.com.co\/toyota\/wp-json\/wp\/v2\/media?parent=310328"}],"curies":[{"name":"wp","href":"https:\/\/api.w.org\/{rel}","templated":true}]}}