{"id":310338,"date":"2024-02-14T08:54:01","date_gmt":"2024-02-14T13:54:01","guid":{"rendered":"https:\/\/yoko.naikka.com\/toyota\/?page_id=310338"},"modified":"2025-02-13T12:53:13","modified_gmt":"2025-02-13T17:53:13","slug":"responsabilidad-social","status":"publish","type":"page","link":"https:\/\/yokomotor.com.co\/toyota\/responsabilidad-social\/","title":{"rendered":"Responsabilidad Social"},"content":{"rendered":"<p>[et_pb_section fb_built=&#8221;1&#8243; _builder_version=&#8221;4.24.0&#8243; _module_preset=&#8221;default&#8221; use_background_color_gradient=&#8221;on&#8221; background_color_gradient_stops=&#8221;rgba(0,0,0,0.24) 0%|rgba(0,0,0,0.7) 58%&#8221; background_color_gradient_overlays_image=&#8221;on&#8221; background_image=&#8221;https:\/\/yokomotor.com.co\/toyota\/wp-content\/uploads\/sites\/2\/2024\/02\/02-mercados-guajira-yokomotor.webp&#8221; height=&#8221;76vh&#8221; height_tablet=&#8221;60vh&#8221; height_phone=&#8221;78vh&#8221; height_last_edited=&#8221;on|phone&#8221; custom_padding=&#8221;0px||0px||true|false&#8221; locked=&#8221;off&#8221; global_colors_info=&#8221;{}&#8221; collapsed=&#8221;on&#8221;][et_pb_row _builder_version=&#8221;4.24.0&#8243; _module_preset=&#8221;default&#8221; positioning=&#8221;absolute&#8221; position_origin_a=&#8221;bottom_center&#8221; vertical_offset=&#8221;8vh&#8221; vertical_offset_tablet=&#8221;10vh&#8221; vertical_offset_phone=&#8221;10vh&#8221; vertical_offset_last_edited=&#8221;on|desktop&#8221; position_origin_a_tablet=&#8221;bottom_center&#8221; position_origin_a_phone=&#8221;bottom_center&#8221; position_origin_a_last_edited=&#8221;on|phone&#8221; position_origin_f_tablet=&#8221;&#8221; position_origin_f_phone=&#8221;&#8221; position_origin_f_last_edited=&#8221;on|phone&#8221; position_origin_r_tablet=&#8221;&#8221; position_origin_r_phone=&#8221;&#8221; position_origin_r_last_edited=&#8221;on|phone&#8221; width=&#8221;85%&#8221; positioning_tablet=&#8221;absolute&#8221; positioning_phone=&#8221;absolute&#8221; positioning_last_edited=&#8221;on|desktop&#8221; global_colors_info=&#8221;{}&#8221;][et_pb_column type=&#8221;4_4&#8243; _builder_version=&#8221;4.24.0&#8243; _module_preset=&#8221;default&#8221; global_colors_info=&#8221;{}&#8221;][et_pb_code admin_label=&#8221;Nav XT Breadcrumb&#8221; module_class=&#8221;yoastBreadcrumbsW&#8221; _builder_version=&#8221;4.27.4&#8243; _module_preset=&#8221;default&#8221; text_orientation=&#8221;center&#8221; custom_margin=&#8221;||0px||false|false&#8221; hover_enabled=&#8221;0&#8243; locked=&#8221;off&#8221; global_colors_info=&#8221;{}&#8221; sticky_enabled=&#8221;0&#8243;]<div class=\"breadcrumbs\" typeof=\"BreadcrumbList\" vocab=\"https:\/\/schema.org\/\">\n    <span property=\"itemListElement\" typeof=\"ListItem\"><a property=\"item\" typeof=\"WebPage\" title=\"Ir a Venta de carros | Concesionario Toyota | Yokomotor.\" href=\"https:\/\/yokomotor.com.co\/toyota\" class=\"home\" aria-current=\"page\"><span property=\"name\">Toyota<\/span><\/a><meta property=\"position\" content=\"1\"><\/span><\/div>\n[\/et_pb_code][et_pb_text _builder_version=&#8221;4.24.0&#8243; _module_preset=&#8221;default&#8221; header_font=&#8221;Toyota Semi-bold||||||||&#8221; header_text_align=&#8221;center&#8221; header_text_color=&#8221;#FFFFFF&#8221; header_font_size=&#8221;3.7vw&#8221; header_line_height=&#8221;1.1em&#8221; custom_margin=&#8221;||0px||false|false&#8221; header_font_size_tablet=&#8221;32px&#8221; header_font_size_phone=&#8221;28px&#8221; header_font_size_last_edited=&#8221;on|phone&#8221; global_colors_info=&#8221;{}&#8221;]<\/p>\n<h1>Responsabilidad social<\/h1>\n<p>[\/et_pb_text][et_pb_text _builder_version=&#8221;4.24.0&#8243; _module_preset=&#8221;default&#8221; text_text_color=&#8221;#FFFFFF&#8221; text_font_size=&#8221;18px&#8221; text_orientation=&#8221;center&#8221; custom_margin=&#8221;||20px||false|false&#8221; global_colors_info=&#8221;{}&#8221;]<\/p>\n<p class=\"has-text-align-left\">Estamos comprometidos con el desarrollo sostenible y el apoyo a las comunidades<\/p>\n<p>[\/et_pb_text][dsm_button button_one_text=&#8221;Conoce m\u00e1s&#8221; button_one_url=&#8221;#info&#8221; button_two_url=&#8221;#info&#8221; button_alignment=&#8221;center&#8221; _builder_version=&#8221;4.24.0&#8243; _module_preset=&#8221;default&#8221; custom_button_one=&#8221;on&#8221; button_one_text_size=&#8221;16px&#8221; button_one_text_color=&#8221;#FFFFFF&#8221; button_one_bg_color=&#8221;#EB0A1E&#8221; button_one_border_color=&#8221;#EB0A1E&#8221; button_one_border_radius=&#8221;99px&#8221; button_one_font=&#8221;|600|||||||&#8221; custom_button_two=&#8221;on&#8221; button_two_text_size=&#8221;16px&#8221; button_two_text_color=&#8221;#EB0A1E&#8221; button_two_bg_color=&#8221;#FFFFFF&#8221; button_two_border_color=&#8221;#EB0A1E&#8221; button_two_border_radius=&#8221;99px&#8221; button_two_font=&#8221;|600|||||||&#8221; button_one_text_size_tablet=&#8221;16px&#8221; button_one_text_size_phone=&#8221;12px&#8221; button_one_text_size_last_edited=&#8221;on|phone&#8221; button_two_text_size_tablet=&#8221;16px&#8221; button_two_text_size_phone=&#8221;12px&#8221; button_two_text_size_last_edited=&#8221;on|phone&#8221; global_colors_info=&#8221;{}&#8221;][\/dsm_button][\/et_pb_column][\/et_pb_row][\/et_pb_section][et_pb_section fb_built=&#8221;1&#8243; module_id=&#8221;info&#8221; _builder_version=&#8221;4.24.0&#8243; _module_preset=&#8221;default&#8221; global_colors_info=&#8221;{}&#8221;][et_pb_row _builder_version=&#8221;4.24.0&#8243; _module_preset=&#8221;default&#8221; width=&#8221;85%&#8221; custom_margin=&#8221;||30px||false|false&#8221; custom_padding=&#8221;10px||||false|false&#8221; border_width_bottom=&#8221;1px&#8221; border_color_bottom=&#8221;#d6d6d6&#8243; global_colors_info=&#8221;{}&#8221;][et_pb_column type=&#8221;4_4&#8243; _builder_version=&#8221;4.24.0&#8243; _module_preset=&#8221;default&#8221; global_colors_info=&#8221;{}&#8221;][et_pb_text _builder_version=&#8221;4.24.0&#8243; _module_preset=&#8221;default&#8221; header_text_align=&#8221;center&#8221; header_2_text_align=&#8221;center&#8221; header_2_text_color=&#8221;#000000&#8243; global_colors_info=&#8221;{}&#8221;]<\/p>\n<h2>Responsabilidad social Guajira<\/h2>\n<p>[\/et_pb_text][\/et_pb_column][\/et_pb_row][et_pb_row column_structure=&#8221;1_2,1_2&#8243; _builder_version=&#8221;4.24.0&#8243; _module_preset=&#8221;default&#8221; width=&#8221;85%&#8221; custom_margin=&#8221;||30px||false|false&#8221; custom_padding=&#8221;10px||||false|false&#8221; border_width_bottom=&#8221;1px&#8221; border_color_bottom=&#8221;#d6d6d6&#8243; global_colors_info=&#8221;{}&#8221;][et_pb_column type=&#8221;1_2&#8243; _builder_version=&#8221;4.24.0&#8243; _module_preset=&#8221;default&#8221; global_colors_info=&#8221;{}&#8221;][et_pb_text _builder_version=&#8221;4.24.0&#8243; _module_preset=&#8221;default&#8221; text_text_color=&#8221;#000000&#8243; text_font_size=&#8221;18px&#8221; global_colors_info=&#8221;{}&#8221;]Nuestras YokoAventuras Yokomotor siempre son una excelente oportunidad para compartir con las comunidades, conocer nuevas culturas y devolver un poco de las maravillosas experiencias vividas.<\/p>\n<p>Es por eso por lo que desde Yokomotor lideramos la recolecci\u00f3n de \u00fatiles escolares, alimentos, juguetes, ropa, calzado, materiales para construir aulas de clase, junto con todos nuestros clientes para en nuestros recorridos regalar un poco de felicidad y retribuci\u00f3n a todos los nativos de la zona que con gran calidez acogieron nuestra llegada y nos ense\u00f1aros un poco de sus vivencias y valores arraigados.<\/p>\n<p>Fue maravilloso poder disfrutar de los paisajes de la guajira, su caminos y playas acompa\u00f1ados de nuestros 70 clientes que pudieron disfrutar y conocer de las capacidades de sus veh\u00edculos de la mano de expertos mec\u00e1nicos y en producto que pusieron a prueba la resistencia, capacidad de tracci\u00f3n y fuerza en terrenos naturales.<\/p>\n<p>Una experiencia enriquecedora que desde Yokomotor nos permiti\u00f3 acercarnos a nuestro clientes y colaboradores y que despert\u00f3 la adrenalina de todos al pasar por diferentes terrenos, como lodo charcos, arena y trochas por que todos los caminos son buenos cuando vas en una Toyota.<\/p>\n<p>En Yokomotor creemos en el poder del cambio desde las peque\u00f1as acciones es por esto que buscamos alternativas para retribuir a las personas organizaciones y paisajes que buscan hacer de este un mundo mejor.<\/p>\n<p>Revive nuestras iniciativas y labores sociales donde acompa\u00f1ados de nuestros clientes brindamos felicidad y un sincero agradecimiento a las comunidades de la guajira.<br \/>\n[\/et_pb_text][\/et_pb_column][et_pb_column type=&#8221;1_2&#8243; _builder_version=&#8221;4.24.0&#8243; _module_preset=&#8221;default&#8221; global_colors_info=&#8221;{}&#8221;][et_pb_image src=&#8221;https:\/\/yokomotor.com.co\/toyota\/wp-content\/uploads\/sites\/2\/2024\/02\/mercados-guajira-yokomotor.webp&#8221; alt=&#8221;guajira yokomotor&#8221; title_text=&#8221;mercados-guajira-yokomotor&#8221; _builder_version=&#8221;4.24.0&#8243; _module_preset=&#8221;default&#8221; global_colors_info=&#8221;{}&#8221;][\/et_pb_image][\/et_pb_column][\/et_pb_row][\/et_pb_section]<\/p>\n","protected":false},"excerpt":{"rendered":"<p><div class=\"breadcrumbs\" typeof=\"BreadcrumbList\" vocab=\"https:\/\/schema.org\/\">\n    <span property=\"itemListElement\" typeof=\"ListItem\"><a property=\"item\" typeof=\"WebPage\" title=\"Ir a Venta de carros | Concesionario Toyota | Yokomotor.\" href=\"https:\/\/yokomotor.com.co\/toyota\" class=\"home\" aria-current=\"page\"><span property=\"name\">Toyota<\/span><\/a><meta property=\"position\" content=\"1\"><\/span><\/div>\nResponsabilidad social Estamos comprometidos con el desarrollo sostenible y el apoyo a las comunidades <div class=\"et_pb_module dsm_button dsm_button_0 et_pb_bg_layout_light\">\n\t\t\t\t\n\t\t\t\t\n\t\t\t\t\n\t\t\t\t\n\t\t\t\t\n\t\t\t\t\n\t\t\t\t<div class=\"et_pb_module_inner\">\n\t\t\t\t\t<div class=\"et_pb_button_module_wrappers dsm_button_0_wrapper et_pb_button_alignment_center et_pb_module\">\n\t\t\t\t<a class=\"et_pb_button et_pb_button_one et_pb_bg_layout_light dsm-none \"  href=#info data-dsm-lightbox-id=\"dsm_button_one_lightbox dsm_button_0\"><span>Conoce m\u00e1s<\/span><\/a>\n\t\t\t<\/div>\n\t\t\t\t<\/div>\n\t\t\t<\/div>Responsabilidad social Guajira Nuestras YokoAventuras Yokomotor siempre son una excelente [&hellip;]<\/p>\n","protected":false},"author":1,"featured_media":0,"parent":0,"menu_order":0,"comment_status":"closed","ping_status":"closed","template":"","meta":{"_acf_changed":false,"_et_pb_use_builder":"on","_et_pb_old_content":"","_et_gb_content_width":"","inline_featured_image":false,"footnotes":""},"class_list":["post-310338","page","type-page","status-publish","hentry"],"acf":[],"yoast_head":"<!-- This site is optimized with the Yoast SEO Premium plugin v26.9 (Yoast SEO v26.9) - https:\/\/yoast.com\/product\/yoast-seo-premium-wordpress\/ -->\n<title>Responsabilidad Social - Carros Toyota - Yokomotor<\/title>\n<meta name=\"description\" content=\"Impulsamos el desarrollo sostenible y apoyamos a las comunidades. Conoce m\u00e1s y vis\u00edtanos en nuestro concesionario Toyota con sedes en Bogot\u00e1 y Medell\u00edn.\" \/>\n<meta name=\"robots\" content=\"index, follow, max-snippet:-1, max-image-preview:large, max-video-preview:-1\" \/>\n<link rel=\"canonical\" href=\"https:\/\/yokomotor.com.co\/toyota\/responsabilidad-social\/\" \/>\n<meta property=\"og:locale\" content=\"es_ES\" \/>\n<meta property=\"og:type\" content=\"article\" \/>\n<meta property=\"og:title\" content=\"Responsabilidad Social\" \/>\n<meta property=\"og:description\" content=\"Impulsamos el desarrollo sostenible y apoyamos a las comunidades. Conoce m\u00e1s y vis\u00edtanos en nuestro concesionario Toyota con sedes en Bogot\u00e1 y Medell\u00edn.\" \/>\n<meta property=\"og:site_name\" content=\"Venta de carros | Concesionario Toyota | Yokomotor\" \/>\n<meta property=\"article:modified_time\" content=\"2025-02-13T17:53:13+00:00\" \/>\n<meta name=\"twitter:card\" content=\"summary_large_image\" \/>\n<meta name=\"twitter:label1\" content=\"Tiempo de lectura\" \/>\n\t<meta name=\"twitter:data1\" content=\"2 minutos\" \/>\n<script type=\"application\/ld+json\" class=\"yoast-schema-graph\">{\"@context\":\"https:\/\/schema.org\",\"@graph\":[{\"@type\":\"WebPage\",\"@id\":\"https:\/\/yokomotor.com.co\/toyota\/responsabilidad-social\/\",\"url\":\"https:\/\/yokomotor.com.co\/toyota\/responsabilidad-social\/\",\"name\":\"Responsabilidad Social - Carros Toyota - Yokomotor\",\"isPartOf\":{\"@id\":\"https:\/\/yokomotor.com.co\/toyota\/#website\"},\"datePublished\":\"2024-02-14T13:54:01+00:00\",\"dateModified\":\"2025-02-13T17:53:13+00:00\",\"description\":\"Impulsamos el desarrollo sostenible y apoyamos a las comunidades. Conoce m\u00e1s y vis\u00edtanos en nuestro concesionario Toyota con sedes en Bogot\u00e1 y Medell\u00edn.\",\"breadcrumb\":{\"@id\":\"https:\/\/yokomotor.com.co\/toyota\/responsabilidad-social\/#breadcrumb\"},\"inLanguage\":\"es-CO\",\"potentialAction\":[{\"@type\":\"ReadAction\",\"target\":[\"https:\/\/yokomotor.com.co\/toyota\/responsabilidad-social\/\"]}]},{\"@type\":\"BreadcrumbList\",\"@id\":\"https:\/\/yokomotor.com.co\/toyota\/responsabilidad-social\/#breadcrumb\",\"itemListElement\":[{\"@type\":\"ListItem\",\"position\":1,\"name\":\"Inicio\",\"item\":\"https:\/\/yokomotor.com.co\/toyota\/\"},{\"@type\":\"ListItem\",\"position\":2,\"name\":\"Responsabilidad Social\"}]},{\"@type\":\"WebSite\",\"@id\":\"https:\/\/yokomotor.com.co\/toyota\/#website\",\"url\":\"https:\/\/yokomotor.com.co\/toyota\/\",\"name\":\"Venta de carros | Concesionario Toyota | Yokomotor\",\"description\":\"\",\"potentialAction\":[{\"@type\":\"SearchAction\",\"target\":{\"@type\":\"EntryPoint\",\"urlTemplate\":\"https:\/\/yokomotor.com.co\/toyota\/?s={search_term_string}\"},\"query-input\":{\"@type\":\"PropertyValueSpecification\",\"valueRequired\":true,\"valueName\":\"search_term_string\"}}],\"inLanguage\":\"es-CO\"}]}<\/script>\n<!-- \/ Yoast SEO Premium plugin. -->","yoast_head_json":{"title":"Responsabilidad Social - Carros Toyota - Yokomotor","description":"Impulsamos el desarrollo sostenible y apoyamos a las comunidades. Conoce m\u00e1s y vis\u00edtanos en nuestro concesionario Toyota con sedes en Bogot\u00e1 y Medell\u00edn.","robots":{"index":"index","follow":"follow","max-snippet":"max-snippet:-1","max-image-preview":"max-image-preview:large","max-video-preview":"max-video-preview:-1"},"canonical":"https:\/\/yokomotor.com.co\/toyota\/responsabilidad-social\/","og_locale":"es_ES","og_type":"article","og_title":"Responsabilidad Social","og_description":"Impulsamos el desarrollo sostenible y apoyamos a las comunidades. Conoce m\u00e1s y vis\u00edtanos en nuestro concesionario Toyota con sedes en Bogot\u00e1 y Medell\u00edn.","og_site_name":"Venta de carros | Concesionario Toyota | Yokomotor","article_modified_time":"2025-02-13T17:53:13+00:00","twitter_card":"summary_large_image","twitter_misc":{"Tiempo de lectura":"2 minutos"},"schema":{"@context":"https:\/\/schema.org","@graph":[{"@type":"WebPage","@id":"https:\/\/yokomotor.com.co\/toyota\/responsabilidad-social\/","url":"https:\/\/yokomotor.com.co\/toyota\/responsabilidad-social\/","name":"Responsabilidad Social - Carros Toyota - Yokomotor","isPartOf":{"@id":"https:\/\/yokomotor.com.co\/toyota\/#website"},"datePublished":"2024-02-14T13:54:01+00:00","dateModified":"2025-02-13T17:53:13+00:00","description":"Impulsamos el desarrollo sostenible y apoyamos a las comunidades. Conoce m\u00e1s y vis\u00edtanos en nuestro concesionario Toyota con sedes en Bogot\u00e1 y Medell\u00edn.","breadcrumb":{"@id":"https:\/\/yokomotor.com.co\/toyota\/responsabilidad-social\/#breadcrumb"},"inLanguage":"es-CO","potentialAction":[{"@type":"ReadAction","target":["https:\/\/yokomotor.com.co\/toyota\/responsabilidad-social\/"]}]},{"@type":"BreadcrumbList","@id":"https:\/\/yokomotor.com.co\/toyota\/responsabilidad-social\/#breadcrumb","itemListElement":[{"@type":"ListItem","position":1,"name":"Inicio","item":"https:\/\/yokomotor.com.co\/toyota\/"},{"@type":"ListItem","position":2,"name":"Responsabilidad Social"}]},{"@type":"WebSite","@id":"https:\/\/yokomotor.com.co\/toyota\/#website","url":"https:\/\/yokomotor.com.co\/toyota\/","name":"Venta de carros | Concesionario Toyota | Yokomotor","description":"","potentialAction":[{"@type":"SearchAction","target":{"@type":"EntryPoint","urlTemplate":"https:\/\/yokomotor.com.co\/toyota\/?s={search_term_string}"},"query-input":{"@type":"PropertyValueSpecification","valueRequired":true,"valueName":"search_term_string"}}],"inLanguage":"es-CO"}]}},"_links":{"self":[{"href":"https:\/\/yokomotor.com.co\/toyota\/wp-json\/wp\/v2\/pages\/310338","targetHints":{"allow":["GET"]}}],"collection":[{"href":"https:\/\/yokomotor.com.co\/toyota\/wp-json\/wp\/v2\/pages"}],"about":[{"href":"https:\/\/yokomotor.com.co\/toyota\/wp-json\/wp\/v2\/types\/page"}],"author":[{"embeddable":true,"href":"https:\/\/yokomotor.com.co\/toyota\/wp-json\/wp\/v2\/users\/1"}],"replies":[{"embeddable":true,"href":"https:\/\/yokomotor.com.co\/toyota\/wp-json\/wp\/v2\/comments?post=310338"}],"version-history":[{"count":9,"href":"https:\/\/yokomotor.com.co\/toyota\/wp-json\/wp\/v2\/pages\/310338\/revisions"}],"predecessor-version":[{"id":316730,"href":"https:\/\/yokomotor.com.co\/toyota\/wp-json\/wp\/v2\/pages\/310338\/revisions\/316730"}],"wp:attachment":[{"href":"https:\/\/yokomotor.com.co\/toyota\/wp-json\/wp\/v2\/media?parent=310338"}],"curies":[{"name":"wp","href":"https:\/\/api.w.org\/{rel}","templated":true}]}}