{"id":310362,"date":"2024-02-14T09:10:36","date_gmt":"2024-02-14T14:10:36","guid":{"rendered":"https:\/\/yoko.naikka.com\/toyota\/?page_id=310362"},"modified":"2025-02-13T11:20:00","modified_gmt":"2025-02-13T16:20:00","slug":"convocatoria","status":"publish","type":"page","link":"https:\/\/yokomotor.com.co\/toyota\/convocatoria\/","title":{"rendered":"Convocatoria"},"content":{"rendered":"<p>[et_pb_section fb_built=&#8221;1&#8243; module_id=&#8221;form&#8221; _builder_version=&#8221;4.24.0&#8243; _module_preset=&#8221;default&#8221; background_enable_mask_style=&#8221;on&#8221; background_mask_style=&#8221;arch&#8221; background_mask_color=&#8221;#EB0A1E&#8221; background_mask_transform=&#8221;invert|rotate_90_degree|flip_vertical&#8221; background_last_edited=&#8221;on|phone&#8221; background_enable_mask_style_phone=&#8221;off&#8221; global_colors_info=&#8221;{}&#8221;][et_pb_row _builder_version=&#8221;4.24.0&#8243; _module_preset=&#8221;default&#8221; custom_padding=&#8221;0px||0px||false|false&#8221; locked=&#8221;off&#8221; global_colors_info=&#8221;{}&#8221;][et_pb_column type=&#8221;4_4&#8243; _builder_version=&#8221;4.21.0&#8243; _module_preset=&#8221;default&#8221; global_colors_info=&#8221;{}&#8221;][et_pb_code admin_label=&#8221;Nav XT Breadcrumb&#8221; module_class=&#8221;yoastBreadcrumbs&#8221; _builder_version=&#8221;4.27.4&#8243; _module_preset=&#8221;default&#8221; text_orientation=&#8221;center&#8221; custom_margin=&#8221;||0px||false|false&#8221; locked=&#8221;off&#8221; global_colors_info=&#8221;{}&#8221;]<div class=\"breadcrumbs\" typeof=\"BreadcrumbList\" vocab=\"https:\/\/schema.org\/\">\n    <span property=\"itemListElement\" typeof=\"ListItem\"><a property=\"item\" typeof=\"WebPage\" title=\"Ir a Venta de carros | Concesionario Toyota | Yokomotor.\" href=\"https:\/\/yokomotor.com.co\/toyota\" class=\"home\" aria-current=\"page\"><span property=\"name\">Toyota<\/span><\/a><meta property=\"position\" content=\"1\"><\/span><\/div>\n[\/et_pb_code][et_pb_text _builder_version=&#8221;4.24.0&#8243; _module_preset=&#8221;default&#8221; text_font=&#8221;||||||||&#8221; text_text_color=&#8221;#000000&#8243; text_font_size=&#8221;3vw&#8221; text_line_height=&#8221;1em&#8221; header_text_color=&#8221;#000000&#8243; header_font_size=&#8221;3vw&#8221; header_line_height=&#8221;1.01em&#8221; header_2_text_color=&#8221;#000000&#8243; header_2_font_size=&#8221;3vw&#8221; header_2_line_height=&#8221;1.01em&#8221; text_orientation=&#8221;center&#8221; custom_margin=&#8221;||10px||false|false&#8221; header_font_size_tablet=&#8221;3vw&#8221; header_font_size_phone=&#8221;26px&#8221; header_font_size_last_edited=&#8221;on|phone&#8221; header_2_font_size_tablet=&#8221;3vw&#8221; header_2_font_size_phone=&#8221;26px&#8221; header_2_font_size_last_edited=&#8221;on|phone&#8221; global_colors_info=&#8221;{}&#8221;]<\/p>\n<h1>Convocatoria<\/h1>\n<p>[\/et_pb_text][et_pb_text _builder_version=&#8221;4.24.0&#8243; _module_preset=&#8221;default&#8221; text_font=&#8221;|300|||||||&#8221; text_text_color=&#8221;#000000&#8243; text_font_size=&#8221;22px&#8221; text_orientation=&#8221;center&#8221; custom_margin=&#8221;||10px||false|false&#8221; text_font_size_tablet=&#8221;22px&#8221; text_font_size_phone=&#8221;18px&#8221; text_font_size_last_edited=&#8221;on|phone&#8221; global_colors_info=&#8221;{}&#8221;]<\/p>\n<p>Conoce las vacantes disponibles.<\/p>\n<p>[\/et_pb_text][dipl_separator separator_color=&#8221;#EB0A1E&#8221; _builder_version=&#8221;4.24.0&#8243; _module_preset=&#8221;default&#8221; width=&#8221;80px&#8221; module_alignment=&#8221;center&#8221; locked=&#8221;off&#8221; global_colors_info=&#8221;{}&#8221;][\/dipl_separator][\/et_pb_column][\/et_pb_row][et_pb_row _builder_version=&#8221;4.24.0&#8243; _module_preset=&#8221;default&#8221; width=&#8221;85%&#8221; max_width=&#8221;1140px&#8221; global_colors_info=&#8221;{}&#8221;][et_pb_column type=&#8221;4_4&#8243; _builder_version=&#8221;4.24.0&#8243; _module_preset=&#8221;default&#8221; global_colors_info=&#8221;{}&#8221;][et_pb_code _builder_version=&#8221;4.24.0&#8243; _module_preset=&#8221;default&#8221; global_colors_info=&#8221;{}&#8221;]<iframe loading=\"lazy\" height=\"500px\" width=\"100%\" frameborder=\"0\" allowtransparency=\"true\" scrolling=\"auto\" src=\"https:\/\/creator.zohopublic.com\/mauriciomosquera2\/casa-britanica\/report-embed\/Convocatorias_disponibles\/ndEm1up1nj8ATXm9OygHZMSMgWm1ZS4PFQ3gs4Vmb0dFqUQ7ssxbqAtf2EAuORMyf2b7zbRezq2rvRekDCMfxRSSNhMZGgQ5T3mq?Empresa=YOKOMOTOR S.A.&#038;Privada=No\"><\/iframe>[\/et_pb_code][\/et_pb_column][\/et_pb_row][\/et_pb_section]<\/p>\n","protected":false},"excerpt":{"rendered":"<p><div class=\"breadcrumbs\" typeof=\"BreadcrumbList\" vocab=\"https:\/\/schema.org\/\">\n    <span property=\"itemListElement\" typeof=\"ListItem\"><a property=\"item\" typeof=\"WebPage\" title=\"Ir a Venta de carros | Concesionario Toyota | Yokomotor.\" href=\"https:\/\/yokomotor.com.co\/toyota\" class=\"home\" aria-current=\"page\"><span property=\"name\">Toyota<\/span><\/a><meta property=\"position\" content=\"1\"><\/span><\/div>\nConvocatoriaConoce las vacantes disponibles.<div class=\"et_pb_module dipl_separator dipl_separator_0\">\n\t\t\t\t\n\t\t\t\t\n\t\t\t\t\n\t\t\t\t\n\t\t\t\t\n\t\t\t\t\n\t\t\t\t<div class=\"et_pb_module_inner\">\n\t\t\t\t\t<div class=\"dipl_separator_container align_none\">\n\t\t\t\t\t\t\t\t\t<div class=\"dipl_line dipl_line_before\"><\/div>\n\t\t\t\t\t\t\t\t\t\t\n\t\t\t\t\t\t\t\t\t\t\n\t\t\t\t\t\t\t\t\t\t\n\t\t\t\t\t\t\t\t\t<div class=\"dipl_line dipl_line_after\"><\/div>\n\t\t\t\t\t\t\t\t<\/div>\n\t\t\t\t<\/div>\n\t\t\t<\/div><\/p>\n","protected":false},"author":1,"featured_media":0,"parent":0,"menu_order":0,"comment_status":"closed","ping_status":"closed","template":"","meta":{"_acf_changed":false,"_et_pb_use_builder":"on","_et_pb_old_content":"","_et_gb_content_width":"","inline_featured_image":false,"footnotes":""},"class_list":["post-310362","page","type-page","status-publish","hentry"],"acf":[],"yoast_head":"<!-- This site is optimized with the Yoast SEO Premium plugin v26.9 (Yoast SEO v26.9) - https:\/\/yoast.com\/product\/yoast-seo-premium-wordpress\/ -->\n<title>Convocatoria - Carros Toyota - Yokomotor<\/title>\n<meta name=\"description\" content=\"\u00danete a nuestro equipo Yokomotor. Aplica a las convocatorias de nuestro concesionario Toyota con sedes en Bogot\u00e1 y Medell\u00edn.\" \/>\n<meta name=\"robots\" content=\"index, follow, max-snippet:-1, max-image-preview:large, max-video-preview:-1\" \/>\n<link rel=\"canonical\" href=\"https:\/\/yokomotor.com.co\/toyota\/convocatoria\/\" \/>\n<meta property=\"og:locale\" content=\"es_ES\" \/>\n<meta property=\"og:type\" content=\"article\" \/>\n<meta property=\"og:title\" content=\"Convocatoria\" \/>\n<meta property=\"og:description\" content=\"\u00danete a nuestro equipo Yokomotor. Aplica a las convocatorias de nuestro concesionario Toyota con sedes en Bogot\u00e1 y Medell\u00edn.\" \/>\n<meta property=\"og:site_name\" content=\"Venta de carros | Concesionario Toyota | Yokomotor\" \/>\n<meta property=\"article:modified_time\" content=\"2025-02-13T16:20:00+00:00\" \/>\n<meta name=\"twitter:card\" content=\"summary_large_image\" \/>\n<meta name=\"twitter:label1\" content=\"Tiempo de lectura\" \/>\n\t<meta name=\"twitter:data1\" content=\"1 minuto\" \/>\n<script type=\"application\/ld+json\" class=\"yoast-schema-graph\">{\"@context\":\"https:\/\/schema.org\",\"@graph\":[{\"@type\":\"WebPage\",\"@id\":\"https:\/\/yokomotor.com.co\/toyota\/convocatoria\/\",\"url\":\"https:\/\/yokomotor.com.co\/toyota\/convocatoria\/\",\"name\":\"Convocatoria - Carros Toyota - Yokomotor\",\"isPartOf\":{\"@id\":\"https:\/\/yokomotor.com.co\/toyota\/#website\"},\"datePublished\":\"2024-02-14T14:10:36+00:00\",\"dateModified\":\"2025-02-13T16:20:00+00:00\",\"description\":\"\u00danete a nuestro equipo Yokomotor. Aplica a las convocatorias de nuestro concesionario Toyota con sedes en Bogot\u00e1 y Medell\u00edn.\",\"breadcrumb\":{\"@id\":\"https:\/\/yokomotor.com.co\/toyota\/convocatoria\/#breadcrumb\"},\"inLanguage\":\"es-CO\",\"potentialAction\":[{\"@type\":\"ReadAction\",\"target\":[\"https:\/\/yokomotor.com.co\/toyota\/convocatoria\/\"]}]},{\"@type\":\"BreadcrumbList\",\"@id\":\"https:\/\/yokomotor.com.co\/toyota\/convocatoria\/#breadcrumb\",\"itemListElement\":[{\"@type\":\"ListItem\",\"position\":1,\"name\":\"Inicio\",\"item\":\"https:\/\/yokomotor.com.co\/toyota\/\"},{\"@type\":\"ListItem\",\"position\":2,\"name\":\"Convocatoria\"}]},{\"@type\":\"WebSite\",\"@id\":\"https:\/\/yokomotor.com.co\/toyota\/#website\",\"url\":\"https:\/\/yokomotor.com.co\/toyota\/\",\"name\":\"Venta de carros | Concesionario Toyota | Yokomotor\",\"description\":\"\",\"potentialAction\":[{\"@type\":\"SearchAction\",\"target\":{\"@type\":\"EntryPoint\",\"urlTemplate\":\"https:\/\/yokomotor.com.co\/toyota\/?s={search_term_string}\"},\"query-input\":{\"@type\":\"PropertyValueSpecification\",\"valueRequired\":true,\"valueName\":\"search_term_string\"}}],\"inLanguage\":\"es-CO\"}]}<\/script>\n<!-- \/ Yoast SEO Premium plugin. -->","yoast_head_json":{"title":"Convocatoria - Carros Toyota - Yokomotor","description":"\u00danete a nuestro equipo Yokomotor. Aplica a las convocatorias de nuestro concesionario Toyota con sedes en Bogot\u00e1 y Medell\u00edn.","robots":{"index":"index","follow":"follow","max-snippet":"max-snippet:-1","max-image-preview":"max-image-preview:large","max-video-preview":"max-video-preview:-1"},"canonical":"https:\/\/yokomotor.com.co\/toyota\/convocatoria\/","og_locale":"es_ES","og_type":"article","og_title":"Convocatoria","og_description":"\u00danete a nuestro equipo Yokomotor. Aplica a las convocatorias de nuestro concesionario Toyota con sedes en Bogot\u00e1 y Medell\u00edn.","og_site_name":"Venta de carros | Concesionario Toyota | Yokomotor","article_modified_time":"2025-02-13T16:20:00+00:00","twitter_card":"summary_large_image","twitter_misc":{"Tiempo de lectura":"1 minuto"},"schema":{"@context":"https:\/\/schema.org","@graph":[{"@type":"WebPage","@id":"https:\/\/yokomotor.com.co\/toyota\/convocatoria\/","url":"https:\/\/yokomotor.com.co\/toyota\/convocatoria\/","name":"Convocatoria - Carros Toyota - Yokomotor","isPartOf":{"@id":"https:\/\/yokomotor.com.co\/toyota\/#website"},"datePublished":"2024-02-14T14:10:36+00:00","dateModified":"2025-02-13T16:20:00+00:00","description":"\u00danete a nuestro equipo Yokomotor. Aplica a las convocatorias de nuestro concesionario Toyota con sedes en Bogot\u00e1 y Medell\u00edn.","breadcrumb":{"@id":"https:\/\/yokomotor.com.co\/toyota\/convocatoria\/#breadcrumb"},"inLanguage":"es-CO","potentialAction":[{"@type":"ReadAction","target":["https:\/\/yokomotor.com.co\/toyota\/convocatoria\/"]}]},{"@type":"BreadcrumbList","@id":"https:\/\/yokomotor.com.co\/toyota\/convocatoria\/#breadcrumb","itemListElement":[{"@type":"ListItem","position":1,"name":"Inicio","item":"https:\/\/yokomotor.com.co\/toyota\/"},{"@type":"ListItem","position":2,"name":"Convocatoria"}]},{"@type":"WebSite","@id":"https:\/\/yokomotor.com.co\/toyota\/#website","url":"https:\/\/yokomotor.com.co\/toyota\/","name":"Venta de carros | Concesionario Toyota | Yokomotor","description":"","potentialAction":[{"@type":"SearchAction","target":{"@type":"EntryPoint","urlTemplate":"https:\/\/yokomotor.com.co\/toyota\/?s={search_term_string}"},"query-input":{"@type":"PropertyValueSpecification","valueRequired":true,"valueName":"search_term_string"}}],"inLanguage":"es-CO"}]}},"_links":{"self":[{"href":"https:\/\/yokomotor.com.co\/toyota\/wp-json\/wp\/v2\/pages\/310362","targetHints":{"allow":["GET"]}}],"collection":[{"href":"https:\/\/yokomotor.com.co\/toyota\/wp-json\/wp\/v2\/pages"}],"about":[{"href":"https:\/\/yokomotor.com.co\/toyota\/wp-json\/wp\/v2\/types\/page"}],"author":[{"embeddable":true,"href":"https:\/\/yokomotor.com.co\/toyota\/wp-json\/wp\/v2\/users\/1"}],"replies":[{"embeddable":true,"href":"https:\/\/yokomotor.com.co\/toyota\/wp-json\/wp\/v2\/comments?post=310362"}],"version-history":[{"count":6,"href":"https:\/\/yokomotor.com.co\/toyota\/wp-json\/wp\/v2\/pages\/310362\/revisions"}],"predecessor-version":[{"id":316680,"href":"https:\/\/yokomotor.com.co\/toyota\/wp-json\/wp\/v2\/pages\/310362\/revisions\/316680"}],"wp:attachment":[{"href":"https:\/\/yokomotor.com.co\/toyota\/wp-json\/wp\/v2\/media?parent=310362"}],"curies":[{"name":"wp","href":"https:\/\/api.w.org\/{rel}","templated":true}]}}