{"id":311154,"date":"2024-02-14T17:25:57","date_gmt":"2024-02-14T22:25:57","guid":{"rendered":"https:\/\/yoko.naikka.com\/toyota\/?page_id=311154"},"modified":"2026-04-15T15:20:48","modified_gmt":"2026-04-15T20:20:48","slug":"blog","status":"publish","type":"page","link":"https:\/\/yokomotor.com.co\/toyota\/blog\/","title":{"rendered":"Blog"},"content":{"rendered":"<p>[et_pb_section fb_built=&#8221;1&#8243; fullwidth=&#8221;on&#8221; _builder_version=&#8221;4.24.0&#8243; _module_preset=&#8221;default&#8221; locked=&#8221;off&#8221; global_colors_info=&#8221;{}&#8221;][et_pb_fullwidth_image src=&#8221;https:\/\/yokomotor.com.co\/toyota\/wp-content\/uploads\/sites\/2\/2024\/04\/yokomotor-toyota-banner-blog-desktop.webp&#8221; alt=&#8221;toyota novedades&#8221; title_text=&#8221;yokomotor-toyota-banner-blog-mobile&#8221; src_tablet=&#8221;https:\/\/yokomotor.com.co\/toyota\/wp-content\/uploads\/sites\/2\/2024\/04\/yokomotor-toyota-banner-blog-desktop.webp&#8221; src_phone=&#8221;https:\/\/yokomotor.com.co\/toyota\/wp-content\/uploads\/sites\/2\/2024\/04\/yokomotor-toyota-banner-blog-mobile.webp&#8221; src_last_edited=&#8221;on|phone&#8221; _builder_version=&#8221;4.24.0&#8243; _module_preset=&#8221;default&#8221; global_colors_info=&#8221;{}&#8221;][\/et_pb_fullwidth_image][\/et_pb_section][et_pb_section fb_built=&#8221;1&#8243; module_id=&#8221;info&#8221; _builder_version=&#8221;4.24.0&#8243; _module_preset=&#8221;default&#8221; global_colors_info=&#8221;{}&#8221;][et_pb_row _builder_version=&#8221;4.24.0&#8243; _module_preset=&#8221;default&#8221; custom_padding=&#8221;0px||0px||false|false&#8221; locked=&#8221;off&#8221; global_colors_info=&#8221;{}&#8221;][et_pb_column type=&#8221;4_4&#8243; _builder_version=&#8221;4.21.0&#8243; _module_preset=&#8221;default&#8221; global_colors_info=&#8221;{}&#8221;][et_pb_code admin_label=&#8221;Nav XT Breadcrumb&#8221; module_class=&#8221;yoastBreadcrumbs&#8221; _builder_version=&#8221;4.27.4&#8243; _module_preset=&#8221;default&#8221; text_orientation=&#8221;center&#8221; custom_margin=&#8221;||0px||false|false&#8221; locked=&#8221;off&#8221; global_colors_info=&#8221;{}&#8221;]<div class=\"breadcrumbs\" typeof=\"BreadcrumbList\" vocab=\"https:\/\/schema.org\/\">\n    <span property=\"itemListElement\" typeof=\"ListItem\"><a property=\"item\" typeof=\"WebPage\" title=\"Ir a Venta de carros | Concesionario Toyota | Yokomotor.\" href=\"https:\/\/yokomotor.com.co\/toyota\" class=\"home\" aria-current=\"page\"><span property=\"name\">Toyota<\/span><\/a><meta property=\"position\" content=\"1\"><\/span><\/div>\n[\/et_pb_code][et_pb_text _builder_version=&#8221;4.24.0&#8243; _module_preset=&#8221;default&#8221; text_font=&#8221;||||||||&#8221; text_text_color=&#8221;#000000&#8243; text_font_size=&#8221;3vw&#8221; text_line_height=&#8221;1em&#8221; header_text_color=&#8221;#000000&#8243; header_font_size=&#8221;3vw&#8221; header_line_height=&#8221;1.01em&#8221; header_2_text_color=&#8221;#000000&#8243; header_2_font_size=&#8221;3vw&#8221; header_2_line_height=&#8221;1.01em&#8221; text_orientation=&#8221;center&#8221; custom_margin=&#8221;||10px||false|false&#8221; header_font_size_tablet=&#8221;3vw&#8221; header_font_size_phone=&#8221;26px&#8221; header_font_size_last_edited=&#8221;on|phone&#8221; header_2_font_size_tablet=&#8221;3vw&#8221; header_2_font_size_phone=&#8221;26px&#8221; header_2_font_size_last_edited=&#8221;on|phone&#8221; global_colors_info=&#8221;{}&#8221;]<\/p>\n<h1>Blog Yokomotor<\/h1>\n<p>[\/et_pb_text][et_pb_text _builder_version=&#8221;4.24.0&#8243; _module_preset=&#8221;default&#8221; text_font=&#8221;|300|||||||&#8221; text_text_color=&#8221;#000000&#8243; text_font_size=&#8221;18px&#8221; text_orientation=&#8221;center&#8221; custom_margin=&#8221;||10px||false|false&#8221; locked=&#8221;off&#8221; global_colors_info=&#8221;{}&#8221;]Conoce las \u00faltimas noticias del universo Yokomotor.<br \/>\n[\/et_pb_text][dipl_separator separator_color=&#8221;#EB0A1E&#8221; _builder_version=&#8221;4.24.0&#8243; _module_preset=&#8221;default&#8221; width=&#8221;80px&#8221; module_alignment=&#8221;center&#8221; locked=&#8221;off&#8221; global_colors_info=&#8221;{}&#8221;][\/dipl_separator][\/et_pb_column][\/et_pb_row][et_pb_row _builder_version=&#8221;4.24.0&#8243; _module_preset=&#8221;default&#8221; width=&#8221;85%&#8221; max_width=&#8221;85%&#8221; custom_padding=&#8221;0px||0px||true|false&#8221; global_colors_info=&#8221;{}&#8221;][et_pb_column type=&#8221;4_4&#8243; _builder_version=&#8221;4.24.0&#8243; _module_preset=&#8221;default&#8221; global_colors_info=&#8221;{}&#8221;][et_pb_blog_extras posts_number=&#8221;99&#8243; blog_layout=&#8221;block_extended&#8221; use_read_more_button=&#8221;on&#8221; read_more_text=&#8221;Ver m\u00e1s&#8221; show_author=&#8221;off&#8221; category_color=&#8221;#FFFFFF&#8221; category_background_color=&#8221;#EB0A1E&#8221; show_comments=&#8221;off&#8221; _builder_version=&#8221;4.24.0&#8243; _module_preset=&#8221;default&#8221; custom_read_more=&#8221;on&#8221; read_more_text_size=&#8221;16px&#8221; read_more_text_color=&#8221;#FFFFFF&#8221; read_more_bg_color=&#8221;#EB0A1E&#8221; read_more_border_color=&#8221;#EB0A1E&#8221; read_more_border_radius=&#8221;99px&#8221; read_more_font=&#8221;|600|||||||&#8221; hover_enabled=&#8221;0&#8243; global_colors_info=&#8221;{}&#8221; sticky_enabled=&#8221;0&#8243;][\/et_pb_blog_extras][\/et_pb_column][\/et_pb_row][\/et_pb_section]<\/p>\n","protected":false},"excerpt":{"rendered":"<p><div class=\"breadcrumbs\" typeof=\"BreadcrumbList\" vocab=\"https:\/\/schema.org\/\">\n    <span property=\"itemListElement\" typeof=\"ListItem\"><a property=\"item\" typeof=\"WebPage\" title=\"Ir a Venta de carros | Concesionario Toyota | Yokomotor.\" href=\"https:\/\/yokomotor.com.co\/toyota\" class=\"home\" aria-current=\"page\"><span property=\"name\">Toyota<\/span><\/a><meta property=\"position\" content=\"1\"><\/span><\/div>\nBlog Yokomotor Conoce las \u00faltimas noticias del universo Yokomotor. <div class=\"et_pb_module dipl_separator dipl_separator_0\">\n\t\t\t\t\n\t\t\t\t\n\t\t\t\t\n\t\t\t\t\n\t\t\t\t\n\t\t\t\t\n\t\t\t\t<div class=\"et_pb_module_inner\">\n\t\t\t\t\t<div class=\"dipl_separator_container align_none\">\n\t\t\t\t\t\t\t\t\t<div class=\"dipl_line dipl_line_before\"><\/div>\n\t\t\t\t\t\t\t\t\t\t\n\t\t\t\t\t\t\t\t\t\t\n\t\t\t\t\t\t\t\t\t\t\n\t\t\t\t\t\t\t\t\t<div class=\"dipl_line dipl_line_after\"><\/div>\n\t\t\t\t\t\t\t\t<\/div>\n\t\t\t\t<\/div>\n\t\t\t<\/div><\/p>\n","protected":false},"author":1,"featured_media":0,"parent":0,"menu_order":0,"comment_status":"closed","ping_status":"closed","template":"","meta":{"_acf_changed":false,"_et_pb_use_builder":"on","_et_pb_old_content":"","_et_gb_content_width":"","inline_featured_image":false,"footnotes":""},"class_list":["post-311154","page","type-page","status-publish","hentry"],"acf":[],"yoast_head":"<!-- This site is optimized with the Yoast SEO Premium plugin v26.9 (Yoast SEO v26.9) - https:\/\/yoast.com\/product\/yoast-seo-premium-wordpress\/ -->\n<title>Blog -Yokomotor- Carros Toyota<\/title>\n<meta name=\"description\" content=\"Sum\u00e9rgete en el mundo Toyota: noticias, consejos y novedades de la marca l\u00edder en Yokomotor. Descubre todo sobre tu veh\u00edculo ideal\" \/>\n<meta name=\"robots\" content=\"index, follow, max-snippet:-1, max-image-preview:large, max-video-preview:-1\" \/>\n<link rel=\"canonical\" href=\"https:\/\/yokomotor.com.co\/toyota\/blog\/\" \/>\n<meta property=\"og:locale\" content=\"es_ES\" \/>\n<meta property=\"og:type\" content=\"article\" \/>\n<meta property=\"og:title\" content=\"Blog\" \/>\n<meta property=\"og:description\" content=\"Sum\u00e9rgete en el mundo Toyota: noticias, consejos y novedades de la marca l\u00edder en Yokomotor. Descubre todo sobre tu veh\u00edculo ideal\" \/>\n<meta property=\"og:site_name\" content=\"Venta de carros | Concesionario Toyota | Yokomotor\" \/>\n<meta property=\"article:modified_time\" content=\"2026-04-15T20:20:48+00:00\" \/>\n<meta name=\"twitter:card\" content=\"summary_large_image\" \/>\n<meta name=\"twitter:label1\" content=\"Tiempo de lectura\" \/>\n\t<meta name=\"twitter:data1\" content=\"15 minutos\" \/>\n<script type=\"application\/ld+json\" class=\"yoast-schema-graph\">{\"@context\":\"https:\/\/schema.org\",\"@graph\":[{\"@type\":\"WebPage\",\"@id\":\"https:\/\/yokomotor.com.co\/toyota\/blog\/\",\"url\":\"https:\/\/yokomotor.com.co\/toyota\/blog\/\",\"name\":\"Blog -Yokomotor- Carros Toyota\",\"isPartOf\":{\"@id\":\"https:\/\/yokomotor.com.co\/toyota\/#website\"},\"datePublished\":\"2024-02-14T22:25:57+00:00\",\"dateModified\":\"2026-04-15T20:20:48+00:00\",\"description\":\"Sum\u00e9rgete en el mundo Toyota: noticias, consejos y novedades de la marca l\u00edder en Yokomotor. Descubre todo sobre tu veh\u00edculo ideal\",\"breadcrumb\":{\"@id\":\"https:\/\/yokomotor.com.co\/toyota\/blog\/#breadcrumb\"},\"inLanguage\":\"es-CO\",\"potentialAction\":[{\"@type\":\"ReadAction\",\"target\":[\"https:\/\/yokomotor.com.co\/toyota\/blog\/\"]}]},{\"@type\":\"BreadcrumbList\",\"@id\":\"https:\/\/yokomotor.com.co\/toyota\/blog\/#breadcrumb\",\"itemListElement\":[{\"@type\":\"ListItem\",\"position\":1,\"name\":\"Inicio\",\"item\":\"https:\/\/yokomotor.com.co\/toyota\/\"},{\"@type\":\"ListItem\",\"position\":2,\"name\":\"Blog\"}]},{\"@type\":\"WebSite\",\"@id\":\"https:\/\/yokomotor.com.co\/toyota\/#website\",\"url\":\"https:\/\/yokomotor.com.co\/toyota\/\",\"name\":\"Venta de carros | Concesionario Toyota | Yokomotor\",\"description\":\"\",\"potentialAction\":[{\"@type\":\"SearchAction\",\"target\":{\"@type\":\"EntryPoint\",\"urlTemplate\":\"https:\/\/yokomotor.com.co\/toyota\/?s={search_term_string}\"},\"query-input\":{\"@type\":\"PropertyValueSpecification\",\"valueRequired\":true,\"valueName\":\"search_term_string\"}}],\"inLanguage\":\"es-CO\"}]}<\/script>\n<!-- \/ Yoast SEO Premium plugin. -->","yoast_head_json":{"title":"Blog -Yokomotor- Carros Toyota","description":"Sum\u00e9rgete en el mundo Toyota: noticias, consejos y novedades de la marca l\u00edder en Yokomotor. Descubre todo sobre tu veh\u00edculo ideal","robots":{"index":"index","follow":"follow","max-snippet":"max-snippet:-1","max-image-preview":"max-image-preview:large","max-video-preview":"max-video-preview:-1"},"canonical":"https:\/\/yokomotor.com.co\/toyota\/blog\/","og_locale":"es_ES","og_type":"article","og_title":"Blog","og_description":"Sum\u00e9rgete en el mundo Toyota: noticias, consejos y novedades de la marca l\u00edder en Yokomotor. Descubre todo sobre tu veh\u00edculo ideal","og_site_name":"Venta de carros | Concesionario Toyota | Yokomotor","article_modified_time":"2026-04-15T20:20:48+00:00","twitter_card":"summary_large_image","twitter_misc":{"Tiempo de lectura":"15 minutos"},"schema":{"@context":"https:\/\/schema.org","@graph":[{"@type":"WebPage","@id":"https:\/\/yokomotor.com.co\/toyota\/blog\/","url":"https:\/\/yokomotor.com.co\/toyota\/blog\/","name":"Blog -Yokomotor- Carros Toyota","isPartOf":{"@id":"https:\/\/yokomotor.com.co\/toyota\/#website"},"datePublished":"2024-02-14T22:25:57+00:00","dateModified":"2026-04-15T20:20:48+00:00","description":"Sum\u00e9rgete en el mundo Toyota: noticias, consejos y novedades de la marca l\u00edder en Yokomotor. Descubre todo sobre tu veh\u00edculo ideal","breadcrumb":{"@id":"https:\/\/yokomotor.com.co\/toyota\/blog\/#breadcrumb"},"inLanguage":"es-CO","potentialAction":[{"@type":"ReadAction","target":["https:\/\/yokomotor.com.co\/toyota\/blog\/"]}]},{"@type":"BreadcrumbList","@id":"https:\/\/yokomotor.com.co\/toyota\/blog\/#breadcrumb","itemListElement":[{"@type":"ListItem","position":1,"name":"Inicio","item":"https:\/\/yokomotor.com.co\/toyota\/"},{"@type":"ListItem","position":2,"name":"Blog"}]},{"@type":"WebSite","@id":"https:\/\/yokomotor.com.co\/toyota\/#website","url":"https:\/\/yokomotor.com.co\/toyota\/","name":"Venta de carros | Concesionario Toyota | Yokomotor","description":"","potentialAction":[{"@type":"SearchAction","target":{"@type":"EntryPoint","urlTemplate":"https:\/\/yokomotor.com.co\/toyota\/?s={search_term_string}"},"query-input":{"@type":"PropertyValueSpecification","valueRequired":true,"valueName":"search_term_string"}}],"inLanguage":"es-CO"}]}},"_links":{"self":[{"href":"https:\/\/yokomotor.com.co\/toyota\/wp-json\/wp\/v2\/pages\/311154","targetHints":{"allow":["GET"]}}],"collection":[{"href":"https:\/\/yokomotor.com.co\/toyota\/wp-json\/wp\/v2\/pages"}],"about":[{"href":"https:\/\/yokomotor.com.co\/toyota\/wp-json\/wp\/v2\/types\/page"}],"author":[{"embeddable":true,"href":"https:\/\/yokomotor.com.co\/toyota\/wp-json\/wp\/v2\/users\/1"}],"replies":[{"embeddable":true,"href":"https:\/\/yokomotor.com.co\/toyota\/wp-json\/wp\/v2\/comments?post=311154"}],"version-history":[{"count":14,"href":"https:\/\/yokomotor.com.co\/toyota\/wp-json\/wp\/v2\/pages\/311154\/revisions"}],"predecessor-version":[{"id":319503,"href":"https:\/\/yokomotor.com.co\/toyota\/wp-json\/wp\/v2\/pages\/311154\/revisions\/319503"}],"wp:attachment":[{"href":"https:\/\/yokomotor.com.co\/toyota\/wp-json\/wp\/v2\/media?parent=311154"}],"curies":[{"name":"wp","href":"https:\/\/api.w.org\/{rel}","templated":true}]}}