{"id":312423,"date":"2024-03-07T16:11:20","date_gmt":"2024-03-07T21:11:20","guid":{"rendered":"https:\/\/yokomotor.com.co\/toyota\/?page_id=312423"},"modified":"2025-05-26T08:31:54","modified_gmt":"2025-05-26T13:31:54","slug":"politica-de-tratamiento-de-datos","status":"publish","type":"page","link":"https:\/\/yokomotor.com.co\/toyota\/politica-de-tratamiento-de-datos\/","title":{"rendered":"Pol\u00edtica de tratamiento de datos"},"content":{"rendered":"<p>[et_pb_section fb_built=&#8221;1&#8243; module_id=&#8221;info&#8221; _builder_version=&#8221;4.24.0&#8243; _module_preset=&#8221;default&#8221; global_colors_info=&#8221;{}&#8221;][et_pb_row _builder_version=&#8221;4.24.0&#8243; _module_preset=&#8221;default&#8221; width=&#8221;85%&#8221; custom_margin=&#8221;||30px||false|false&#8221; custom_padding=&#8221;10px||||false|false&#8221; border_width_bottom=&#8221;1px&#8221; border_color_bottom=&#8221;#d6d6d6&#8243; global_colors_info=&#8221;{}&#8221;][et_pb_column type=&#8221;4_4&#8243; _builder_version=&#8221;4.24.0&#8243; _module_preset=&#8221;default&#8221; global_colors_info=&#8221;{}&#8221;][et_pb_code admin_label=&#8221;Nav XT Breadcrumb&#8221; module_class=&#8221;yoastBreadcrumbs&#8221; _builder_version=&#8221;4.27.4&#8243; _module_preset=&#8221;default&#8221; text_orientation=&#8221;center&#8221; custom_margin=&#8221;||0px||false|false&#8221; locked=&#8221;off&#8221; global_colors_info=&#8221;{}&#8221;]<div class=\"breadcrumbs\" typeof=\"BreadcrumbList\" vocab=\"https:\/\/schema.org\/\">\n    <span property=\"itemListElement\" typeof=\"ListItem\"><a property=\"item\" typeof=\"WebPage\" title=\"Ir a Venta de carros | Concesionario Toyota | Yokomotor.\" href=\"https:\/\/yokomotor.com.co\/toyota\" class=\"home\" aria-current=\"page\"><span property=\"name\">Toyota<\/span><\/a><meta property=\"position\" content=\"1\"><\/span><\/div>\n[\/et_pb_code][et_pb_text _builder_version=&#8221;4.24.0&#8243; _module_preset=&#8221;default&#8221; custom_margin=&#8221;||0px||false|false&#8221; global_colors_info=&#8221;{}&#8221;]<\/p>\n<h1>Pol\u00edtica de tratamiento de datos<\/h1>\n<p>[\/et_pb_text][dipl_separator separator_color=&#8221;#EB0A1E&#8221; _builder_version=&#8221;4.24.0&#8243; _module_preset=&#8221;default&#8221; max_width=&#8221;80px&#8221; global_colors_info=&#8221;{}&#8221;][\/dipl_separator][et_pb_text _builder_version=&#8221;4.27.4&#8243; _module_preset=&#8221;default&#8221; text_text_color=&#8221;#000000&#8243; text_font_size=&#8221;18px&#8221; hover_enabled=&#8221;0&#8243; global_colors_info=&#8221;{}&#8221; sticky_enabled=&#8221;0&#8243;]<\/p>\n<p><strong>Introducci\u00f3n<\/strong> <\/p>\n<p>La Constituci\u00f3n Pol\u00edtica de Colombia establece en su art\u00edculo 20 el derecho fundamental de acceso a la informaci\u00f3n. A su vez consagra, en su art\u00edculo 15, derechos y garant\u00edas a quienes ostentan la titularidad de dicha informaci\u00f3n, tales como, la protecci\u00f3n a la intimidad personal y familiar, al buen nombre y a conocer, actualizar y rectificar la informaci\u00f3n que sobre ellas se haya recolectado, almacenado, o haya sido objeto de uso, circulaci\u00f3n o supresi\u00f3n de las bases de datos y archivos de entidades p\u00fablicas y privadas. En virtud del referido art\u00edculo fue expedida la Ley Estatutaria 1581 del 17 de octubre de 2012, la cual estableci\u00f3 los principios y disposiciones aplicables al tratamiento de datos personales que se encuentren registrados en cualquier base de datos sea de car\u00e1cter p\u00fablico o privado. La presente Pol\u00edtica de Tratamiento de Datos Personales es adoptada con la finalidad de dar aplicaci\u00f3n a la ley que antecede y dem\u00e1s normas que la modifiquen, o complementen.<\/p>\n<p><strong>Responsable o Encargado del Tratamiento de Datos<\/strong> <\/p>\n<p>En virtud de los datos personales suministrados, se informa a todos los interesados, que la sociedad Yokomotor S.A (en adelante Yokomotor) domiciliada en la Cl 10 # 50 \u2013 398 en el municipio de Medell\u00edn \u2013 Antioquia, con n\u00famero de tel\u00e9fono (604) 3229656 y correo electr\u00f3nico: <a href=\"mailto:notificacionesclientes@yokomotor.com.co\">notificacionesclientes@yokomotor.com.co<\/a>, ostentar\u00e1 la calidad de responsable o encargado del tratamiento de la informaci\u00f3n personal incorporada en las bases de datos.<\/p>\n<p><strong>Objetivo<\/strong> <\/p>\n<p>Establecer las directrices para el tratamiento de datos personales, con miras a garantizar los derechos de los titulares a conocer, actualizar, rectificar y suprimir la informaci\u00f3n recolectada. <\/p>\n<p>Asimismo, definir las responsabilidades por parte de Yokomotor, para el tratamiento de los datos personales e incumplimiento de la normatividad vigente.<\/p>\n<p><strong>Alcance<\/strong> <\/p>\n<p>La presente pol\u00edtica es de obligatorio y estricto cumplimiento por parte de Yokomotor, sus colaboradores, trabajadores, contratistas, y, en general, cualquier tercero que sostenga un v\u00ednculo laboral, contractual, legal o de cualquier \u00edndole con \u00e9ste y que, debido a ello, tenga acceso a informaci\u00f3n de la compa\u00f1\u00eda, quienes deben observar y respetar la pol\u00edtica en cumplimiento de sus funciones si aplica. Todos los colaboradores, seg\u00fan les corresponda, deben dar tr\u00e1mite expedito y legal a las diferentes solicitudes y reclamaciones hechas por los titulares de la informaci\u00f3n, as\u00ed como por sus causahabientes u otra persona que cuente con la debida autorizaci\u00f3n.<\/p>\n<p><strong>Definiciones<\/strong> <\/p>\n<p>Para efectos y desarrollo de la pol\u00edtica, se relacionan las siguientes definiciones se\u00f1aladas en la Ley 1581 de 2012, y las normas que lo modifiquen o complementen:<\/p>\n<p><strong>a)<\/strong> Aviso de privacidad: Comunicaci\u00f3n verbal o escrita generada por el Responsable, dirigida al titular para el tratamiento de sus datos personales, mediante la cual se le informa acerca de la existencia de las pol\u00edticas de tratamiento de informaci\u00f3n que le ser\u00e1n aplicables, la forma de acceder a las mismas y las finalidades del Tratamiento que se pretende dar a los datos personales. <br \/><strong>b)<\/strong> Autorizaci\u00f3n: Consentimiento previo, expreso e informado del titular para llevar a cabo el tratamiento de datos personales. <br \/><strong>c)<\/strong> Base de datos: Conjunto organizado de datos personales que sea objeto de tratamiento. <br \/><strong>d)<\/strong> Dato personal: Cualquier informaci\u00f3n vinculada o que pueda asociarse a una o varias personas naturales determinadas o determinables. <br \/><strong>e)<\/strong> Dato p\u00fablico: Es el dato que no sea semiprivado, privado o sensible. Son considerados datos p\u00fablicos entre otros, los datos relativos al estado civil de las personas, a su profesi\u00f3n u oficio y a su calidad de comerciante o de servidor p\u00fablico. Por su naturaleza, los datos p\u00fablicos pueden estar contenidos, entre otros, en registros p\u00fablicos, documentos p\u00fablicos, gacetas y boletines oficiales y sentencias judiciales debidamente ejecutoriadas que no est\u00e9n sometidas a reserva. <br \/><strong>f)<\/strong> Dato privado: El dato que por su naturaleza \u00edntima o reservada solo es relevante para el titular. <br \/><strong>g)<\/strong> Dato semiprivado: El dato que no tiene naturaleza \u00edntima, reservada, ni p\u00fablica, y cuyo conocimiento de divulgaci\u00f3n puede interesar no s\u00f3lo al titular sino a cierto sector o grupo de personas. <br \/><strong>h)<\/strong> Dato biom\u00e9trico: Todos aquellos datos relativos a las caracter\u00edsticas f\u00edsicas, fisiol\u00f3gicas o comportamentales de una persona que faciliten su identificaci\u00f3n. <br \/><strong>i)<\/strong> Datos sensibles: Aquellos que afectan la intimidad del titular o cuyo uso indebido puede generar su discriminaci\u00f3n. Se entienden como datos sensibles, entre otros: aquellos que revelen el origen racial o \u00e9tnico, la orientaci\u00f3n pol\u00edtica, las convicciones religiosas o filos\u00f3ficas, la pertenencia a sindicatos, los datos relativos a la salud, a la vida sexual y los datos biom\u00e9tricos. <br \/><strong>j)<\/strong> Encargado del tratamiento: Persona natural o jur\u00eddica, p\u00fablica o privada, que por s\u00ed misma o en asocio con otros, realice el tratamiento de datos personales por cuenta del Responsable del tratamiento. YOKOMOTOR S.A <a href=\"mailto:notificacionesclientes@yokomotor.com.co\">notificacionesclientes@yokomotor.com.co<\/a> <br \/>C\u00f3digo: PO-GE-NAS-009 Versi\u00f3n: 03 Pol\u00edtica de Tratamiento de Datos Personales Fecha: 28\/05\/2024 <br \/><strong>k)<\/strong> Responsable del tratamiento: Persona natural o jur\u00eddica, p\u00fablica o privada, que por s\u00ed misma o en asocio con otros, decida sobre la base de datos y\/o el tratamiento de los datos. <br \/><strong>l)<\/strong> Titular: Persona natural cuyos datos personales sean objeto de tratamiento. <br \/><strong>m)<\/strong> Transferencia: La transferencia de datos tiene lugar cuando el Responsable y\/o Encargado del tratamiento de datos personales, ubicado en Colombia, env\u00eda la informaci\u00f3n o los datos personales a un receptor, que a su vez es Responsable el tratamiento y se encuentra dentro o fuera del pa\u00eds. <br \/><strong>n)<\/strong> Transmisi\u00f3n: tratamiento de datos personales que implica la comunicaci\u00f3n de los mismos dentro o fuera del territorio de la Rep\u00fablica de Colombia cuando tenga por objeto la realizaci\u00f3n de un tratamiento por el Encargado por cuenta del responsable. <br \/><strong>o)<\/strong> Tratamiento: Cualquier operaci\u00f3n o conjunto de operaciones sobre datos <br \/>personales, tales como la recolecci\u00f3n, almacenamiento, uso, circulaci\u00f3n o supresi\u00f3n.<\/p>\n<p><strong>Principios<\/strong> <\/p>\n<p>Los principios que se establecen a continuaci\u00f3n, se aplicar\u00e1n de manera arm\u00f3nica e integral en los procesos de tratamiento de datos personales y ser\u00e1n respetados por Yokomotor: <\/p>\n<p><strong>a)<\/strong> Principio de acceso y circulaci\u00f3n restringida: El tratamiento se sujeta a los l\u00edmites que se derivan de la naturaleza de los datos personales, de las disposiciones de la ley 1581 de 2012 y la Constituci\u00f3n Pol\u00edtica. En este sentido, se entiende que el tratamiento de los datos personales lo realizaran las personas que sean autorizadas por Yokomotor. <br \/>Los datos personales, a excepci\u00f3n de la informaci\u00f3n p\u00fablica, no estar\u00e1n disponibles en Internet u otros medios de divulgaci\u00f3n o comunicaci\u00f3n masiva, salvo que el acceso sea t\u00e9cnicamente controlable para brindar un conocimiento restringido s\u00f3lo a los titulares o terceros autorizados. <br \/><strong>b)<\/strong> Principio de confidencialidad: Todas las personas que intervengan en el tratamiento de datos personales que no tengan la naturaleza de p\u00fablicos est\u00e1n obligadas a garantizar la reserva de la informaci\u00f3n, inclusive despu\u00e9s de finalizada su relaci\u00f3n con alguna de las labores que comprende el tratamiento. <br \/><strong>c)<\/strong> Principio de finalidad: El tratamiento de los datos personales recogidos por Yokomotor, obedecer\u00e1 a una finalidad leg\u00edtima de acuerdo con la Constituci\u00f3n y la Ley, la cual ser\u00e1 informada al titular. <br \/><strong>d)<\/strong> Principio de legalidad: Durante todas las etapas y actividades de Tratamiento de datos por parte de Yokomotor o quien este designe como ENCARGADO del tratamiento, se dar\u00e1 aplicaci\u00f3n, adem\u00e1s de lo establecido en la presente pol\u00edtica, a lo dispuesto en la Ley 1581 de 2012 y 1266 de 2008, los decretos reglamentarios 1377 de 2013 y 1727 de 2009, compilados en el Decreto \u00danico 1074 de 2015, y las que se lleguen a desarrollar o modificar. YOKOMOTOR S.A <a href=\"mailto:notificacionesclientes@yokomotor.com.co\">notificacionesclientes@yokomotor.com.co<\/a> C\u00f3digo: PO-GE-NAS-009 Versi\u00f3n: 03 Pol\u00edtica de Tratamiento de Datos Personales Fecha: 28\/05\/2024 <br \/><strong>e)<\/strong> Principio de libertad: Las actividades de tratamiento se llevar\u00e1n a cabo con el consentimiento, previo, expreso e informado del titular. Los datos personales no ser\u00e1n obtenidos o divulgados sin previa autorizaci\u00f3n, o en ausencia de mandato legal o judicial que releve el consentimiento; <br \/><strong>f)<\/strong> Principio de transparencia: En sus actividades de tratamiento Yokomotor garantiza el derecho del titular a obtener informaci\u00f3n acerca de la existencia de datos que le conciernan; <br \/><strong>g)<\/strong> Principio de seguridad: La informaci\u00f3n sujeta a tratamiento por parte de Yokomotor, o el encargado cuando este sea diferente a la empresa, ser\u00e1 resguardada mediante el uso de las medidas t\u00e9cnicas, humanas y administrativas que sean necesarias para otorgar seguridad a los registros evitando su adulteraci\u00f3n, perdida, consulta, uso o acceso no autorizado o fraudulento; <br \/><strong>h)<\/strong> Principio de veracidad o calidad: Yokomotor ejecutar\u00e1 sus actividades de tratamiento sobre informaci\u00f3n veraz, completa, exacta, actualizada, comprobable y comprensible. Por lo tanto, se abstendr\u00e1 de realizar actividades de tratamiento de datos parciales, incompletos, fraccionados o que induzcan a error. <br \/><strong>i)<\/strong> rincipio de favorecimiento a una actividad de inter\u00e9s p\u00fablico: La actividad de administraci\u00f3n de informaci\u00f3n financiera, crediticia, comercial, de servicios y la proveniente de terceros pa\u00edses est\u00e1 directamente relacionada y favorece una actividad de inter\u00e9s p\u00fablico, como lo es la actividad financiera propiamente, por cuanto ayuda a la democratizaci\u00f3n del cr\u00e9dito, promueve el desarrollo de la actividad de cr\u00e9dito, la protecci\u00f3n de la confianza p\u00fablica en el sistema financiero y la estabilidad del mismo, y genera otros beneficios para la econom\u00eda nacional y en especial para la actividad financiera, crediticia, comercial y de servicios del pa\u00eds.<\/p>\n<p><strong>Autorizaci\u00f3n otorgada por el titular<\/strong> <\/p>\n<p>Por regla general, las actividades de tratamiento de informaci\u00f3n reglamentadas por la presente Pol\u00edtica ser\u00e1n ejecutadas sobre datos personales cuyos titulares hayan emitido su autorizaci\u00f3n de manera previa, expresa e informada, la cual deber\u00e1 ser obtenida por cualquier medio que pueda ser objeto de consulta posterior mediante el formato de \u201cvinculaci\u00f3n y\/o actualizaci\u00f3n\u201d o documento similar, de forma oral, o mediante conductas inequ\u00edvocas del titular que permitan concluir de forma razonable que otorg\u00f3 la autorizaci\u00f3n. Sin perjuicio de lo anterior, Yokomotor se reserva el derecho a ejecutar actividades de tratamiento, sobre informaci\u00f3n cuya autorizaci\u00f3n no sea requerida en virtud de las disposiciones legales que reglamentan la materia, caso en el cual contin\u00faan vigentes los deberes de la empresa frente a los titulares de la informaci\u00f3n, establecidos en la presente pol\u00edtica.<\/p>\n<p>[\/et_pb_text][et_pb_button button_url=&#8221;https:\/\/yokomotor.com.co\/docs\/politica-tratamiento-de-datos-personales.pdf&#8221; url_new_window=&#8221;on&#8221; button_text=&#8221;Descarga el pdf&#8221; button_alignment=&#8221;center&#8221; _builder_version=&#8221;4.27.4&#8243; _module_preset=&#8221;default&#8221; custom_button=&#8221;on&#8221; button_text_size=&#8221;16px&#8221; button_text_color=&#8221;#000000&#8243; button_border_width=&#8221;0px&#8221; button_font=&#8221;|600|||||||&#8221; button_icon=&#8221;&#xe092;||divi||400&#8243; button_icon_color=&#8221;#EB0A1E&#8221; button_on_hover=&#8221;off&#8221; hover_enabled=&#8221;0&#8243; global_colors_info=&#8221;{}&#8221; sticky_enabled=&#8221;0&#8243;][\/et_pb_button][\/et_pb_column][\/et_pb_row][\/et_pb_section]<\/p>\n","protected":false},"excerpt":{"rendered":"<p><div class=\"breadcrumbs\" typeof=\"BreadcrumbList\" vocab=\"https:\/\/schema.org\/\">\n    <span property=\"itemListElement\" typeof=\"ListItem\"><a property=\"item\" typeof=\"WebPage\" title=\"Ir a Venta de carros | Concesionario Toyota | Yokomotor.\" href=\"https:\/\/yokomotor.com.co\/toyota\" class=\"home\" aria-current=\"page\"><span property=\"name\">Toyota<\/span><\/a><meta property=\"position\" content=\"1\"><\/span><\/div>\nPol\u00edtica de tratamiento de datos<div class=\"et_pb_module dipl_separator dipl_separator_0\">\n\t\t\t\t\n\t\t\t\t\n\t\t\t\t\n\t\t\t\t\n\t\t\t\t\n\t\t\t\t\n\t\t\t\t<div class=\"et_pb_module_inner\">\n\t\t\t\t\t<div class=\"dipl_separator_container align_none\">\n\t\t\t\t\t\t\t\t\t<div class=\"dipl_line dipl_line_before\"><\/div>\n\t\t\t\t\t\t\t\t\t\t\n\t\t\t\t\t\t\t\t\t\t\n\t\t\t\t\t\t\t\t\t\t\n\t\t\t\t\t\t\t\t\t<div class=\"dipl_line dipl_line_after\"><\/div>\n\t\t\t\t\t\t\t\t<\/div>\n\t\t\t\t<\/div>\n\t\t\t<\/div>Introducci\u00f3n La Constituci\u00f3n Pol\u00edtica de Colombia establece en su art\u00edculo 20 el derecho fundamental de acceso a la informaci\u00f3n. A su vez consagra, en su art\u00edculo 15, derechos y garant\u00edas a quienes ostentan la titularidad de dicha informaci\u00f3n, tales como, la protecci\u00f3n a [&hellip;]<\/p>\n","protected":false},"author":1,"featured_media":0,"parent":0,"menu_order":0,"comment_status":"closed","ping_status":"closed","template":"","meta":{"_acf_changed":false,"_et_pb_use_builder":"on","_et_pb_old_content":"","_et_gb_content_width":"","inline_featured_image":false,"footnotes":""},"class_list":["post-312423","page","type-page","status-publish","hentry"],"acf":[],"yoast_head":"<!-- This site is optimized with the Yoast SEO Premium plugin v26.9 (Yoast SEO v26.9) - https:\/\/yoast.com\/product\/yoast-seo-premium-wordpress\/ -->\n<title>Pol\u00edtica de tratamiento de datos - Carros Toyota - Yokomotor<\/title>\n<meta name=\"description\" content=\"Consulta la pol\u00edtica de tratamiento de datos de Toyota en Yokomotor . Conoce c\u00f3mo gestionamos la informaci\u00f3n personal.\" \/>\n<meta name=\"robots\" content=\"index, follow, max-snippet:-1, max-image-preview:large, max-video-preview:-1\" \/>\n<link rel=\"canonical\" href=\"https:\/\/yokomotor.com.co\/toyota\/politica-de-tratamiento-de-datos\/\" \/>\n<meta property=\"og:locale\" content=\"es_ES\" \/>\n<meta property=\"og:type\" content=\"article\" \/>\n<meta property=\"og:title\" content=\"Pol\u00edtica de tratamiento de datos\" \/>\n<meta property=\"og:description\" content=\"Consulta la pol\u00edtica de tratamiento de datos de Toyota en Yokomotor . Conoce c\u00f3mo gestionamos la informaci\u00f3n personal.\" \/>\n<meta property=\"og:site_name\" content=\"Venta de carros | Concesionario Toyota | Yokomotor\" \/>\n<meta property=\"article:modified_time\" content=\"2025-05-26T13:31:54+00:00\" \/>\n<meta name=\"twitter:card\" content=\"summary_large_image\" \/>\n<meta name=\"twitter:label1\" content=\"Tiempo de lectura\" \/>\n\t<meta name=\"twitter:data1\" content=\"34 minutos\" \/>\n<script type=\"application\/ld+json\" class=\"yoast-schema-graph\">{\"@context\":\"https:\/\/schema.org\",\"@graph\":[{\"@type\":\"WebPage\",\"@id\":\"https:\/\/yokomotor.com.co\/toyota\/politica-de-tratamiento-de-datos\/\",\"url\":\"https:\/\/yokomotor.com.co\/toyota\/politica-de-tratamiento-de-datos\/\",\"name\":\"Pol\u00edtica de tratamiento de datos - Carros Toyota - Yokomotor\",\"isPartOf\":{\"@id\":\"https:\/\/yokomotor.com.co\/toyota\/#website\"},\"datePublished\":\"2024-03-07T21:11:20+00:00\",\"dateModified\":\"2025-05-26T13:31:54+00:00\",\"description\":\"Consulta la pol\u00edtica de tratamiento de datos de Toyota en Yokomotor . Conoce c\u00f3mo gestionamos la informaci\u00f3n personal.\",\"breadcrumb\":{\"@id\":\"https:\/\/yokomotor.com.co\/toyota\/politica-de-tratamiento-de-datos\/#breadcrumb\"},\"inLanguage\":\"es-CO\",\"potentialAction\":[{\"@type\":\"ReadAction\",\"target\":[\"https:\/\/yokomotor.com.co\/toyota\/politica-de-tratamiento-de-datos\/\"]}]},{\"@type\":\"BreadcrumbList\",\"@id\":\"https:\/\/yokomotor.com.co\/toyota\/politica-de-tratamiento-de-datos\/#breadcrumb\",\"itemListElement\":[{\"@type\":\"ListItem\",\"position\":1,\"name\":\"Inicio\",\"item\":\"https:\/\/yokomotor.com.co\/toyota\/\"},{\"@type\":\"ListItem\",\"position\":2,\"name\":\"Pol\u00edtica de tratamiento de datos\"}]},{\"@type\":\"WebSite\",\"@id\":\"https:\/\/yokomotor.com.co\/toyota\/#website\",\"url\":\"https:\/\/yokomotor.com.co\/toyota\/\",\"name\":\"Venta de carros | Concesionario Toyota | Yokomotor\",\"description\":\"\",\"potentialAction\":[{\"@type\":\"SearchAction\",\"target\":{\"@type\":\"EntryPoint\",\"urlTemplate\":\"https:\/\/yokomotor.com.co\/toyota\/?s={search_term_string}\"},\"query-input\":{\"@type\":\"PropertyValueSpecification\",\"valueRequired\":true,\"valueName\":\"search_term_string\"}}],\"inLanguage\":\"es-CO\"}]}<\/script>\n<!-- \/ Yoast SEO Premium plugin. -->","yoast_head_json":{"title":"Pol\u00edtica de tratamiento de datos - Carros Toyota - Yokomotor","description":"Consulta la pol\u00edtica de tratamiento de datos de Toyota en Yokomotor . Conoce c\u00f3mo gestionamos la informaci\u00f3n personal.","robots":{"index":"index","follow":"follow","max-snippet":"max-snippet:-1","max-image-preview":"max-image-preview:large","max-video-preview":"max-video-preview:-1"},"canonical":"https:\/\/yokomotor.com.co\/toyota\/politica-de-tratamiento-de-datos\/","og_locale":"es_ES","og_type":"article","og_title":"Pol\u00edtica de tratamiento de datos","og_description":"Consulta la pol\u00edtica de tratamiento de datos de Toyota en Yokomotor . Conoce c\u00f3mo gestionamos la informaci\u00f3n personal.","og_site_name":"Venta de carros | Concesionario Toyota | Yokomotor","article_modified_time":"2025-05-26T13:31:54+00:00","twitter_card":"summary_large_image","twitter_misc":{"Tiempo de lectura":"34 minutos"},"schema":{"@context":"https:\/\/schema.org","@graph":[{"@type":"WebPage","@id":"https:\/\/yokomotor.com.co\/toyota\/politica-de-tratamiento-de-datos\/","url":"https:\/\/yokomotor.com.co\/toyota\/politica-de-tratamiento-de-datos\/","name":"Pol\u00edtica de tratamiento de datos - Carros Toyota - Yokomotor","isPartOf":{"@id":"https:\/\/yokomotor.com.co\/toyota\/#website"},"datePublished":"2024-03-07T21:11:20+00:00","dateModified":"2025-05-26T13:31:54+00:00","description":"Consulta la pol\u00edtica de tratamiento de datos de Toyota en Yokomotor . Conoce c\u00f3mo gestionamos la informaci\u00f3n personal.","breadcrumb":{"@id":"https:\/\/yokomotor.com.co\/toyota\/politica-de-tratamiento-de-datos\/#breadcrumb"},"inLanguage":"es-CO","potentialAction":[{"@type":"ReadAction","target":["https:\/\/yokomotor.com.co\/toyota\/politica-de-tratamiento-de-datos\/"]}]},{"@type":"BreadcrumbList","@id":"https:\/\/yokomotor.com.co\/toyota\/politica-de-tratamiento-de-datos\/#breadcrumb","itemListElement":[{"@type":"ListItem","position":1,"name":"Inicio","item":"https:\/\/yokomotor.com.co\/toyota\/"},{"@type":"ListItem","position":2,"name":"Pol\u00edtica de tratamiento de datos"}]},{"@type":"WebSite","@id":"https:\/\/yokomotor.com.co\/toyota\/#website","url":"https:\/\/yokomotor.com.co\/toyota\/","name":"Venta de carros | Concesionario Toyota | Yokomotor","description":"","potentialAction":[{"@type":"SearchAction","target":{"@type":"EntryPoint","urlTemplate":"https:\/\/yokomotor.com.co\/toyota\/?s={search_term_string}"},"query-input":{"@type":"PropertyValueSpecification","valueRequired":true,"valueName":"search_term_string"}}],"inLanguage":"es-CO"}]}},"_links":{"self":[{"href":"https:\/\/yokomotor.com.co\/toyota\/wp-json\/wp\/v2\/pages\/312423","targetHints":{"allow":["GET"]}}],"collection":[{"href":"https:\/\/yokomotor.com.co\/toyota\/wp-json\/wp\/v2\/pages"}],"about":[{"href":"https:\/\/yokomotor.com.co\/toyota\/wp-json\/wp\/v2\/types\/page"}],"author":[{"embeddable":true,"href":"https:\/\/yokomotor.com.co\/toyota\/wp-json\/wp\/v2\/users\/1"}],"replies":[{"embeddable":true,"href":"https:\/\/yokomotor.com.co\/toyota\/wp-json\/wp\/v2\/comments?post=312423"}],"version-history":[{"count":6,"href":"https:\/\/yokomotor.com.co\/toyota\/wp-json\/wp\/v2\/pages\/312423\/revisions"}],"predecessor-version":[{"id":317647,"href":"https:\/\/yokomotor.com.co\/toyota\/wp-json\/wp\/v2\/pages\/312423\/revisions\/317647"}],"wp:attachment":[{"href":"https:\/\/yokomotor.com.co\/toyota\/wp-json\/wp\/v2\/media?parent=312423"}],"curies":[{"name":"wp","href":"https:\/\/api.w.org\/{rel}","templated":true}]}}