{"id":314774,"date":"2024-06-19T17:02:54","date_gmt":"2024-06-19T22:02:54","guid":{"rendered":"https:\/\/yokomotor.com.co\/toyota\/?page_id=314774"},"modified":"2026-03-18T19:10:41","modified_gmt":"2026-03-19T00:10:41","slug":"alquila-tu-toyota","status":"publish","type":"page","link":"https:\/\/yokomotor.com.co\/toyota\/alquila-tu-toyota\/","title":{"rendered":"Alquila tu Toyota"},"content":{"rendered":"<p>[et_pb_section fb_built=&#8221;1&#8243; fullwidth=&#8221;on&#8221; disabled_on=&#8221;on|on|on&#8221; _builder_version=&#8221;4.24.0&#8243; _module_preset=&#8221;default&#8221; disabled=&#8221;on&#8221; locked=&#8221;off&#8221; global_colors_info=&#8221;{}&#8221;][et_pb_fullwidth_image src=&#8221;https:\/\/yokomotor.com.co\/toyota\/wp-content\/uploads\/sites\/2\/2024\/06\/Yokomotor-alquila-tu-toyota-kinto.webp&#8221; alt=&#8221;alquila tu toyota&#8221; title_text=&#8221;Yokomotor-alquila-tu-toyota-kinto&#8221; src_tablet=&#8221;https:\/\/yokomotor.com.co\/toyota\/wp-content\/uploads\/sites\/2\/2024\/05\/yokomotor-banner-servicios-taller-desktop-v2.webp&#8221; src_phone=&#8221;https:\/\/yokomotor.com.co\/toyota\/wp-content\/uploads\/sites\/2\/2024\/05\/yokomotor-banner-servicios-taller-mobile-v2.webp&#8221; src_last_edited=&#8221;off|desktop&#8221; _builder_version=&#8221;4.27.4&#8243; _module_preset=&#8221;default&#8221; global_colors_info=&#8221;{}&#8221;][\/et_pb_fullwidth_image][\/et_pb_section][et_pb_section fb_built=&#8221;1&#8243; module_id=&#8221;info&#8221; _builder_version=&#8221;4.27.4&#8243; _module_preset=&#8221;default&#8221; custom_margin=&#8221;0px||0px||false|false&#8221; custom_padding=&#8221;0px||0px||false|false&#8221; locked=&#8221;off&#8221; global_colors_info=&#8221;{}&#8221;][et_pb_row _builder_version=&#8221;4.27.4&#8243; _module_preset=&#8221;default&#8221; width=&#8221;100%&#8221; max_width=&#8221;2500px&#8221; custom_margin=&#8221;0px|0px|0px|0px|false|false&#8221; custom_padding=&#8221;0px|0px|0px|0px|false|false&#8221; global_colors_info=&#8221;{}&#8221;][et_pb_column type=&#8221;4_4&#8243; _builder_version=&#8221;4.27.4&#8243; _module_preset=&#8221;default&#8221; global_colors_info=&#8221;{}&#8221;][dsm_image_carousel gallery_ids=&#8221;317679,317678,317680&#8243; slide_to_show=&#8221;1&#8243; speed=&#8221;400&#8243; autoplay_speed=&#8221;5000&#8243; use_arrow_custom_position=&#8221;on&#8221; arrow_prev=&#8221;on&#8221; arrow_prev_font_icon=&#8221;&#xf053;||fa||900&#8243; arrow_next=&#8221;on&#8221; arrow_next_font_icon=&#8221;&#xf054;||fa||900&#8243; arrow_color=&#8221;#FFFFFF&#8221; arrow_background_color=&#8221;#FFFFFF&#8221; dots_horizontal_placement=&#8221;10px&#8221; dots_active_color=&#8221;#FFFFFF&#8221; _builder_version=&#8221;4.27.4&#8243; _module_preset=&#8221;default&#8221; border_color_all_arrow=&#8221;#FFFFFF&#8221; global_colors_info=&#8221;{}&#8221;][\/dsm_image_carousel][\/et_pb_column][\/et_pb_row][\/et_pb_section][et_pb_section fb_built=&#8221;1&#8243; module_id=&#8221;info&#8221; _builder_version=&#8221;4.24.0&#8243; _module_preset=&#8221;default&#8221; custom_padding=&#8221;35px||25px||false|false&#8221; global_colors_info=&#8221;{}&#8221;][et_pb_row _builder_version=&#8221;4.24.0&#8243; _module_preset=&#8221;default&#8221; custom_padding=&#8221;0px||0px||false|false&#8221; locked=&#8221;off&#8221; global_colors_info=&#8221;{}&#8221;][et_pb_column type=&#8221;4_4&#8243; _builder_version=&#8221;4.21.0&#8243; _module_preset=&#8221;default&#8221; global_colors_info=&#8221;{}&#8221;][et_pb_code admin_label=&#8221;Nav XT Breadcrumb&#8221; module_class=&#8221;yoastBreadcrumbs&#8221; _builder_version=&#8221;4.27.4&#8243; _module_preset=&#8221;default&#8221; text_orientation=&#8221;center&#8221; custom_margin=&#8221;||0px||false|false&#8221; locked=&#8221;off&#8221; global_colors_info=&#8221;{}&#8221;]<div class=\"breadcrumbs\" typeof=\"BreadcrumbList\" vocab=\"https:\/\/schema.org\/\">\n    <span property=\"itemListElement\" typeof=\"ListItem\"><a property=\"item\" typeof=\"WebPage\" title=\"Ir a Venta de carros | Concesionario Toyota | Yokomotor.\" href=\"https:\/\/yokomotor.com.co\/toyota\" class=\"home\" aria-current=\"page\"><span property=\"name\">Toyota<\/span><\/a><meta property=\"position\" content=\"1\"><\/span><\/div>\n[\/et_pb_code][et_pb_text _builder_version=&#8221;4.27.4&#8243; _module_preset=&#8221;default&#8221; text_font=&#8221;||||||||&#8221; text_text_color=&#8221;#000000&#8243; text_font_size=&#8221;3vw&#8221; text_line_height=&#8221;1em&#8221; header_text_color=&#8221;#000000&#8243; header_font_size=&#8221;3vw&#8221; header_line_height=&#8221;1.01em&#8221; header_2_text_color=&#8221;#000000&#8243; header_2_font_size=&#8221;3vw&#8221; header_2_line_height=&#8221;1.01em&#8221; text_orientation=&#8221;center&#8221; custom_margin=&#8221;||10px||false|false&#8221; header_font_size_tablet=&#8221;3vw&#8221; header_font_size_phone=&#8221;26px&#8221; header_font_size_last_edited=&#8221;on|phone&#8221; header_2_font_size_tablet=&#8221;3vw&#8221; header_2_font_size_phone=&#8221;26px&#8221; header_2_font_size_last_edited=&#8221;on|phone&#8221; global_colors_info=&#8221;{}&#8221;]<\/p>\n<h1>\u00bfQu\u00e9 es KINTO?<\/h1>\n<p>[\/et_pb_text][et_pb_text _builder_version=&#8221;4.27.4&#8243; _module_preset=&#8221;default&#8221; text_font=&#8221;|300|||||||&#8221; text_text_color=&#8221;#000000&#8243; text_font_size=&#8221;18px&#8221; link_font=&#8221;||||on||||&#8221; link_text_color=&#8221;#EB0A1E&#8221; text_orientation=&#8221;center&#8221; custom_margin=&#8221;||10px||false|false&#8221; locked=&#8221;off&#8221; global_colors_info=&#8221;{}&#8221;]<\/p>\n<div>Con Kinto Share, modalidad de alquiler de corto plazo, encontrar\u00e1s un Toyota para cada versi\u00f3n de ti: Para la playa, para la ciudad; para mudarte o pasear.<\/div>\n<div>*Comunidad cerrada para clientes Toyota que tienen veh\u00edculos en el taller,\u00a0 separado en sala de ventas y\/o en consignaci\u00f3n en el \u00e1rea de usados de los concesionarios de la red autorizada de Toyota.<\/div>\n<div>Para m\u00e1s informaci\u00f3n vis\u00edtanos en el concesionario Toyota autorizado.<\/div>\n<p>[\/et_pb_text][dipl_separator separator_color=&#8221;#EB0A1E&#8221; _builder_version=&#8221;4.24.0&#8243; _module_preset=&#8221;default&#8221; width=&#8221;80px&#8221; module_alignment=&#8221;center&#8221; locked=&#8221;off&#8221; global_colors_info=&#8221;{}&#8221;][\/dipl_separator][\/et_pb_column][\/et_pb_row][\/et_pb_section][et_pb_section fb_built=&#8221;1&#8243; module_id=&#8221;form&#8221; _builder_version=&#8221;4.24.0&#8243; _module_preset=&#8221;default&#8221; background_enable_mask_style=&#8221;on&#8221; background_mask_style=&#8221;arch&#8221; background_mask_color=&#8221;#EB0A1E&#8221; background_mask_transform=&#8221;invert|rotate_90_degree|flip_vertical&#8221; custom_padding=&#8221;0px||||false|false&#8221; background_last_edited=&#8221;on|phone&#8221; background_enable_mask_style_phone=&#8221;off&#8221; global_colors_info=&#8221;{}&#8221;][et_pb_row _builder_version=&#8221;4.24.0&#8243; _module_preset=&#8221;default&#8221; custom_padding=&#8221;||0px||false|false&#8221; locked=&#8221;off&#8221; global_colors_info=&#8221;{}&#8221;][et_pb_column type=&#8221;4_4&#8243; _builder_version=&#8221;4.21.0&#8243; _module_preset=&#8221;default&#8221; global_colors_info=&#8221;{}&#8221;][et_pb_text _builder_version=&#8221;4.24.0&#8243; _module_preset=&#8221;default&#8221; text_font=&#8221;|600|||||||&#8221; text_text_color=&#8221;#000000&#8243; text_font_size=&#8221;3vw&#8221; text_line_height=&#8221;1em&#8221; header_font=&#8221;||||||||&#8221; header_text_color=&#8221;#19181d&#8221; header_font_size=&#8221;3vw&#8221; header_2_font=&#8221;||||||||&#8221; header_2_text_color=&#8221;#19181d&#8221; header_2_font_size=&#8221;2vw&#8221; text_orientation=&#8221;center&#8221; custom_margin=&#8221;||-10px||false|false&#8221; custom_margin_tablet=&#8221;||8px|||&#8221; custom_margin_phone=&#8221;||0px||false|false&#8221; custom_margin_last_edited=&#8221;on|phone&#8221; header_font_size_tablet=&#8221;3vw&#8221; header_font_size_phone=&#8221;32px&#8221; header_font_size_last_edited=&#8221;on|desktop&#8221; header_2_font_size_tablet=&#8221;3vw&#8221; header_2_font_size_phone=&#8221;32px&#8221; header_2_font_size_last_edited=&#8221;on|desktop&#8221; global_colors_info=&#8221;{}&#8221;]<\/p>\n<h2>Selecciona tu ciudad<\/h2>\n<p>[\/et_pb_text][et_pb_text _builder_version=&#8221;4.27.4&#8243; _module_preset=&#8221;default&#8221; text_text_color=&#8221;#000000&#8243; text_font_size=&#8221;18px&#8221; text_orientation=&#8221;center&#8221; custom_margin=&#8221;||15px||false|false&#8221; global_colors_info=&#8221;{}&#8221;]<\/p>\n<p><span>Diligencia el formulario para que nuestro administrador kinto se contacte para brindale soporte para alquiler Toyota.<\/span><\/p>\n<p>[\/et_pb_text][dipl_separator separator_color=&#8221;#EB0A1E&#8221; disabled_on=&#8221;on|on|on&#8221; _builder_version=&#8221;4.24.0&#8243; _module_preset=&#8221;default&#8221; width=&#8221;80px&#8221; width_tablet=&#8221;50%&#8221; width_phone=&#8221;102px&#8221; width_last_edited=&#8221;off|desktop&#8221; module_alignment=&#8221;center&#8221; disabled=&#8221;on&#8221; locked=&#8221;off&#8221; global_colors_info=&#8221;{}&#8221;][\/dipl_separator][\/et_pb_column][\/et_pb_row][et_pb_row _builder_version=&#8221;4.24.0&#8243; _module_preset=&#8221;default&#8221; background_color=&#8221;#FFFFFF&#8221; width=&#8221;85%&#8221; custom_padding=&#8221;0px|20px|0px|20px|true|true&#8221; global_colors_info=&#8221;{}&#8221;][et_pb_column type=&#8221;4_4&#8243; _builder_version=&#8221;4.24.0&#8243; _module_preset=&#8221;default&#8221; global_colors_info=&#8221;{}&#8221;][wpforms_selector form_id=&#8221;314780&#8243; _builder_version=&#8221;4.24.0&#8243; _module_preset=&#8221;default&#8221; global_colors_info=&#8221;{}&#8221;][\/wpforms_selector][\/et_pb_column][\/et_pb_row][\/et_pb_section]<\/p>\n","protected":false},"excerpt":{"rendered":"<p><div class=\"et_pb_with_border et_pb_module dsm_image_carousel dsm_image_carousel_0 \">\n\t\t\t\t\n\t\t\t\t\n\t\t\t\t\n\t\t\t\t\n\t\t\t\t\n\t\t\t\t\n\t\t\t\t<div class=\"et_pb_module_inner\">\n\t\t\t\t\t<div class=\"swiper-container dsm_image_carousel_container  dsm_image_carousel_carousel\" dir=\"ltr\"data-effect=\"default\"\n\t\t\tdata-slider-effect-shadows=\"false\"\n\t\t\tdata-slider-effect-coverflow-rotate=\"30\"\n\t\t\tdata-slider-effect-coverflow-depth=\"0\"\n\t\t\tdata-loop=\"true\"\n\t\t\tdata-slide-to-show=\"1\"\n\t\t\tdata-slide-to-show-tablet=\"1\"\n\t\t\tdata-slide-to-show-phone=\"1\"\n\t\t\tdata-slide-to-scroll=\"1\"\n\t\t\tdata-slide-to-scroll-tablet=\"1\"\n\t\t\tdata-slide-to-scroll-phone=\"1\"\n\t\t\tdata-space-between=\"15\"\n\t\t\tdata-space-between-tablet=\"15\"\n\t\t\tdata-space-between-phone=\"15\"\n\t\t\tdata-slide-row=\"1\"\n\t\t\tdata-centered-slides=\"false\"\n\t\t\tdata-speed=\"400\"\n\t\t\tdata-autoplay=\"true\"\n\t\t\tdata-autoplay-speed=\"5000\"\n\t\t\tdata-touch-move=\"true\"\n\t\t\tdata-grab=\"true\"\n\t\t\tdata-pause-on-hover=\"false\"\n\t\t\tdata-show-lightbox=\"false\"\n\t\t\tdata-lightbox-gallery=\"false\"\n\t\t\tdata-lightbox-caption=\"false\"\n\t\t\tdata-infinite-scrolling=\"false\"\n\t\t\tdata-slide-row-tablet=\"1\"\n\t\t\tdata-slide-row-phone=\"1\"\n\t\t\tdata-autoplay-viewport=80%\n\t\t\tdata-mousewheel=\"false\"\n\t\t\tdata-lazyload=\"false\"\n\t\t\tdata-type=\"carousel\"\n\t\t\tdata-slideshow-effect=\"default\"\n\t\t\tdata-slideshow-to-show=\"4\"\n\t\t\tdata-slideshow-to-show-tablet=\"4\"\n\t\t\tdata-slideshow-to-show-phone=\"\"\n\t\t\tdata-slider-orientation=\"horizontal\"\n\t\t\t><div class=\"swiper-wrapper\"><div class=\"swiper-slide dsm_image_carousel_item\"><img loading=\"lazy\" decoding=\"async\" src=\"https:\/\/yokomotor.com.co\/toyota\/wp-content\/uploads\/sites\/2\/2025\/05\/yokomotor-toyota-banner-kinto-share.webp\" alt=\"Toyota Camioneta Negra\" title=\"yokomotor-toyota-banner-kinto-share\" width=\"1920\" height=\"772\" data-dsm-image-description=\"\" srcset=\"https:\/\/yokomotor.com.co\/toyota\/wp-content\/uploads\/sites\/2\/2025\/05\/yokomotor-toyota-banner-kinto-share.webp 1920w, https:\/\/yokomotor.com.co\/toyota\/wp-content\/uploads\/sites\/2\/2025\/05\/yokomotor-toyota-banner-kinto-share-1280x515.webp 1280w, https:\/\/yokomotor.com.co\/toyota\/wp-content\/uploads\/sites\/2\/2025\/05\/yokomotor-toyota-banner-kinto-share-980x394.webp 980w, https:\/\/yokomotor.com.co\/toyota\/wp-content\/uploads\/sites\/2\/2025\/05\/yokomotor-toyota-banner-kinto-share-480x193.webp 480w\" sizes=\"(min-width: 0px) and (max-width: 480px) 480px, (min-width: 481px) and (max-width: 980px) 980px, (min-width: 981px) and (max-width: 1280px) 1280px, (min-width: 1281px) 1920px, 100vw\" class=\" skip-lazy\" \/><\/div><div class=\"swiper-slide dsm_image_carousel_item\"><img loading=\"lazy\" decoding=\"async\" src=\"https:\/\/yokomotor.com.co\/toyota\/wp-content\/uploads\/sites\/2\/2025\/05\/yokomotor-toyota-banner-kinto-app.webp\" alt=\"Celular con KINTO\" title=\"yokomotor-toyota-banner-kinto-app\" width=\"1920\" height=\"772\" data-dsm-image-description=\"\" srcset=\"https:\/\/yokomotor.com.co\/toyota\/wp-content\/uploads\/sites\/2\/2025\/05\/yokomotor-toyota-banner-kinto-app.webp 1920w, https:\/\/yokomotor.com.co\/toyota\/wp-content\/uploads\/sites\/2\/2025\/05\/yokomotor-toyota-banner-kinto-app-1280x515.webp 1280w, https:\/\/yokomotor.com.co\/toyota\/wp-content\/uploads\/sites\/2\/2025\/05\/yokomotor-toyota-banner-kinto-app-980x394.webp 980w, https:\/\/yokomotor.com.co\/toyota\/wp-content\/uploads\/sites\/2\/2025\/05\/yokomotor-toyota-banner-kinto-app-480x193.webp 480w\" sizes=\"(min-width: 0px) and (max-width: 480px) 480px, (min-width: 481px) and (max-width: 980px) 980px, (min-width: 981px) and (max-width: 1280px) 1280px, (min-width: 1281px) 1920px, 100vw\" class=\" skip-lazy\" \/><\/div><div class=\"swiper-slide dsm_image_carousel_item\"><img loading=\"lazy\" decoding=\"async\" src=\"https:\/\/yokomotor.com.co\/toyota\/wp-content\/uploads\/sites\/2\/2025\/05\/yokomotor-toyota-banner-kinto.webp\" alt=\"Se\u00f1ora Viaje Azul\" title=\"yokomotor-toyota-banner-kinto\" width=\"1920\" height=\"772\" data-dsm-image-description=\"\" srcset=\"https:\/\/yokomotor.com.co\/toyota\/wp-content\/uploads\/sites\/2\/2025\/05\/yokomotor-toyota-banner-kinto.webp 1920w, https:\/\/yokomotor.com.co\/toyota\/wp-content\/uploads\/sites\/2\/2025\/05\/yokomotor-toyota-banner-kinto-1280x515.webp 1280w, https:\/\/yokomotor.com.co\/toyota\/wp-content\/uploads\/sites\/2\/2025\/05\/yokomotor-toyota-banner-kinto-980x394.webp 980w, https:\/\/yokomotor.com.co\/toyota\/wp-content\/uploads\/sites\/2\/2025\/05\/yokomotor-toyota-banner-kinto-480x193.webp 480w\" sizes=\"(min-width: 0px) and (max-width: 480px) 480px, (min-width: 481px) and (max-width: 980px) 980px, (min-width: 981px) and (max-width: 1280px) 1280px, (min-width: 1281px) 1920px, 100vw\" class=\" skip-lazy\" \/><\/div><\/div><\/div><div class=\"swiper-button-prev swiper-arrow-button\" data-icon=\"&#xf053;\"><\/div><div class=\"swiper-button-next swiper-arrow-button\" data-icon=\"&#xf054;\"><\/div><div class=\"swiper-pagination\"><\/div>\n\t\t\t\t<\/div>\n\t\t\t<\/div><div class=\"breadcrumbs\" typeof=\"BreadcrumbList\" vocab=\"https:\/\/schema.org\/\">\n    <span property=\"itemListElement\" typeof=\"ListItem\"><a property=\"item\" typeof=\"WebPage\" title=\"Ir a Venta de carros | Concesionario Toyota | Yokomotor.\" href=\"https:\/\/yokomotor.com.co\/toyota\" class=\"home\" aria-current=\"page\"><span property=\"name\">Toyota<\/span><\/a><meta property=\"position\" content=\"1\"><\/span><\/div>\n\u00bfQu\u00e9 es KINTO?Con Kinto Share, modalidad de alquiler de corto plazo, encontrar\u00e1s un Toyota para cada versi\u00f3n de ti: Para la playa, para la ciudad; para mudarte o pasear. *Comunidad cerrada para clientes Toyota que [&hellip;]<\/p>\n","protected":false},"author":1,"featured_media":0,"parent":0,"menu_order":0,"comment_status":"closed","ping_status":"closed","template":"","meta":{"_acf_changed":false,"_et_pb_use_builder":"on","_et_pb_old_content":"","_et_gb_content_width":"","inline_featured_image":false,"footnotes":""},"class_list":["post-314774","page","type-page","status-publish","hentry"],"acf":[],"yoast_head":"<!-- This site is optimized with the Yoast SEO Premium plugin v26.9 (Yoast SEO v26.9) - https:\/\/yoast.com\/product\/yoast-seo-premium-wordpress\/ -->\n<title>Alquila tu Toyota - Carros Toyota - Yokomotor<\/title>\n<meta name=\"description\" content=\"Alquila un Toyota con Yokomotor. Disfruta modelos modernos, flexibilidad y respaldo oficial en Medell\u00edn. Exclusividad para clientes Toyota.\" \/>\n<meta name=\"robots\" content=\"index, follow, max-snippet:-1, max-image-preview:large, max-video-preview:-1\" \/>\n<link rel=\"canonical\" href=\"https:\/\/yokomotor.com.co\/toyota\/alquila-tu-toyota\/\" \/>\n<meta property=\"og:locale\" content=\"es_ES\" \/>\n<meta property=\"og:type\" content=\"article\" \/>\n<meta property=\"og:title\" content=\"Alquila tu Toyota\" \/>\n<meta property=\"og:description\" content=\"Alquila un Toyota con Yokomotor. Disfruta modelos modernos, flexibilidad y respaldo oficial en Medell\u00edn. Exclusividad para clientes Toyota.\" \/>\n<meta property=\"og:site_name\" content=\"Venta de carros | Concesionario Toyota | Yokomotor\" \/>\n<meta property=\"article:modified_time\" content=\"2026-03-19T00:10:41+00:00\" \/>\n<meta name=\"twitter:card\" content=\"summary_large_image\" \/>\n<meta name=\"twitter:label1\" content=\"Tiempo de lectura\" \/>\n\t<meta name=\"twitter:data1\" content=\"2 minutos\" \/>\n<script type=\"application\/ld+json\" class=\"yoast-schema-graph\">{\"@context\":\"https:\/\/schema.org\",\"@graph\":[{\"@type\":\"WebPage\",\"@id\":\"https:\/\/yokomotor.com.co\/toyota\/alquila-tu-toyota\/\",\"url\":\"https:\/\/yokomotor.com.co\/toyota\/alquila-tu-toyota\/\",\"name\":\"Alquila tu Toyota - Carros Toyota - Yokomotor\",\"isPartOf\":{\"@id\":\"https:\/\/yokomotor.com.co\/toyota\/#website\"},\"datePublished\":\"2024-06-19T22:02:54+00:00\",\"dateModified\":\"2026-03-19T00:10:41+00:00\",\"description\":\"Alquila un Toyota con Yokomotor. Disfruta modelos modernos, flexibilidad y respaldo oficial en Medell\u00edn. Exclusividad para clientes Toyota.\",\"breadcrumb\":{\"@id\":\"https:\/\/yokomotor.com.co\/toyota\/alquila-tu-toyota\/#breadcrumb\"},\"inLanguage\":\"es-CO\",\"potentialAction\":[{\"@type\":\"ReadAction\",\"target\":[\"https:\/\/yokomotor.com.co\/toyota\/alquila-tu-toyota\/\"]}]},{\"@type\":\"BreadcrumbList\",\"@id\":\"https:\/\/yokomotor.com.co\/toyota\/alquila-tu-toyota\/#breadcrumb\",\"itemListElement\":[{\"@type\":\"ListItem\",\"position\":1,\"name\":\"Inicio\",\"item\":\"https:\/\/yokomotor.com.co\/toyota\/\"},{\"@type\":\"ListItem\",\"position\":2,\"name\":\"Alquila tu Toyota\"}]},{\"@type\":\"WebSite\",\"@id\":\"https:\/\/yokomotor.com.co\/toyota\/#website\",\"url\":\"https:\/\/yokomotor.com.co\/toyota\/\",\"name\":\"Venta de carros | Concesionario Toyota | Yokomotor\",\"description\":\"\",\"potentialAction\":[{\"@type\":\"SearchAction\",\"target\":{\"@type\":\"EntryPoint\",\"urlTemplate\":\"https:\/\/yokomotor.com.co\/toyota\/?s={search_term_string}\"},\"query-input\":{\"@type\":\"PropertyValueSpecification\",\"valueRequired\":true,\"valueName\":\"search_term_string\"}}],\"inLanguage\":\"es-CO\"}]}<\/script>\n<!-- \/ Yoast SEO Premium plugin. -->","yoast_head_json":{"title":"Alquila tu Toyota - Carros Toyota - Yokomotor","description":"Alquila un Toyota con Yokomotor. Disfruta modelos modernos, flexibilidad y respaldo oficial en Medell\u00edn. Exclusividad para clientes Toyota.","robots":{"index":"index","follow":"follow","max-snippet":"max-snippet:-1","max-image-preview":"max-image-preview:large","max-video-preview":"max-video-preview:-1"},"canonical":"https:\/\/yokomotor.com.co\/toyota\/alquila-tu-toyota\/","og_locale":"es_ES","og_type":"article","og_title":"Alquila tu Toyota","og_description":"Alquila un Toyota con Yokomotor. Disfruta modelos modernos, flexibilidad y respaldo oficial en Medell\u00edn. Exclusividad para clientes Toyota.","og_site_name":"Venta de carros | Concesionario Toyota | Yokomotor","article_modified_time":"2026-03-19T00:10:41+00:00","twitter_card":"summary_large_image","twitter_misc":{"Tiempo de lectura":"2 minutos"},"schema":{"@context":"https:\/\/schema.org","@graph":[{"@type":"WebPage","@id":"https:\/\/yokomotor.com.co\/toyota\/alquila-tu-toyota\/","url":"https:\/\/yokomotor.com.co\/toyota\/alquila-tu-toyota\/","name":"Alquila tu Toyota - Carros Toyota - Yokomotor","isPartOf":{"@id":"https:\/\/yokomotor.com.co\/toyota\/#website"},"datePublished":"2024-06-19T22:02:54+00:00","dateModified":"2026-03-19T00:10:41+00:00","description":"Alquila un Toyota con Yokomotor. Disfruta modelos modernos, flexibilidad y respaldo oficial en Medell\u00edn. Exclusividad para clientes Toyota.","breadcrumb":{"@id":"https:\/\/yokomotor.com.co\/toyota\/alquila-tu-toyota\/#breadcrumb"},"inLanguage":"es-CO","potentialAction":[{"@type":"ReadAction","target":["https:\/\/yokomotor.com.co\/toyota\/alquila-tu-toyota\/"]}]},{"@type":"BreadcrumbList","@id":"https:\/\/yokomotor.com.co\/toyota\/alquila-tu-toyota\/#breadcrumb","itemListElement":[{"@type":"ListItem","position":1,"name":"Inicio","item":"https:\/\/yokomotor.com.co\/toyota\/"},{"@type":"ListItem","position":2,"name":"Alquila tu Toyota"}]},{"@type":"WebSite","@id":"https:\/\/yokomotor.com.co\/toyota\/#website","url":"https:\/\/yokomotor.com.co\/toyota\/","name":"Venta de carros | Concesionario Toyota | Yokomotor","description":"","potentialAction":[{"@type":"SearchAction","target":{"@type":"EntryPoint","urlTemplate":"https:\/\/yokomotor.com.co\/toyota\/?s={search_term_string}"},"query-input":{"@type":"PropertyValueSpecification","valueRequired":true,"valueName":"search_term_string"}}],"inLanguage":"es-CO"}]}},"_links":{"self":[{"href":"https:\/\/yokomotor.com.co\/toyota\/wp-json\/wp\/v2\/pages\/314774","targetHints":{"allow":["GET"]}}],"collection":[{"href":"https:\/\/yokomotor.com.co\/toyota\/wp-json\/wp\/v2\/pages"}],"about":[{"href":"https:\/\/yokomotor.com.co\/toyota\/wp-json\/wp\/v2\/types\/page"}],"author":[{"embeddable":true,"href":"https:\/\/yokomotor.com.co\/toyota\/wp-json\/wp\/v2\/users\/1"}],"replies":[{"embeddable":true,"href":"https:\/\/yokomotor.com.co\/toyota\/wp-json\/wp\/v2\/comments?post=314774"}],"version-history":[{"count":18,"href":"https:\/\/yokomotor.com.co\/toyota\/wp-json\/wp\/v2\/pages\/314774\/revisions"}],"predecessor-version":[{"id":319174,"href":"https:\/\/yokomotor.com.co\/toyota\/wp-json\/wp\/v2\/pages\/314774\/revisions\/319174"}],"wp:attachment":[{"href":"https:\/\/yokomotor.com.co\/toyota\/wp-json\/wp\/v2\/media?parent=314774"}],"curies":[{"name":"wp","href":"https:\/\/api.w.org\/{rel}","templated":true}]}}