{"id":315411,"date":"2024-08-30T17:16:06","date_gmt":"2024-08-30T22:16:06","guid":{"rendered":"https:\/\/yokomotor.com.co\/toyota\/?page_id=315411"},"modified":"2026-03-18T19:10:15","modified_gmt":"2026-03-19T00:10:15","slug":"mantenimiento-express","status":"publish","type":"page","link":"https:\/\/yokomotor.com.co\/toyota\/mantenimiento\/mantenimiento-express\/","title":{"rendered":"Mantenimiento Express"},"content":{"rendered":"<p>[et_pb_section fb_built=&#8221;1&#8243; _builder_version=&#8221;4.27.4&#8243; _module_preset=&#8221;default&#8221; custom_padding=&#8221;0px||0px||true|false&#8221; global_colors_info=&#8221;{}&#8221;][et_pb_row _builder_version=&#8221;4.27.4&#8243; _module_preset=&#8221;default&#8221; width=&#8221;100%&#8221; max_width=&#8221;100%&#8221; custom_padding=&#8221;0px||0px||true|false&#8221; global_colors_info=&#8221;{}&#8221;][et_pb_column type=&#8221;4_4&#8243; _builder_version=&#8221;4.27.4&#8243; _module_preset=&#8221;default&#8221; global_colors_info=&#8221;{}&#8221;][et_pb_image src=&#8221;https:\/\/yokomotor.com.co\/toyota\/wp-content\/uploads\/sites\/2\/2025\/09\/yokomotor-mantenimiento-express__banner-desktop.webp&#8221; title_text=&#8221;yokomotor-mantenimiento-express__banner&#8211;mobile&#8221; src_tablet=&#8221;https:\/\/yokomotor.com.co\/toyota\/wp-content\/uploads\/sites\/2\/2025\/09\/yokomotor-mantenimiento-express__banner-desktop.webp&#8221; src_phone=&#8221;https:\/\/yokomotor.com.co\/toyota\/wp-content\/uploads\/sites\/2\/2025\/09\/yokomotor-mantenimiento-express__banner-mobile.webp&#8221; src_last_edited=&#8221;on|phone&#8221; _builder_version=&#8221;4.27.4&#8243; _module_preset=&#8221;default&#8221; global_colors_info=&#8221;{}&#8221;][\/et_pb_image][\/et_pb_column][\/et_pb_row][et_pb_row _builder_version=&#8221;4.27.4&#8243; _module_preset=&#8221;default&#8221; positioning=&#8221;absolute&#8221; position_origin_a=&#8221;center_center&#8221; z_index=&#8221;99&#8243; global_colors_info=&#8221;{}&#8221;][et_pb_column type=&#8221;4_4&#8243; _builder_version=&#8221;4.27.4&#8243; _module_preset=&#8221;default&#8221; global_colors_info=&#8221;{}&#8221;][et_pb_text _builder_version=&#8221;4.27.4&#8243; _module_preset=&#8221;default&#8221; header_font=&#8221;Toyota Light||||||||&#8221; header_text_align=&#8221;center&#8221; header_text_color=&#8221;#FFFFFF&#8221; custom_margin=&#8221;||0px||false|false&#8221; custom_css_free_form=&#8221;selector h1{||  padding-bottom: 0px !important;||}&#8221; locked=&#8221;off&#8221; global_colors_info=&#8221;{}&#8221;]<\/p>\n<h1>Mantenimiento Express<\/h1>\n<p>[\/et_pb_text][et_pb_text _builder_version=&#8221;4.27.4&#8243; _module_preset=&#8221;default&#8221; header_text_align=&#8221;center&#8221; header_text_color=&#8221;#FFFFFF&#8221; header_2_text_align=&#8221;center&#8221; header_2_text_color=&#8221;#FFFFFF&#8221; header_2_font_size=&#8221;2.5rem&#8221; custom_margin=&#8221;||5px||false|false&#8221; global_colors_info=&#8221;{}&#8221;]<\/p>\n<h2>Cuidamos tu veh\u00edculo<\/h2>\n<p>[\/et_pb_text][et_pb_button button_url=&#8221;#info&#8221; button_text=&#8221;Ver m\u00e1s&#8221; button_alignment=&#8221;center&#8221; _builder_version=&#8221;4.27.4&#8243; _module_preset=&#8221;default&#8221; custom_button=&#8221;on&#8221; button_text_size=&#8221;16px&#8221; button_text_color=&#8221;#FFFFFF&#8221; button_bg_color=&#8221;#EB0A1E&#8221; button_border_color=&#8221;#EB0A1E&#8221; button_border_radius=&#8221;99px&#8221; locked=&#8221;off&#8221; global_colors_info=&#8221;{}&#8221;][\/et_pb_button][\/et_pb_column][\/et_pb_row][\/et_pb_section][et_pb_section fb_built=&#8221;1&#8243; module_id=&#8221;info&#8221; _builder_version=&#8221;4.27.4&#8243; _module_preset=&#8221;default&#8221; custom_padding=&#8221;35px||25px||false|false&#8221; global_colors_info=&#8221;{}&#8221;][et_pb_row _builder_version=&#8221;4.24.0&#8243; _module_preset=&#8221;default&#8221; custom_padding=&#8221;0px||0px||false|false&#8221; locked=&#8221;off&#8221; global_colors_info=&#8221;{}&#8221;][et_pb_column type=&#8221;4_4&#8243; _builder_version=&#8221;4.21.0&#8243; _module_preset=&#8221;default&#8221; global_colors_info=&#8221;{}&#8221;][et_pb_code admin_label=&#8221;Nav XT Breadcrumb&#8221; module_class=&#8221;yoastBreadcrumbs&#8221; _builder_version=&#8221;4.27.4&#8243; _module_preset=&#8221;default&#8221; text_orientation=&#8221;center&#8221; custom_margin=&#8221;||0px||false|false&#8221; locked=&#8221;off&#8221; global_colors_info=&#8221;{}&#8221;]<div class=\"breadcrumbs\" typeof=\"BreadcrumbList\" vocab=\"https:\/\/schema.org\/\">\n    <span property=\"itemListElement\" typeof=\"ListItem\"><a property=\"item\" typeof=\"WebPage\" title=\"Ir a Venta de carros | Concesionario Toyota | Yokomotor.\" href=\"https:\/\/yokomotor.com.co\/toyota\" class=\"home\" aria-current=\"page\"><span property=\"name\">Toyota<\/span><\/a><meta property=\"position\" content=\"1\"><\/span><\/div>\n[\/et_pb_code][et_pb_text _builder_version=&#8221;4.27.4&#8243; _module_preset=&#8221;default&#8221; text_font=&#8221;Toyota Semi-bold||||||||&#8221; text_text_color=&#8221;#000000&#8243; text_font_size=&#8221;2rem&#8221; header_text_align=&#8221;center&#8221; text_orientation=&#8221;center&#8221; custom_margin=&#8221;||1rem||false|false&#8221; global_colors_info=&#8221;{}&#8221;]<\/p>\n<p>Mantenimiento Express<\/p>\n<p>[\/et_pb_text][dipl_separator separator_color=&#8221;#EB0A1E&#8221; _builder_version=&#8221;4.24.0&#8243; _module_preset=&#8221;default&#8221; width=&#8221;80px&#8221; module_alignment=&#8221;center&#8221; locked=&#8221;off&#8221; global_colors_info=&#8221;{}&#8221;][\/dipl_separator][et_pb_text _builder_version=&#8221;4.27.4&#8243; _module_preset=&#8221;default&#8221; text_text_color=&#8221;#000000&#8243; global_colors_info=&#8221;{}&#8221;]<\/p>\n<p><span lang=\"ES\">En las sedes de Yokomotor Medellin y Bogot\u00e1 te ofrecemos un mantenimiento en tiempo express a<span>\u00a0<\/span><\/span><span>cargo de tres t\u00e9cnicos capacitados y certificados por la marca, con repuestos genuinos Toyota, garant\u00eda en mano de obra y repuestos.<\/span><\/p>\n<p>El mantenimiento express que ofrece toyota en 18 concesionarios certificados, ofrece la posibilidad a los clientes de recibir un mantenimiento de sus veh\u00edculos en menos de una hora a cargo de tres t\u00e9cnicos capacitados y certificados por la marca, con repuestos genuinos toyota, la garant\u00eda para mano de obra y repuestos.<\/p>\n<p>[\/et_pb_text][\/et_pb_column][\/et_pb_row][et_pb_row _builder_version=&#8221;4.27.4&#8243; _module_preset=&#8221;default&#8221; background_color=&#8221;#373948&#8243; custom_margin=&#8221;2rem||2rem||true|false&#8221; custom_padding=&#8221;2rem|2rem|2rem|2rem|true|true&#8221; global_colors_info=&#8221;{}&#8221;][et_pb_column type=&#8221;4_4&#8243; _builder_version=&#8221;4.27.4&#8243; _module_preset=&#8221;default&#8221; global_colors_info=&#8221;{}&#8221;][et_pb_text _builder_version=&#8221;4.27.4&#8243; _module_preset=&#8221;default&#8221; header_text_align=&#8221;center&#8221; header_text_color=&#8221;#FFFFFF&#8221; header_2_text_align=&#8221;center&#8221; header_2_text_color=&#8221;#FFFFFF&#8221; header_2_font_size=&#8221;2rem&#8221; custom_margin=&#8221;||5px||false|false&#8221; locked=&#8221;off&#8221; global_colors_info=&#8221;{}&#8221;]<\/p>\n<h2>Beneficios<\/h2>\n<p>[\/et_pb_text][et_pb_text _builder_version=&#8221;4.27.4&#8243; _module_preset=&#8221;default&#8221; global_colors_info=&#8221;{}&#8221;]<\/p>\n<div class=\"amplify-grid\" style=\"gap: 2rem; align-items: flex-start; margin: 0px auto; grid-template-columns: repeat(2, 1fr);\">\n<ul class=\"amplify-flex\" style=\"list-style-type: none; padding-left: 1.5rem; display: block; gap: 0.9rem; flex-direction: column;\">\n<li class=\"amplify-text\" style=\"display: list-item; margin-bottom: calc(15px + 0.9rem); position: relative; padding-left: 0px; color: rgb(255, 255, 255); text-align: left; font-family: var(--font-ToyotaType-Regular); font-size: 22px; letter-spacing: 0px; font-weight: 400; line-height: normal;\"><span style=\"position: absolute; left: -1.4rem; top: 0.7em; width: 6px; height: 6px; background-color: white; border-radius: 50%; display: inline-block;\"><\/span>Operaci\u00f3n sincronizada con dos o tres t\u00e9cnicos altamente capacitados, de acuerdo con la disponibilidad del concesionario.<\/li>\n<li class=\"amplify-text\" style=\"display: list-item; margin-bottom: calc(15px + 0.9rem); position: relative; padding-left: 0px; color: rgb(255, 255, 255); text-align: left; font-family: var(--font-ToyotaType-Regular); font-size: 22px; letter-spacing: 0px; font-weight: 400; line-height: normal;\"><span style=\"position: absolute; left: -1.4rem; top: 0.7em; width: 6px; height: 6px; background-color: white; border-radius: 50%; display: inline-block;\"><\/span>Bah\u00eda de trabajo especialmente acondicionada con herramental especial.<\/li>\n<li class=\"amplify-text\" style=\"display: list-item; margin-bottom: calc(15px + 0.9rem); position: relative; padding-left: 0px; color: rgb(255, 255, 255); text-align: left; font-family: var(--font-ToyotaType-Regular); font-size: 22px; letter-spacing: 0px; font-weight: 400; line-height: normal;\"><span style=\"position: absolute; left: -1.4rem; top: 0.7em; width: 6px; height: 6px; background-color: white; border-radius: 50%; display: inline-block;\"><\/span>Reducci\u00f3n del tiempo de espera; horario de entrega garantizado.<\/li>\n<\/ul>\n<ul class=\"amplify-flex\" style=\"list-style-type: none; padding-left: 1.5rem; display: block; gap: 0.9rem; flex-direction: column;\">\n<li class=\"amplify-text\" style=\"display: list-item; margin-bottom: calc(15px + 0.9rem); position: relative; padding-left: 0px; color: rgb(255, 255, 255); text-align: left; font-family: var(--font-ToyotaType-Regular); font-size: 1.375rem; font-weight: 400; line-height: normal;\"><span style=\"position: absolute; left: -1.4rem; top: 0.7em; width: 6px; height: 6px; background-color: white; border-radius: 50%; display: inline-block;\"><\/span>Posibilidad de ver los trabajos realizados en el veh\u00edculo.<\/li>\n<li class=\"amplify-text\" style=\"display: list-item; margin-bottom: calc(15px + 0.9rem); position: relative; padding-left: 0px; color: rgb(255, 255, 255); text-align: left; font-family: var(--font-ToyotaType-Regular); font-size: 22px; letter-spacing: 0px; font-weight: 400; line-height: normal;\"><span style=\"position: absolute; left: -1.4rem; top: 0.7em; width: 6px; height: 6px; background-color: white; border-radius: 50%; display: inline-block;\"><\/span>Comodidad total durante la espera.<\/li>\n<li class=\"amplify-text\" style=\"display: list-item; margin-bottom: calc(15px + 0.9rem); position: relative; padding-left: 0px; color: rgb(255, 255, 255); text-align: left; font-family: var(--font-ToyotaType-Regular); font-size: 22px; letter-spacing: 0px; font-weight: 400; line-height: normal;\"><span style=\"position: absolute; left: -1.4rem; top: 0.7em; width: 6px; height: 6px; background-color: white; border-radius: 50%; display: inline-block;\"><\/span>Balanceo y alineaci\u00f3n incluidos en el mantenimiento en las rutinas y kil\u00f3metros aplicables.<\/li>\n<\/ul>\n<\/div>\n<p>[\/et_pb_text][\/et_pb_column][\/et_pb_row][et_pb_row _builder_version=&#8221;4.24.0&#8243; _module_preset=&#8221;default&#8221; global_colors_info=&#8221;{}&#8221;][et_pb_column type=&#8221;4_4&#8243; _builder_version=&#8221;4.24.0&#8243; _module_preset=&#8221;default&#8221; global_colors_info=&#8221;{}&#8221;][et_pb_accordion open_toggle_text_color=&#8221;#000000&#8243; toggle_icon=&#8221;&#xf067;||fa||900&#8243; icon_color=&#8221;#EB0A1E&#8221; _builder_version=&#8221;4.27.4&#8243; _module_preset=&#8221;default&#8221; global_colors_info=&#8221;{}&#8221;][et_pb_accordion_item title=&#8221;Bogot\u00e1&#8221; open=&#8221;on&#8221; _builder_version=&#8221;4.27.4&#8243; _module_preset=&#8221;default&#8221; global_colors_info=&#8221;{}&#8221;]<\/p>\n<p>\u2013 YOKOMOTOR 72<br \/>\u2013 YOKOMOTOR 173<\/p>\n<p>[\/et_pb_accordion_item][et_pb_accordion_item title=&#8221;Medell\u00edn&#8221; _builder_version=&#8221;4.27.4&#8243; _module_preset=&#8221;default&#8221; global_colors_info=&#8221;{}&#8221; open=&#8221;off&#8221;]<\/p>\n<p>\u2013 YOKOMOTOR GUAYABAL<br \/>\u2013 <span>YOKOMOTOR PALAC\u00c9<\/span><\/p>\n<p>[\/et_pb_accordion_item][\/et_pb_accordion][et_pb_button button_url=&#8221;@ET-DC@eyJkeW5hbWljIjp0cnVlLCJjb250ZW50IjoicG9zdF9saW5rX3VybF9wYWdlIiwic2V0dGluZ3MiOnsicG9zdF9pZCI6IjMxMDQwNyJ9fQ==@&#8221; button_text=&#8221;Ver sedes&#8221; button_alignment=&#8221;center&#8221; _builder_version=&#8221;4.24.0&#8243; _dynamic_attributes=&#8221;button_url&#8221; _module_preset=&#8221;default&#8221; custom_button=&#8221;on&#8221; button_text_size=&#8221;16px&#8221; button_text_color=&#8221;#FFFFFF&#8221; button_bg_color=&#8221;#EB0A1E&#8221; button_border_color=&#8221;#EB0A1E&#8221; button_border_radius=&#8221;99px&#8221; global_colors_info=&#8221;{}&#8221;][\/et_pb_button][\/et_pb_column][\/et_pb_row][\/et_pb_section]<\/p>\n","protected":false},"excerpt":{"rendered":"<p>Mantenimiento ExpressCuidamos tu veh\u00edculo<div class=\"breadcrumbs\" typeof=\"BreadcrumbList\" vocab=\"https:\/\/schema.org\/\">\n    <span property=\"itemListElement\" typeof=\"ListItem\"><a property=\"item\" typeof=\"WebPage\" title=\"Ir a Venta de carros | Concesionario Toyota | Yokomotor.\" href=\"https:\/\/yokomotor.com.co\/toyota\" class=\"home\" aria-current=\"page\"><span property=\"name\">Toyota<\/span><\/a><meta property=\"position\" content=\"1\"><\/span><\/div>\nMantenimiento Express<div class=\"et_pb_module dipl_separator dipl_separator_0\">\n\t\t\t\t\n\t\t\t\t\n\t\t\t\t\n\t\t\t\t\n\t\t\t\t\n\t\t\t\t\n\t\t\t\t<div class=\"et_pb_module_inner\">\n\t\t\t\t\t<div class=\"dipl_separator_container align_none\">\n\t\t\t\t\t\t\t\t\t<div class=\"dipl_line dipl_line_before\"><\/div>\n\t\t\t\t\t\t\t\t\t\t\n\t\t\t\t\t\t\t\t\t\t\n\t\t\t\t\t\t\t\t\t\t\n\t\t\t\t\t\t\t\t\t<div class=\"dipl_line dipl_line_after\"><\/div>\n\t\t\t\t\t\t\t\t<\/div>\n\t\t\t\t<\/div>\n\t\t\t<\/div>En las sedes de Yokomotor Medellin y Bogot\u00e1 te ofrecemos un mantenimiento en tiempo express a\u00a0cargo de tres t\u00e9cnicos capacitados y certificados por la marca, con repuestos genuinos Toyota, garant\u00eda en mano de obra y repuestos. El mantenimiento express que ofrece [&hellip;]<\/p>\n","protected":false},"author":1,"featured_media":0,"parent":318305,"menu_order":0,"comment_status":"closed","ping_status":"closed","template":"","meta":{"_acf_changed":false,"_et_pb_use_builder":"on","_et_pb_old_content":"","_et_gb_content_width":"","inline_featured_image":false,"footnotes":""},"class_list":["post-315411","page","type-page","status-publish","hentry"],"acf":[],"yoast_head":"<!-- This site is optimized with the Yoast SEO Premium plugin v26.9 (Yoast SEO v26.9) - https:\/\/yoast.com\/product\/yoast-seo-premium-wordpress\/ -->\n<title>Mantenimiento Express - Carros Toyota - Yokomotor<\/title>\n<meta name=\"description\" content=\"Accede a mantenimiento express Toyota en Medell\u00edn: servicio r\u00e1pido y eficiente sin cita prolongada en Yokomotor.\" \/>\n<meta name=\"robots\" content=\"index, follow, max-snippet:-1, max-image-preview:large, max-video-preview:-1\" \/>\n<link rel=\"canonical\" href=\"https:\/\/yokomotor.com.co\/toyota\/mantenimiento\/mantenimiento-express\/\" \/>\n<meta property=\"og:locale\" content=\"es_ES\" \/>\n<meta property=\"og:type\" content=\"article\" \/>\n<meta property=\"og:title\" content=\"Mantenimiento Express\" \/>\n<meta property=\"og:description\" content=\"Accede a mantenimiento express Toyota en Medell\u00edn: servicio r\u00e1pido y eficiente sin cita prolongada en Yokomotor.\" \/>\n<meta property=\"og:site_name\" content=\"Venta de carros | Concesionario Toyota | Yokomotor\" \/>\n<meta property=\"article:modified_time\" content=\"2026-03-19T00:10:15+00:00\" \/>\n<meta name=\"twitter:card\" content=\"summary_large_image\" \/>\n<meta name=\"twitter:label1\" content=\"Tiempo de lectura\" \/>\n\t<meta name=\"twitter:data1\" content=\"1 minuto\" \/>\n<script type=\"application\/ld+json\" class=\"yoast-schema-graph\">{\"@context\":\"https:\/\/schema.org\",\"@graph\":[{\"@type\":\"WebPage\",\"@id\":\"https:\/\/yokomotor.com.co\/toyota\/mantenimiento\/mantenimiento-express\/\",\"url\":\"https:\/\/yokomotor.com.co\/toyota\/mantenimiento\/mantenimiento-express\/\",\"name\":\"Mantenimiento Express - Carros Toyota - Yokomotor\",\"isPartOf\":{\"@id\":\"https:\/\/yokomotor.com.co\/toyota\/#website\"},\"datePublished\":\"2024-08-30T22:16:06+00:00\",\"dateModified\":\"2026-03-19T00:10:15+00:00\",\"description\":\"Accede a mantenimiento express Toyota en Medell\u00edn: servicio r\u00e1pido y eficiente sin cita prolongada en Yokomotor.\",\"breadcrumb\":{\"@id\":\"https:\/\/yokomotor.com.co\/toyota\/mantenimiento\/mantenimiento-express\/#breadcrumb\"},\"inLanguage\":\"es-CO\",\"potentialAction\":[{\"@type\":\"ReadAction\",\"target\":[\"https:\/\/yokomotor.com.co\/toyota\/mantenimiento\/mantenimiento-express\/\"]}]},{\"@type\":\"BreadcrumbList\",\"@id\":\"https:\/\/yokomotor.com.co\/toyota\/mantenimiento\/mantenimiento-express\/#breadcrumb\",\"itemListElement\":[{\"@type\":\"ListItem\",\"position\":1,\"name\":\"Inicio\",\"item\":\"https:\/\/yokomotor.com.co\/toyota\/\"},{\"@type\":\"ListItem\",\"position\":2,\"name\":\"Mantenimiento\",\"item\":\"https:\/\/yokomotor.com.co\/toyota\/mantenimiento\/\"},{\"@type\":\"ListItem\",\"position\":3,\"name\":\"Mantenimiento Express\"}]},{\"@type\":\"WebSite\",\"@id\":\"https:\/\/yokomotor.com.co\/toyota\/#website\",\"url\":\"https:\/\/yokomotor.com.co\/toyota\/\",\"name\":\"Venta de carros | Concesionario Toyota | Yokomotor\",\"description\":\"\",\"potentialAction\":[{\"@type\":\"SearchAction\",\"target\":{\"@type\":\"EntryPoint\",\"urlTemplate\":\"https:\/\/yokomotor.com.co\/toyota\/?s={search_term_string}\"},\"query-input\":{\"@type\":\"PropertyValueSpecification\",\"valueRequired\":true,\"valueName\":\"search_term_string\"}}],\"inLanguage\":\"es-CO\"}]}<\/script>\n<!-- \/ Yoast SEO Premium plugin. -->","yoast_head_json":{"title":"Mantenimiento Express - Carros Toyota - Yokomotor","description":"Accede a mantenimiento express Toyota en Medell\u00edn: servicio r\u00e1pido y eficiente sin cita prolongada en Yokomotor.","robots":{"index":"index","follow":"follow","max-snippet":"max-snippet:-1","max-image-preview":"max-image-preview:large","max-video-preview":"max-video-preview:-1"},"canonical":"https:\/\/yokomotor.com.co\/toyota\/mantenimiento\/mantenimiento-express\/","og_locale":"es_ES","og_type":"article","og_title":"Mantenimiento Express","og_description":"Accede a mantenimiento express Toyota en Medell\u00edn: servicio r\u00e1pido y eficiente sin cita prolongada en Yokomotor.","og_site_name":"Venta de carros | Concesionario Toyota | Yokomotor","article_modified_time":"2026-03-19T00:10:15+00:00","twitter_card":"summary_large_image","twitter_misc":{"Tiempo de lectura":"1 minuto"},"schema":{"@context":"https:\/\/schema.org","@graph":[{"@type":"WebPage","@id":"https:\/\/yokomotor.com.co\/toyota\/mantenimiento\/mantenimiento-express\/","url":"https:\/\/yokomotor.com.co\/toyota\/mantenimiento\/mantenimiento-express\/","name":"Mantenimiento Express - Carros Toyota - Yokomotor","isPartOf":{"@id":"https:\/\/yokomotor.com.co\/toyota\/#website"},"datePublished":"2024-08-30T22:16:06+00:00","dateModified":"2026-03-19T00:10:15+00:00","description":"Accede a mantenimiento express Toyota en Medell\u00edn: servicio r\u00e1pido y eficiente sin cita prolongada en Yokomotor.","breadcrumb":{"@id":"https:\/\/yokomotor.com.co\/toyota\/mantenimiento\/mantenimiento-express\/#breadcrumb"},"inLanguage":"es-CO","potentialAction":[{"@type":"ReadAction","target":["https:\/\/yokomotor.com.co\/toyota\/mantenimiento\/mantenimiento-express\/"]}]},{"@type":"BreadcrumbList","@id":"https:\/\/yokomotor.com.co\/toyota\/mantenimiento\/mantenimiento-express\/#breadcrumb","itemListElement":[{"@type":"ListItem","position":1,"name":"Inicio","item":"https:\/\/yokomotor.com.co\/toyota\/"},{"@type":"ListItem","position":2,"name":"Mantenimiento","item":"https:\/\/yokomotor.com.co\/toyota\/mantenimiento\/"},{"@type":"ListItem","position":3,"name":"Mantenimiento Express"}]},{"@type":"WebSite","@id":"https:\/\/yokomotor.com.co\/toyota\/#website","url":"https:\/\/yokomotor.com.co\/toyota\/","name":"Venta de carros | Concesionario Toyota | Yokomotor","description":"","potentialAction":[{"@type":"SearchAction","target":{"@type":"EntryPoint","urlTemplate":"https:\/\/yokomotor.com.co\/toyota\/?s={search_term_string}"},"query-input":{"@type":"PropertyValueSpecification","valueRequired":true,"valueName":"search_term_string"}}],"inLanguage":"es-CO"}]}},"_links":{"self":[{"href":"https:\/\/yokomotor.com.co\/toyota\/wp-json\/wp\/v2\/pages\/315411","targetHints":{"allow":["GET"]}}],"collection":[{"href":"https:\/\/yokomotor.com.co\/toyota\/wp-json\/wp\/v2\/pages"}],"about":[{"href":"https:\/\/yokomotor.com.co\/toyota\/wp-json\/wp\/v2\/types\/page"}],"author":[{"embeddable":true,"href":"https:\/\/yokomotor.com.co\/toyota\/wp-json\/wp\/v2\/users\/1"}],"replies":[{"embeddable":true,"href":"https:\/\/yokomotor.com.co\/toyota\/wp-json\/wp\/v2\/comments?post=315411"}],"version-history":[{"count":12,"href":"https:\/\/yokomotor.com.co\/toyota\/wp-json\/wp\/v2\/pages\/315411\/revisions"}],"predecessor-version":[{"id":318303,"href":"https:\/\/yokomotor.com.co\/toyota\/wp-json\/wp\/v2\/pages\/315411\/revisions\/318303"}],"up":[{"embeddable":true,"href":"https:\/\/yokomotor.com.co\/toyota\/wp-json\/wp\/v2\/pages\/318305"}],"wp:attachment":[{"href":"https:\/\/yokomotor.com.co\/toyota\/wp-json\/wp\/v2\/media?parent=315411"}],"curies":[{"name":"wp","href":"https:\/\/api.w.org\/{rel}","templated":true}]}}