{"id":317249,"date":"2025-04-09T09:25:19","date_gmt":"2025-04-09T14:25:19","guid":{"rendered":"https:\/\/yokomotor.com.co\/toyota\/?page_id=317249"},"modified":"2026-03-18T19:09:53","modified_gmt":"2026-03-19T00:09:53","slug":"campana-t10","status":"publish","type":"page","link":"https:\/\/yokomotor.com.co\/toyota\/camapana-t10\/","title":{"rendered":"Campa\u00f1a T10"},"content":{"rendered":"<p>[et_pb_section fb_built=&#8221;1&#8243; fullwidth=&#8221;on&#8221; _builder_version=&#8221;4.24.0&#8243; _module_preset=&#8221;default&#8221; locked=&#8221;off&#8221; global_colors_info=&#8221;{}&#8221;][et_pb_fullwidth_image src=&#8221;https:\/\/yokomotor.com.co\/toyota\/wp-content\/uploads\/sites\/2\/2025\/09\/t-10-banner-desk-slide1.webp&#8221; title_text=&#8221;t-10-banner-mob-slide1&#8243; src_tablet=&#8221;https:\/\/yokomotor.com.co\/toyota\/wp-content\/uploads\/sites\/2\/2025\/09\/t-10-banner-desk-slide1.webp&#8221; src_phone=&#8221;https:\/\/yokomotor.com.co\/toyota\/wp-content\/uploads\/sites\/2\/2025\/09\/t-10-banner-mob-slide1.webp&#8221; src_last_edited=&#8221;on|phone&#8221; _builder_version=&#8221;4.27.4&#8243; _module_preset=&#8221;default&#8221; global_colors_info=&#8221;{}&#8221;][\/et_pb_fullwidth_image][\/et_pb_section][et_pb_section fb_built=&#8221;1&#8243; module_id=&#8221;form&#8221; _builder_version=&#8221;4.27.4&#8243; _module_preset=&#8221;default&#8221; custom_padding=&#8221;30px||30px||true|false&#8221; background_last_edited=&#8221;off|desktop&#8221; background_enable_mask_style_phone=&#8221;off&#8221; global_colors_info=&#8221;{}&#8221;][et_pb_row _builder_version=&#8221;4.27.4&#8243; _module_preset=&#8221;default&#8221; width=&#8221;90%&#8221; max_width=&#8221;1200px&#8221; custom_padding=&#8221;0px||||false|false&#8221; locked=&#8221;off&#8221; global_colors_info=&#8221;{}&#8221;][et_pb_column type=&#8221;4_4&#8243; _builder_version=&#8221;4.21.0&#8243; _module_preset=&#8221;default&#8221; global_colors_info=&#8221;{}&#8221;][et_pb_code admin_label=&#8221;Nav XT Breadcrumb&#8221; module_class=&#8221;yoastBreadcrumbs&#8221; _builder_version=&#8221;4.27.4&#8243; _module_preset=&#8221;default&#8221; text_orientation=&#8221;center&#8221; custom_margin=&#8221;||0px||false|false&#8221; locked=&#8221;off&#8221; global_colors_info=&#8221;{}&#8221;]<div class=\"breadcrumbs\" typeof=\"BreadcrumbList\" vocab=\"https:\/\/schema.org\/\">\n    <span property=\"itemListElement\" typeof=\"ListItem\"><a property=\"item\" typeof=\"WebPage\" title=\"Ir a Venta de carros | Concesionario Toyota | Yokomotor.\" href=\"https:\/\/yokomotor.com.co\/toyota\" class=\"home\" aria-current=\"page\"><span property=\"name\">Toyota<\/span><\/a><meta property=\"position\" content=\"1\"><\/span><\/div>\n[\/et_pb_code][et_pb_text _builder_version=&#8221;4.27.4&#8243; _module_preset=&#8221;default&#8221; text_font=&#8221;||||||||&#8221; text_text_color=&#8221;#000000&#8243; text_font_size=&#8221;3vw&#8221; text_line_height=&#8221;1em&#8221; header_text_color=&#8221;#000000&#8243; header_font_size=&#8221;3vw&#8221; header_line_height=&#8221;1.01em&#8221; header_2_text_color=&#8221;#000000&#8243; header_2_font_size=&#8221;3vw&#8221; header_2_line_height=&#8221;1.01em&#8221; text_orientation=&#8221;center&#8221; custom_margin=&#8221;||0px||false|false&#8221; header_font_size_tablet=&#8221;3vw&#8221; header_font_size_phone=&#8221;26px&#8221; header_font_size_last_edited=&#8221;on|phone&#8221; header_2_font_size_tablet=&#8221;3vw&#8221; header_2_font_size_phone=&#8221;26px&#8221; header_2_font_size_last_edited=&#8221;on|phone&#8221; global_colors_info=&#8221;{}&#8221;]<\/p>\n<h1>\u00bfQu\u00e9 es T10?<\/h1>\n<p>[\/et_pb_text][dipl_separator separator_color=&#8221;#EB0A1E&#8221; _builder_version=&#8221;4.24.0&#8243; _module_preset=&#8221;default&#8221; width=&#8221;80px&#8221; module_alignment=&#8221;center&#8221; locked=&#8221;off&#8221; global_colors_info=&#8221;{}&#8221;][\/dipl_separator][et_pb_text _builder_version=&#8221;4.27.4&#8243; _module_preset=&#8221;default&#8221; text_text_color=&#8221;#000000&#8243; text_font_size=&#8221;22px&#8221; header_text_align=&#8221;center&#8221; header_3_text_align=&#8221;center&#8221; header_3_text_color=&#8221;#000000&#8243; header_3_letter_spacing=&#8221;-1px&#8221; text_orientation=&#8221;center&#8221; custom_margin=&#8221;||1rem||false|false&#8221; global_colors_info=&#8221;{}&#8221;]<\/p>\n<div class=\"amplify-heading amplify-heading--3\" text=\"T10 es  el programa de fidelizaci\u00f3n que Toyota ha desarrollado para sus clientes, ofreciendo mayor respaldo y seguridad. Es una cobertura extendida que protege tu Toyota por hasta 10 a\u00f1os o 200.000 km*, lo primero que ocurra.*\">T10 es el programa de fidelizaci\u00f3n que Toyota ha desarrollado para sus clientes, ofreciendo mayor respaldo y seguridad. Es una cobertura extendida que protege tu Toyota por hasta 10 a\u00f1os o 200.000 km*, lo primero que ocurra.*<\/div>\n<p>[\/et_pb_text][et_pb_text _builder_version=&#8221;4.27.4&#8243; _module_preset=&#8221;default&#8221; text_text_color=&#8221;#000000&#8243; text_font_size=&#8221;12px&#8221; header_text_align=&#8221;center&#8221; header_3_text_align=&#8221;center&#8221; header_3_text_color=&#8221;#000000&#8243; header_3_letter_spacing=&#8221;-1px&#8221; text_orientation=&#8221;center&#8221; global_colors_info=&#8221;{}&#8221;]<\/p>\n<div class=\"amplify-heading amplify-heading--3\" text=\"T10 es  el programa de fidelizaci\u00f3n que Toyota ha desarrollado para sus clientes, ofreciendo mayor respaldo y seguridad. Es una cobertura extendida que protege tu Toyota por hasta 10 a\u00f1os o 200.000 km*, lo primero que ocurra.*\">*No es una garant\u00eda.<\/div>\n<p>[\/et_pb_text][dsm_button button_one_text=&#8221;T\u00e9rminos y condiciones&#8221; button_one_url=&#8221;\/docs\/terminos-y-condiciones-toyota-10-1.pdf&#8221; button_one_url_new_window=&#8221;on&#8221; button_two_text=&#8221;Agenda tu cita taller&#8221; button_two_url=&#8221;@ET-DC@eyJkeW5hbWljIjp0cnVlLCJjb250ZW50IjoicG9zdF9saW5rX3VybF9wYWdlIiwic2V0dGluZ3MiOnsicG9zdF9pZCI6IjMxMDIzNiJ9fQ==@&#8221; button_alignment=&#8221;center&#8221; _builder_version=&#8221;4.27.4&#8243; _dynamic_attributes=&#8221;button_two_url&#8221; _module_preset=&#8221;default&#8221; custom_button_one=&#8221;on&#8221; button_one_text_size=&#8221;16px&#8221; button_one_text_color=&#8221;#FFFFFF&#8221; button_one_bg_color=&#8221;#eb0a1e&#8221; button_one_border_width=&#8221;3px&#8221; button_one_border_color=&#8221;#eb0a1e&#8221; button_one_border_radius=&#8221;99px&#8221; button_one_font=&#8221;|700|||||||&#8221; button_one_icon=&#8221;&#x35;||divi||400&#8243; custom_button_two=&#8221;on&#8221; button_two_text_size=&#8221;16px&#8221; button_two_text_color=&#8221;#FFFFFF&#8221; button_two_bg_color=&#8221;#eb0a1e&#8221; button_two_border_width=&#8221;3px&#8221; button_two_border_color=&#8221;#eb0a1e&#8221; button_two_border_radius=&#8221;99px&#8221; button_two_font=&#8221;|700|||||||&#8221; button_two_icon=&#8221;&#x35;||divi||400&#8243; global_colors_info=&#8221;{}&#8221;][\/dsm_button][et_pb_image src=&#8221;https:\/\/yokomotor.com.co\/toyota\/wp-content\/uploads\/sites\/2\/2025\/09\/t-10-que-banner.webp&#8221; title_text=&#8221;t-10-que-banner&#8221; _builder_version=&#8221;4.27.4&#8243; _module_preset=&#8221;default&#8221; custom_margin=&#8221;||4rem||false|false&#8221; global_colors_info=&#8221;{}&#8221;][\/et_pb_image][et_pb_text _builder_version=&#8221;4.27.4&#8243; _module_preset=&#8221;default&#8221; text_text_color=&#8221;#000000&#8243; header_text_align=&#8221;center&#8221; header_3_text_align=&#8221;center&#8221; header_3_text_color=&#8221;#000000&#8243; header_3_letter_spacing=&#8221;-1px&#8221; text_orientation=&#8221;center&#8221; global_colors_info=&#8221;{}&#8221;]<\/p>\n<h3>Condiciones cobertura<\/h3>\n<p>\u2022 Solamente aplica para veh\u00edculos importados por Automotores Toyota Colombia.<br \/>\u2022 Este plan es adicional a la garant\u00eda de f\u00e1brica y no afecta la aplicaci\u00f3n de dicha garant\u00eda mientras est\u00e9 vigente.<br \/>\u2022 Toyota 10 \u00fanicamente aplica dentro del territorio colombiano, en los Concesionarios de la Red Toyota en Colombia.<\/p>\n<p>[\/et_pb_text][\/et_pb_column][\/et_pb_row][et_pb_row _builder_version=&#8221;4.27.4&#8243; _module_preset=&#8221;default&#8221; background_color=&#8221;#000000&#8243; width=&#8221;90%&#8221; max_width=&#8221;1200px&#8221; custom_padding=&#8221;4rem|4rem|4rem|4rem|true|true&#8221; global_colors_info=&#8221;{}&#8221;][et_pb_column type=&#8221;4_4&#8243; _builder_version=&#8221;4.27.4&#8243; _module_preset=&#8221;default&#8221; global_colors_info=&#8221;{}&#8221;][dsm_image_carousel gallery_ids=&#8221;318381,318382&#8243; slide_to_show=&#8221;1&#8243; arrow_position=&#8221;inside&#8221; dots=&#8221;off&#8221; arrow_color=&#8221;#000000&#8243; arrow_background_color=&#8221;#FFFFFF&#8221; _builder_version=&#8221;4.27.4&#8243; _module_preset=&#8221;default&#8221; global_colors_info=&#8221;{}&#8221;][\/dsm_image_carousel][\/et_pb_column][\/et_pb_row][et_pb_row _builder_version=&#8221;4.27.4&#8243; _module_preset=&#8221;default&#8221; width=&#8221;90%&#8221; max_width=&#8221;1200px&#8221; global_colors_info=&#8221;{}&#8221;][et_pb_column type=&#8221;4_4&#8243; _builder_version=&#8221;4.27.4&#8243; _module_preset=&#8221;default&#8221; global_colors_info=&#8221;{}&#8221;][et_pb_text _builder_version=&#8221;4.27.4&#8243; _module_preset=&#8221;default&#8221; text_text_color=&#8221;#000000&#8243; text_font_size=&#8221;1.2rem&#8221; text_line_height=&#8221;1.2em&#8221; header_text_align=&#8221;center&#8221; header_2_text_align=&#8221;center&#8221; header_2_text_color=&#8221;#000000&#8243; header_2_font_size=&#8221;3rem&#8221; header_2_letter_spacing=&#8221;-1px&#8221; header_3_text_align=&#8221;center&#8221; header_3_text_color=&#8221;#000000&#8243; header_3_font_size=&#8221;3rem&#8221; header_3_letter_spacing=&#8221;-1px&#8221; text_orientation=&#8221;center&#8221; locked=&#8221;off&#8221; global_colors_info=&#8221;{}&#8221;]<\/p>\n<h2>Beneficios<\/h2>\n<p>Premiamos tu fidelidad brind\u00e1ndote el mejor respaldo en tan solo 2 pasos.<\/p>\n<p>[\/et_pb_text][\/et_pb_column][\/et_pb_row][et_pb_row column_structure=&#8221;1_2,1_2&#8243; _builder_version=&#8221;4.27.4&#8243; _module_preset=&#8221;default&#8221; width=&#8221;90%&#8221; max_width=&#8221;1200px&#8221; custom_padding=&#8221;||2rem||false|false&#8221; border_width_bottom=&#8221;1px&#8221; border_color_bottom=&#8221;#d3d3d3&#8243; global_colors_info=&#8221;{}&#8221;][et_pb_column type=&#8221;1_2&#8243; _builder_version=&#8221;4.27.4&#8243; _module_preset=&#8221;default&#8221; global_colors_info=&#8221;{}&#8221;][et_pb_image src=&#8221;https:\/\/yokomotor.com.co\/toyota\/wp-content\/uploads\/sites\/2\/2025\/09\/paso-1.webp&#8221; title_text=&#8221;paso-1&#8243; _builder_version=&#8221;4.27.4&#8243; _module_preset=&#8221;default&#8221; global_colors_info=&#8221;{}&#8221;][\/et_pb_image][et_pb_text _builder_version=&#8221;4.27.4&#8243; _module_preset=&#8221;default&#8221; text_text_color=&#8221;#000000&#8243; text_line_height=&#8221;1.2em&#8221; header_3_text_color=&#8221;#000000&#8243; header_3_line_height=&#8221;1.2em&#8221; global_colors_info=&#8221;{}&#8221;]<\/p>\n<h3>Paso 1: mant\u00e9n tu cobertura<\/h3>\n<p><span>Agenda todas tus revisiones y acude a todos los mantenimientos en nuestros talleres autorizados de la red Toyota<\/span><\/p>\n<p>[\/et_pb_text][\/et_pb_column][et_pb_column type=&#8221;1_2&#8243; _builder_version=&#8221;4.27.4&#8243; _module_preset=&#8221;default&#8221; global_colors_info=&#8221;{}&#8221;][et_pb_image src=&#8221;https:\/\/yokomotor.com.co\/toyota\/wp-content\/uploads\/sites\/2\/2025\/09\/paso-2.webp&#8221; title_text=&#8221;paso-2&#8243; _builder_version=&#8221;4.27.4&#8243; _module_preset=&#8221;default&#8221; global_colors_info=&#8221;{}&#8221;][\/et_pb_image][et_pb_text _builder_version=&#8221;4.27.4&#8243; _module_preset=&#8221;default&#8221; text_text_color=&#8221;#000000&#8243; text_line_height=&#8221;1.2em&#8221; header_3_text_color=&#8221;#000000&#8243; header_3_line_height=&#8221;1.2em&#8221; global_colors_info=&#8221;{}&#8221;]<\/p>\n<h3>Paso 2: Sigue protegido<\/h3>\n<p>Realiza tus mantenimientos en talleres autorizados Toyota y disfruta de tu cobertura comercial hasta el siguiente mantenimiento.[\/et_pb_text][\/et_pb_column][\/et_pb_row][et_pb_row _builder_version=&#8221;4.27.4&#8243; _module_preset=&#8221;default&#8221; width=&#8221;90%&#8221; max_width=&#8221;1200px&#8221; global_colors_info=&#8221;{}&#8221;][et_pb_column type=&#8221;4_4&#8243; _builder_version=&#8221;4.27.4&#8243; _module_preset=&#8221;default&#8221; global_colors_info=&#8221;{}&#8221;][et_pb_text _builder_version=&#8221;4.27.4&#8243; _module_preset=&#8221;default&#8221; text_text_color=&#8221;#000000&#8243; text_font_size=&#8221;1.2rem&#8221; text_line_height=&#8221;1.2em&#8221; header_text_align=&#8221;center&#8221; header_2_text_align=&#8221;left&#8221; header_2_text_color=&#8221;#000000&#8243; header_2_font_size=&#8221;3rem&#8221; header_2_letter_spacing=&#8221;-1px&#8221; header_3_text_align=&#8221;center&#8221; header_3_text_color=&#8221;#000000&#8243; header_3_font_size=&#8221;3rem&#8221; header_3_letter_spacing=&#8221;-1px&#8221; text_orientation=&#8221;center&#8221; custom_margin=&#8221;||0rem||false|false&#8221; locked=&#8221;off&#8221; global_colors_info=&#8221;{}&#8221;]<\/p>\n<h2>Funcionamiento de la cobertura T10<\/h2>\n<p>[\/et_pb_text][et_pb_text _builder_version=&#8221;4.27.4&#8243; _module_preset=&#8221;default&#8221; text_text_color=&#8221;#000000&#8243; text_font_size=&#8221;1.2rem&#8221; text_line_height=&#8221;1.2em&#8221; header_text_align=&#8221;center&#8221; header_2_text_align=&#8221;center&#8221; header_2_text_color=&#8221;#000000&#8243; header_2_font_size=&#8221;3rem&#8221; header_2_letter_spacing=&#8221;-1px&#8221; header_3_text_align=&#8221;center&#8221; header_3_text_color=&#8221;#000000&#8243; header_3_font_size=&#8221;3rem&#8221; header_3_letter_spacing=&#8221;-1px&#8221; locked=&#8221;off&#8221; global_colors_info=&#8221;{}&#8221;]\u2022 Es una cobertura extendida &#8211;> No es una garant\u00eda<br \/>\n\u2022 Se activa por servicio, renov\u00e1ndose cada vez que se visita el concesionario.<br \/>\n\u2022 El servicio de mantenimiento debe ser completo y debe realizarse cada 5.000 \u00b1 1.000 km y\/o 6 meses.<br \/>\n\u2022 La cobertura es hasta por 10 a\u00f1os o 200.000 km, lo primero que ocurra.*[\/et_pb_text][dsm_button button_one_text=&#8221;T\u00e9rminos y condiciones&#8221; button_one_url=&#8221;\/docs\/terminos-y-condiciones-toyota-10-1.pdf&#8221; button_one_url_new_window=&#8221;on&#8221; button_two_text=&#8221;Agenda tu cita taller&#8221; button_two_url=&#8221;@ET-DC@eyJkeW5hbWljIjp0cnVlLCJjb250ZW50IjoicG9zdF9saW5rX3VybF9wYWdlIiwic2V0dGluZ3MiOnsicG9zdF9pZCI6IjMxMDIzNiJ9fQ==@&#8221; button_alignment=&#8221;left&#8221; _builder_version=&#8221;4.27.4&#8243; _dynamic_attributes=&#8221;button_two_url&#8221; _module_preset=&#8221;default&#8221; custom_button_one=&#8221;on&#8221; button_one_text_size=&#8221;16px&#8221; button_one_text_color=&#8221;#FFFFFF&#8221; button_one_bg_color=&#8221;#eb0a1e&#8221; button_one_border_width=&#8221;3px&#8221; button_one_border_color=&#8221;#eb0a1e&#8221; button_one_border_radius=&#8221;99px&#8221; button_one_font=&#8221;|700|||||||&#8221; button_one_icon=&#8221;&#x35;||divi||400&#8243; custom_button_two=&#8221;on&#8221; button_two_text_size=&#8221;16px&#8221; button_two_text_color=&#8221;#FFFFFF&#8221; button_two_bg_color=&#8221;#eb0a1e&#8221; button_two_border_width=&#8221;3px&#8221; button_two_border_color=&#8221;#eb0a1e&#8221; button_two_border_radius=&#8221;99px&#8221; button_two_font=&#8221;|700|||||||&#8221; button_two_icon=&#8221;&#x35;||divi||400&#8243; locked=&#8221;off&#8221; global_colors_info=&#8221;{}&#8221;][\/dsm_button][\/et_pb_column][\/et_pb_row][\/et_pb_section]<\/p>\n","protected":false},"excerpt":{"rendered":"<p><div class=\"breadcrumbs\" typeof=\"BreadcrumbList\" vocab=\"https:\/\/schema.org\/\">\n    <span property=\"itemListElement\" typeof=\"ListItem\"><a property=\"item\" typeof=\"WebPage\" title=\"Ir a Venta de carros | Concesionario Toyota | Yokomotor.\" href=\"https:\/\/yokomotor.com.co\/toyota\" class=\"home\" aria-current=\"page\"><span property=\"name\">Toyota<\/span><\/a><meta property=\"position\" content=\"1\"><\/span><\/div>\n\u00bfQu\u00e9 es T10?<div class=\"et_pb_module dipl_separator dipl_separator_0\">\n\t\t\t\t\n\t\t\t\t\n\t\t\t\t\n\t\t\t\t\n\t\t\t\t\n\t\t\t\t\n\t\t\t\t<div class=\"et_pb_module_inner\">\n\t\t\t\t\t<div class=\"dipl_separator_container align_none\">\n\t\t\t\t\t\t\t\t\t<div class=\"dipl_line dipl_line_before\"><\/div>\n\t\t\t\t\t\t\t\t\t\t\n\t\t\t\t\t\t\t\t\t\t\n\t\t\t\t\t\t\t\t\t\t\n\t\t\t\t\t\t\t\t\t<div class=\"dipl_line dipl_line_after\"><\/div>\n\t\t\t\t\t\t\t\t<\/div>\n\t\t\t\t<\/div>\n\t\t\t<\/div>T10 es el programa de fidelizaci\u00f3n que Toyota ha desarrollado para sus clientes, ofreciendo mayor respaldo y seguridad. Es una cobertura extendida que protege tu Toyota por hasta 10 a\u00f1os o 200.000 km*, lo primero que ocurra.**No es una garant\u00eda.<div class=\"et_pb_module dsm_button dsm_button_0 et_pb_bg_layout_light\">\n\t\t\t\t\n\t\t\t\t\n\t\t\t\t\n\t\t\t\t\n\t\t\t\t\n\t\t\t\t\n\t\t\t\t<div class=\"et_pb_module_inner\">\n\t\t\t\t\t<div class=\"et_pb_button_module_wrappers dsm_button_0_wrapper  et_pb_module\">\n\t\t\t\t<a class=\"et_pb_button et_pb_button_one et_pb_bg_layout_light dsm-none \"  data-dsm-lightbox-id=\"dsm_button_one_lightbox dsm_button_0\"><span>&#8221;T\u00e9rminos<\/span><\/a>\n\t\t\t<\/div>\n\t\t\t\t<\/div>\n\t\t\t<\/div><\/p>\n","protected":false},"author":1,"featured_media":0,"parent":0,"menu_order":0,"comment_status":"closed","ping_status":"closed","template":"","meta":{"_acf_changed":false,"_et_pb_use_builder":"on","_et_pb_old_content":"","_et_gb_content_width":"","inline_featured_image":false,"footnotes":""},"class_list":["post-317249","page","type-page","status-publish","hentry"],"acf":[],"yoast_head":"<!-- This site is optimized with the Yoast SEO Premium plugin v26.9 (Yoast SEO v26.9) - https:\/\/yoast.com\/product\/yoast-seo-premium-wordpress\/ -->\n<title>Campa\u00f1a T10 - Carros Toyota - Yokomotor<\/title>\n<meta name=\"description\" content=\"Consulta la campa\u00f1a Toyota T10. Verifica cobertura y realiza el servicio en Yokomotor con respaldo oficial.\" \/>\n<meta name=\"robots\" content=\"index, follow, max-snippet:-1, max-image-preview:large, max-video-preview:-1\" \/>\n<link rel=\"canonical\" href=\"https:\/\/yokomotor.com.co\/toyota\/camapana-t10\/\" \/>\n<meta property=\"og:locale\" content=\"es_ES\" \/>\n<meta property=\"og:type\" content=\"article\" \/>\n<meta property=\"og:title\" content=\"Campa\u00f1a T10\" \/>\n<meta property=\"og:description\" content=\"Consulta la campa\u00f1a Toyota T10. Verifica cobertura y realiza el servicio en Yokomotor con respaldo oficial.\" \/>\n<meta property=\"og:site_name\" content=\"Venta de carros | Concesionario Toyota | Yokomotor\" \/>\n<meta property=\"article:modified_time\" content=\"2026-03-19T00:09:53+00:00\" \/>\n<meta name=\"twitter:card\" content=\"summary_large_image\" \/>\n<meta name=\"twitter:label1\" content=\"Tiempo de lectura\" \/>\n\t<meta name=\"twitter:data1\" content=\"3 minutos\" \/>\n<script type=\"application\/ld+json\" class=\"yoast-schema-graph\">{\"@context\":\"https:\/\/schema.org\",\"@graph\":[{\"@type\":\"WebPage\",\"@id\":\"https:\/\/yokomotor.com.co\/toyota\/camapana-t10\/\",\"url\":\"https:\/\/yokomotor.com.co\/toyota\/camapana-t10\/\",\"name\":\"Campa\u00f1a T10 - Carros Toyota - Yokomotor\",\"isPartOf\":{\"@id\":\"https:\/\/yokomotor.com.co\/toyota\/#website\"},\"datePublished\":\"2025-04-09T14:25:19+00:00\",\"dateModified\":\"2026-03-19T00:09:53+00:00\",\"description\":\"Consulta la campa\u00f1a Toyota T10. Verifica cobertura y realiza el servicio en Yokomotor con respaldo oficial.\",\"breadcrumb\":{\"@id\":\"https:\/\/yokomotor.com.co\/toyota\/camapana-t10\/#breadcrumb\"},\"inLanguage\":\"es-CO\",\"potentialAction\":[{\"@type\":\"ReadAction\",\"target\":[\"https:\/\/yokomotor.com.co\/toyota\/camapana-t10\/\"]}]},{\"@type\":\"BreadcrumbList\",\"@id\":\"https:\/\/yokomotor.com.co\/toyota\/camapana-t10\/#breadcrumb\",\"itemListElement\":[{\"@type\":\"ListItem\",\"position\":1,\"name\":\"Inicio\",\"item\":\"https:\/\/yokomotor.com.co\/toyota\/\"},{\"@type\":\"ListItem\",\"position\":2,\"name\":\"Campa\u00f1a T10\"}]},{\"@type\":\"WebSite\",\"@id\":\"https:\/\/yokomotor.com.co\/toyota\/#website\",\"url\":\"https:\/\/yokomotor.com.co\/toyota\/\",\"name\":\"Venta de carros | Concesionario Toyota | Yokomotor\",\"description\":\"\",\"potentialAction\":[{\"@type\":\"SearchAction\",\"target\":{\"@type\":\"EntryPoint\",\"urlTemplate\":\"https:\/\/yokomotor.com.co\/toyota\/?s={search_term_string}\"},\"query-input\":{\"@type\":\"PropertyValueSpecification\",\"valueRequired\":true,\"valueName\":\"search_term_string\"}}],\"inLanguage\":\"es-CO\"}]}<\/script>\n<!-- \/ Yoast SEO Premium plugin. -->","yoast_head_json":{"title":"Campa\u00f1a T10 - Carros Toyota - Yokomotor","description":"Consulta la campa\u00f1a Toyota T10. Verifica cobertura y realiza el servicio en Yokomotor con respaldo oficial.","robots":{"index":"index","follow":"follow","max-snippet":"max-snippet:-1","max-image-preview":"max-image-preview:large","max-video-preview":"max-video-preview:-1"},"canonical":"https:\/\/yokomotor.com.co\/toyota\/camapana-t10\/","og_locale":"es_ES","og_type":"article","og_title":"Campa\u00f1a T10","og_description":"Consulta la campa\u00f1a Toyota T10. Verifica cobertura y realiza el servicio en Yokomotor con respaldo oficial.","og_site_name":"Venta de carros | Concesionario Toyota | Yokomotor","article_modified_time":"2026-03-19T00:09:53+00:00","twitter_card":"summary_large_image","twitter_misc":{"Tiempo de lectura":"3 minutos"},"schema":{"@context":"https:\/\/schema.org","@graph":[{"@type":"WebPage","@id":"https:\/\/yokomotor.com.co\/toyota\/camapana-t10\/","url":"https:\/\/yokomotor.com.co\/toyota\/camapana-t10\/","name":"Campa\u00f1a T10 - Carros Toyota - Yokomotor","isPartOf":{"@id":"https:\/\/yokomotor.com.co\/toyota\/#website"},"datePublished":"2025-04-09T14:25:19+00:00","dateModified":"2026-03-19T00:09:53+00:00","description":"Consulta la campa\u00f1a Toyota T10. Verifica cobertura y realiza el servicio en Yokomotor con respaldo oficial.","breadcrumb":{"@id":"https:\/\/yokomotor.com.co\/toyota\/camapana-t10\/#breadcrumb"},"inLanguage":"es-CO","potentialAction":[{"@type":"ReadAction","target":["https:\/\/yokomotor.com.co\/toyota\/camapana-t10\/"]}]},{"@type":"BreadcrumbList","@id":"https:\/\/yokomotor.com.co\/toyota\/camapana-t10\/#breadcrumb","itemListElement":[{"@type":"ListItem","position":1,"name":"Inicio","item":"https:\/\/yokomotor.com.co\/toyota\/"},{"@type":"ListItem","position":2,"name":"Campa\u00f1a T10"}]},{"@type":"WebSite","@id":"https:\/\/yokomotor.com.co\/toyota\/#website","url":"https:\/\/yokomotor.com.co\/toyota\/","name":"Venta de carros | Concesionario Toyota | Yokomotor","description":"","potentialAction":[{"@type":"SearchAction","target":{"@type":"EntryPoint","urlTemplate":"https:\/\/yokomotor.com.co\/toyota\/?s={search_term_string}"},"query-input":{"@type":"PropertyValueSpecification","valueRequired":true,"valueName":"search_term_string"}}],"inLanguage":"es-CO"}]}},"_links":{"self":[{"href":"https:\/\/yokomotor.com.co\/toyota\/wp-json\/wp\/v2\/pages\/317249","targetHints":{"allow":["GET"]}}],"collection":[{"href":"https:\/\/yokomotor.com.co\/toyota\/wp-json\/wp\/v2\/pages"}],"about":[{"href":"https:\/\/yokomotor.com.co\/toyota\/wp-json\/wp\/v2\/types\/page"}],"author":[{"embeddable":true,"href":"https:\/\/yokomotor.com.co\/toyota\/wp-json\/wp\/v2\/users\/1"}],"replies":[{"embeddable":true,"href":"https:\/\/yokomotor.com.co\/toyota\/wp-json\/wp\/v2\/comments?post=317249"}],"version-history":[{"count":5,"href":"https:\/\/yokomotor.com.co\/toyota\/wp-json\/wp\/v2\/pages\/317249\/revisions"}],"predecessor-version":[{"id":319163,"href":"https:\/\/yokomotor.com.co\/toyota\/wp-json\/wp\/v2\/pages\/317249\/revisions\/319163"}],"wp:attachment":[{"href":"https:\/\/yokomotor.com.co\/toyota\/wp-json\/wp\/v2\/media?parent=317249"}],"curies":[{"name":"wp","href":"https:\/\/api.w.org\/{rel}","templated":true}]}}