{"id":318320,"date":"2025-09-17T08:40:18","date_gmt":"2025-09-17T13:40:18","guid":{"rendered":"https:\/\/yokomotor.com.co\/toyota\/?page_id=318320"},"modified":"2026-03-18T19:10:06","modified_gmt":"2026-03-19T00:10:06","slug":"mantenimiento-prepagado","status":"publish","type":"page","link":"https:\/\/yokomotor.com.co\/toyota\/mantenimiento\/mantenimiento-prepagado\/","title":{"rendered":"Mantenimiento Prepagado"},"content":{"rendered":"<p>[et_pb_section fb_built=&#8221;1&#8243; _builder_version=&#8221;4.27.4&#8243; _module_preset=&#8221;default&#8221; custom_padding=&#8221;0px||0px||true|false&#8221; global_colors_info=&#8221;{}&#8221;][et_pb_row _builder_version=&#8221;4.27.4&#8243; _module_preset=&#8221;default&#8221; width=&#8221;100%&#8221; max_width=&#8221;100%&#8221; custom_padding=&#8221;0px||0px||true|false&#8221; global_colors_info=&#8221;{}&#8221;][et_pb_column type=&#8221;4_4&#8243; _builder_version=&#8221;4.27.4&#8243; _module_preset=&#8221;default&#8221; global_colors_info=&#8221;{}&#8221;][et_pb_image src=&#8221;https:\/\/yokomotor.com.co\/toyota\/wp-content\/uploads\/sites\/2\/2025\/09\/yokomotor-mantenimiento-prepagado-banner-desktop-scaled.webp&#8221; title_text=&#8221;yokomotor-mantenimiento-prepagado-banner&#8211;mobile&#8221; src_tablet=&#8221;https:\/\/yokomotor.com.co\/toyota\/wp-content\/uploads\/sites\/2\/2025\/09\/yokomotor-mantenimiento-prepagado-banner-desktop-scaled.webp&#8221; src_phone=&#8221;https:\/\/yokomotor.com.co\/toyota\/wp-content\/uploads\/sites\/2\/2025\/09\/yokomotor-mantenimiento-prepagado-banner-mobile.webp&#8221; src_last_edited=&#8221;on|phone&#8221; _builder_version=&#8221;4.27.4&#8243; _module_preset=&#8221;default&#8221; global_colors_info=&#8221;{}&#8221;][\/et_pb_image][\/et_pb_column][\/et_pb_row][\/et_pb_section][et_pb_section fb_built=&#8221;1&#8243; module_id=&#8221;info&#8221; _builder_version=&#8221;4.27.4&#8243; _module_preset=&#8221;default&#8221; custom_padding=&#8221;35px||25px||false|false&#8221; global_colors_info=&#8221;{}&#8221;][et_pb_row _builder_version=&#8221;4.24.0&#8243; _module_preset=&#8221;default&#8221; custom_padding=&#8221;0px||0px||false|false&#8221; locked=&#8221;off&#8221; global_colors_info=&#8221;{}&#8221;][et_pb_column type=&#8221;4_4&#8243; _builder_version=&#8221;4.21.0&#8243; _module_preset=&#8221;default&#8221; global_colors_info=&#8221;{}&#8221;][et_pb_code admin_label=&#8221;Nav XT Breadcrumb&#8221; module_class=&#8221;yoastBreadcrumbs&#8221; _builder_version=&#8221;4.27.4&#8243; _module_preset=&#8221;default&#8221; text_orientation=&#8221;center&#8221; custom_margin=&#8221;||0px||false|false&#8221; locked=&#8221;off&#8221; global_colors_info=&#8221;{}&#8221;]<div class=\"breadcrumbs\" typeof=\"BreadcrumbList\" vocab=\"https:\/\/schema.org\/\">\n    <span property=\"itemListElement\" typeof=\"ListItem\"><a property=\"item\" typeof=\"WebPage\" title=\"Ir a Venta de carros | Concesionario Toyota | Yokomotor.\" href=\"https:\/\/yokomotor.com.co\/toyota\" class=\"home\" aria-current=\"page\"><span property=\"name\">Toyota<\/span><\/a><meta property=\"position\" content=\"1\"><\/span><\/div>\n[\/et_pb_code][et_pb_text _builder_version=&#8221;4.27.4&#8243; _module_preset=&#8221;default&#8221; text_font=&#8221;Toyota Semi-bold||||||||&#8221; text_text_color=&#8221;#000000&#8243; text_font_size=&#8221;2rem&#8221; header_text_align=&#8221;center&#8221; header_text_color=&#8221;#000000&#8243; header_line_height=&#8221;1.2em&#8221; text_orientation=&#8221;center&#8221; custom_margin=&#8221;||1rem||false|false&#8221; custom_css_free_form=&#8221;selector h1{||  padding-bottom: 0px;||}&#8221; global_colors_info=&#8221;{}&#8221;]<\/p>\n<h1>Mantenimiento Prepagado<\/h1>\n<p>[\/et_pb_text][dipl_separator separator_color=&#8221;#EB0A1E&#8221; _builder_version=&#8221;4.27.4&#8243; _module_preset=&#8221;default&#8221; width=&#8221;80px&#8221; module_alignment=&#8221;center&#8221; custom_margin=&#8221;||4rem||false|false&#8221; locked=&#8221;off&#8221; global_colors_info=&#8221;{}&#8221;][\/dipl_separator][et_pb_image src=&#8221;https:\/\/yokomotor.com.co\/toyota\/wp-content\/uploads\/sites\/2\/2025\/09\/exclamation.webp&#8221; title_text=&#8221;exclamation&#8221; align=&#8221;center&#8221; _builder_version=&#8221;4.27.4&#8243; _module_preset=&#8221;default&#8221; custom_margin=&#8221;||4px||false|false&#8221; global_colors_info=&#8221;{}&#8221;][\/et_pb_image][et_pb_text _builder_version=&#8221;4.27.4&#8243; _module_preset=&#8221;default&#8221; text_text_color=&#8221;#000000&#8243; text_font_size=&#8221;14px&#8221; text_orientation=&#8221;center&#8221; custom_margin=&#8221;||0.5rem||false|false&#8221; global_colors_info=&#8221;{}&#8221;]<\/p>\n<p>Si no eres parte de nuestro programa<\/p>\n<p>[\/et_pb_text][et_pb_text _builder_version=&#8221;4.27.4&#8243; _module_preset=&#8221;default&#8221; text_font=&#8221;Toyota Light||||||||&#8221; text_text_color=&#8221;#000000&#8243; text_font_size=&#8221;2rem&#8221; text_line_height=&#8221;100%&#8221; text_orientation=&#8221;center&#8221; global_colors_info=&#8221;{}&#8221;]<\/p>\n<p><strong>Adquiere<\/strong> nuestro programa de mantenimiento y aprovecha<\/p>\n<p>[\/et_pb_text][\/et_pb_column][\/et_pb_row][et_pb_row custom_padding_last_edited=&#8221;on|phone&#8221; _builder_version=&#8221;4.27.4&#8243; _module_preset=&#8221;default&#8221; background_color=&#8221;#161b1e&#8221; custom_margin=&#8221;2rem||1rem||false|false&#8221; custom_padding=&#8221;4rem|4rem|4rem|4rem|true|true&#8221; custom_padding_tablet=&#8221;4rem|4rem|4rem|4rem|true|true&#8221; custom_padding_phone=&#8221;1rem|1rem|1rem|1rem|true|true&#8221; global_colors_info=&#8221;{}&#8221;][et_pb_column type=&#8221;4_4&#8243; _builder_version=&#8221;4.27.4&#8243; _module_preset=&#8221;default&#8221; global_colors_info=&#8221;{}&#8221;][et_pb_image src=&#8221;https:\/\/yokomotor.com.co\/toyota\/wp-content\/uploads\/sites\/2\/2025\/09\/yokomotor-mantenimiento-prepagado-1.webp&#8221; title_text=&#8221;yokomotor-mantenimiento-prepagado-1&#8243; _builder_version=&#8221;4.27.4&#8243; _module_preset=&#8221;default&#8221; global_colors_info=&#8221;{}&#8221;][\/et_pb_image][\/et_pb_column][\/et_pb_row][et_pb_row _builder_version=&#8221;4.27.4&#8243; _module_preset=&#8221;default&#8221; custom_padding=&#8221;0px||||false|false&#8221; global_colors_info=&#8221;{}&#8221;][et_pb_column type=&#8221;4_4&#8243; _builder_version=&#8221;4.27.4&#8243; _module_preset=&#8221;default&#8221; global_colors_info=&#8221;{}&#8221;][et_pb_text _builder_version=&#8221;4.27.4&#8243; _module_preset=&#8221;default&#8221; text_font=&#8221;Toyota Light||||||||&#8221; text_text_color=&#8221;#000000&#8243; text_font_size=&#8221;10px&#8221; text_line_height=&#8221;1.2em&#8221; global_colors_info=&#8221;{}&#8221;]<\/p>\n<p><span>\u201c*Im\u00e1genes de referencia. *Disponible para todos los veh\u00edculos comercializados por los concesionarios autorizados por Automotores Toyota Colombia en el territorio nacional. Vigencia del 03 de junio hasta el 31 de diciembre de 2025. Campa\u00f1a exclusiva para clientes Toyota con Mantenimiento Planeado Toyota vencido o que no cuenten con ning\u00fan plan de fidelizaci\u00f3n ofrecido por la marca. Descuento de *hasta el 30% sobre el valor en lista de los repuestos seleccionados en esta campa\u00f1a: amortiguadores (30%) de descuento, plumillas (30%) de descuento, bandas de frenos (25%) de descuento, pastillas de frenos traseras (25%) de descuento, pastillas de frenos delanteras (25%) de descuento. El descuento no es acumulable con otras ofertas y referencias, ser\u00e1 otorgado por \u00fanica vez por la compra del \u201cprograma Mantenimiento Prepagado Toyota\u201d y, se hace efectivo al momento de la compra durante la vigencia de la campa\u00f1a y ser\u00e1 descontado del valor total de la factura. El valor del descuento es con impuestos incluidos (IVA e IMPOCONSUMO). El plan de Mantenimiento Prepagado Toyota y los descuentos especiales en Repuestos Genuinos Toyota de la campa\u00f1a podr\u00e1n adquirirse en los Concesionarios autorizados a nivel nacional por la marca durante la vigencia de esta campa\u00f1a. Disponibilidad de los repuestos sujeta a existencia de inventario en cada concesionario. *Consulta con tu asesor de servicio en el concesionario de tu preferencia las condiciones del programa Mantenimiento Prepagado Toyota. * El costo adicional de la de la mano de obra puede variar de acuerdo con las condiciones establecidas por cada concesionario\u201d.<\/span><\/p>\n<p>[\/et_pb_text][\/et_pb_column][\/et_pb_row][et_pb_row _builder_version=&#8221;4.24.0&#8243; _module_preset=&#8221;default&#8221; custom_padding=&#8221;0px||0px||false|false&#8221; locked=&#8221;off&#8221; global_colors_info=&#8221;{}&#8221;][et_pb_column type=&#8221;4_4&#8243; _builder_version=&#8221;4.21.0&#8243; _module_preset=&#8221;default&#8221; global_colors_info=&#8221;{}&#8221;][et_pb_image src=&#8221;https:\/\/yokomotor.com.co\/toyota\/wp-content\/uploads\/sites\/2\/2025\/09\/exclamation.webp&#8221; title_text=&#8221;exclamation&#8221; align=&#8221;center&#8221; _builder_version=&#8221;4.27.4&#8243; _module_preset=&#8221;default&#8221; custom_margin=&#8221;||4px||false|false&#8221; global_colors_info=&#8221;{}&#8221;][\/et_pb_image][et_pb_text _builder_version=&#8221;4.27.4&#8243; _module_preset=&#8221;default&#8221; text_text_color=&#8221;#000000&#8243; text_font_size=&#8221;14px&#8221; text_orientation=&#8221;center&#8221; custom_margin=&#8221;||0.5rem||false|false&#8221; global_colors_info=&#8221;{}&#8221;]<\/p>\n<p>Si ya eres parte de nuestro programa<\/p>\n<p>[\/et_pb_text][et_pb_text _builder_version=&#8221;4.27.4&#8243; _module_preset=&#8221;default&#8221; text_font=&#8221;Toyota Light||||||||&#8221; text_text_color=&#8221;#000000&#8243; text_font_size=&#8221;2rem&#8221; text_line_height=&#8221;100%&#8221; text_orientation=&#8221;center&#8221; global_colors_info=&#8221;{}&#8221;]<\/p>\n<p><b>Realiza tu <\/b>mantenimiento y aprovecha<\/p>\n<p>[\/et_pb_text][\/et_pb_column][\/et_pb_row][et_pb_row custom_padding_last_edited=&#8221;on|phone&#8221; _builder_version=&#8221;4.27.4&#8243; _module_preset=&#8221;default&#8221; background_color=&#8221;#161b1e&#8221; custom_margin=&#8221;2rem||1rem||false|false&#8221; custom_padding=&#8221;4rem|4rem|4rem|4rem|true|true&#8221; custom_padding_tablet=&#8221;4rem|4rem|4rem|4rem|true|true&#8221; custom_padding_phone=&#8221;1rem|1rem|1rem|1rem|true|true&#8221; locked=&#8221;off&#8221; global_colors_info=&#8221;{}&#8221;][et_pb_column type=&#8221;4_4&#8243; _builder_version=&#8221;4.27.4&#8243; _module_preset=&#8221;default&#8221; global_colors_info=&#8221;{}&#8221;][et_pb_image src=&#8221;https:\/\/yokomotor.com.co\/toyota\/wp-content\/uploads\/sites\/2\/2025\/09\/yokomotor-mantenimiento-prepagado-2.webp&#8221; title_text=&#8221;yokomotor-mantenimiento-prepagado-2&#8243; _builder_version=&#8221;4.27.4&#8243; _module_preset=&#8221;default&#8221; global_colors_info=&#8221;{}&#8221;][\/et_pb_image][\/et_pb_column][\/et_pb_row][et_pb_row _builder_version=&#8221;4.27.4&#8243; _module_preset=&#8221;default&#8221; custom_padding=&#8221;0px||||false|false&#8221; locked=&#8221;off&#8221; global_colors_info=&#8221;{}&#8221;][et_pb_column type=&#8221;4_4&#8243; _builder_version=&#8221;4.27.4&#8243; _module_preset=&#8221;default&#8221; global_colors_info=&#8221;{}&#8221;][et_pb_text _builder_version=&#8221;4.27.4&#8243; _module_preset=&#8221;default&#8221; text_font=&#8221;Toyota Light||||||||&#8221; text_text_color=&#8221;#000000&#8243; text_font_size=&#8221;10px&#8221; text_line_height=&#8221;1.2em&#8221; global_colors_info=&#8221;{}&#8221;]<\/p>\n<p><span>\u201c*Im\u00e1genes de referencia. *Disponible para todos los veh\u00edculos comercializados por los concesionarios autorizados por Automotores Toyota Colombia en el territorio nacional. Vigencia del 03 de junio hasta el 31 de diciembre de 2025. Campa\u00f1a exclusiva para clientes Toyota con Mantenimiento Prepagado Toyota vigente. Descuento de *hasta el 30% sobre el valor en lista de los repuestos seleccionados en esta campa\u00f1a: amortiguadores (30%) de descuento, plumillas (30%) de descuento, bandas de frenos (25%) de descuento, pastillas de frenos traseras (25%) de descuento, pastillas de frenos delanteras (25%) de descuento. El descuento no es acumulable con otras ofertas y referencias, ser\u00e1 otorgado por \u00fanica vez al hacer efectivo el programa de \u201cMantenimiento Prepagado Toyota vigente\u201d durante la vigencia de la campa\u00f1a y ser\u00e1 descontado del valor total de la factura. El valor del descuento es con impuestos incluidos (IVA e IMPOCONSUMO). El plan de Mantenimiento Prepagado Toyota y los descuentos especiales en Repuestos Genuinos Toyota de la campa\u00f1a podr\u00e1n adquirirse en los Concesionarios autorizados a nivel nacional por la marca durante la vigencia de esta campa\u00f1a. Disponibilidad de los repuestos sujeta a existencia de inventario en cada concesionario. * Consulta con tu asesor de servicio en el concesionario de tu preferencia las condiciones del programa Mantenimiento Prepagado Toyota. * El costo adicional de la de la mano de obra puede variar de acuerdo con las condiciones establecidas por cada concesionario\u201d.<\/span><\/p>\n<p>[\/et_pb_text][\/et_pb_column][\/et_pb_row][et_pb_row _builder_version=&#8221;4.27.4&#8243; _module_preset=&#8221;default&#8221; custom_margin=&#8221;2rem||||false|false&#8221; custom_padding=&#8221;0px||0px||false|false&#8221; locked=&#8221;off&#8221; global_colors_info=&#8221;{}&#8221;][et_pb_column type=&#8221;4_4&#8243; _builder_version=&#8221;4.21.0&#8243; _module_preset=&#8221;default&#8221; global_colors_info=&#8221;{}&#8221;][et_pb_text _builder_version=&#8221;4.27.4&#8243; _module_preset=&#8221;default&#8221; text_font=&#8221;Toyota Semi-bold||||||||&#8221; text_text_color=&#8221;#000000&#8243; text_font_size=&#8221;2rem&#8221; header_text_align=&#8221;center&#8221; header_text_color=&#8221;#000000&#8243; header_2_text_align=&#8221;center&#8221; header_2_text_color=&#8221;#000000&#8243; header_2_line_height=&#8221;1.2em&#8221; text_orientation=&#8221;center&#8221; custom_margin=&#8221;||1rem||false|false&#8221; custom_css_free_form=&#8221;selector h1{||  padding-bottom: 0px;||}&#8221; global_colors_info=&#8221;{}&#8221;]<\/p>\n<h2>Mantenimiento Prepagado Toyota<\/h2>\n<p>[\/et_pb_text][dipl_separator separator_color=&#8221;#EB0A1E&#8221; _builder_version=&#8221;4.27.4&#8243; _module_preset=&#8221;default&#8221; width=&#8221;80px&#8221; module_alignment=&#8221;center&#8221; custom_margin=&#8221;||1rem||false|false&#8221; locked=&#8221;off&#8221; global_colors_info=&#8221;{}&#8221;][\/dipl_separator][et_pb_text _builder_version=&#8221;4.27.4&#8243; _module_preset=&#8221;default&#8221; text_text_color=&#8221;#000000&#8243; text_orientation=&#8221;center&#8221; custom_margin=&#8221;||0.5rem||false|false&#8221; locked=&#8221;off&#8221; global_colors_info=&#8221;{}&#8221;]<\/p>\n<p><span>Es un programa que Toyota ha desarrollado para quienes tienen su Mantenimiento Planeado Toyota (MPT) vencido o no cuentan con un plan de fidelizaci\u00f3n, este programa brinda la posibilidad de aprovechar los beneficios de un mantenimiento respaldado, sin importar el kilometraje del veh\u00edculo Toyota.<\/span><\/p>\n<p>[\/et_pb_text][\/et_pb_column][\/et_pb_row][et_pb_row _builder_version=&#8221;4.27.4&#8243; _module_preset=&#8221;default&#8221; background_color=&#8221;#161b1e&#8221; custom_margin=&#8221;2rem||||false|false&#8221; global_colors_info=&#8221;{}&#8221;][et_pb_column type=&#8221;4_4&#8243; _builder_version=&#8221;4.27.4&#8243; _module_preset=&#8221;default&#8221; global_colors_info=&#8221;{}&#8221;][et_pb_text _builder_version=&#8221;4.27.4&#8243; _module_preset=&#8221;default&#8221; text_font=&#8221;&#8211;et_global_heading_font||||||||&#8221; text_text_color=&#8221;#FFFFFF&#8221; text_font_size=&#8221;1.5rem&#8221; text_orientation=&#8221;center&#8221; custom_margin=&#8221;||1rem||false|false&#8221; global_colors_info=&#8221;{}&#8221;]<\/p>\n<p>Beneficios principales<\/p>\n<p>[\/et_pb_text][et_pb_image src=&#8221;https:\/\/yokomotor.com.co\/toyota\/wp-content\/uploads\/sites\/2\/2025\/09\/yokomotor-mantenimiento-prepagado-3.webp&#8221; title_text=&#8221;yokomotor-mantenimiento-prepagado-3&#8243; align=&#8221;center&#8221; _builder_version=&#8221;4.27.4&#8243; _module_preset=&#8221;default&#8221; global_colors_info=&#8221;{}&#8221;][\/et_pb_image][\/et_pb_column][\/et_pb_row][\/et_pb_section]<\/p>\n","protected":false},"excerpt":{"rendered":"<p><div class=\"breadcrumbs\" typeof=\"BreadcrumbList\" vocab=\"https:\/\/schema.org\/\">\n    <span property=\"itemListElement\" typeof=\"ListItem\"><a property=\"item\" typeof=\"WebPage\" title=\"Ir a Venta de carros | Concesionario Toyota | Yokomotor.\" href=\"https:\/\/yokomotor.com.co\/toyota\" class=\"home\" aria-current=\"page\"><span property=\"name\">Toyota<\/span><\/a><meta property=\"position\" content=\"1\"><\/span><\/div>\nMantenimiento Prepagado<div class=\"et_pb_module dipl_separator dipl_separator_0\">\n\t\t\t\t\n\t\t\t\t\n\t\t\t\t\n\t\t\t\t\n\t\t\t\t\n\t\t\t\t\n\t\t\t\t<div class=\"et_pb_module_inner\">\n\t\t\t\t\t<div class=\"dipl_separator_container align_none\">\n\t\t\t\t\t\t\t\t\t<div class=\"dipl_line dipl_line_before\"><\/div>\n\t\t\t\t\t\t\t\t\t\t\n\t\t\t\t\t\t\t\t\t\t\n\t\t\t\t\t\t\t\t\t\t\n\t\t\t\t\t\t\t\t\t<div class=\"dipl_line dipl_line_after\"><\/div>\n\t\t\t\t\t\t\t\t<\/div>\n\t\t\t\t<\/div>\n\t\t\t<\/div>Si no eres parte de nuestro programaAdquiere nuestro programa de mantenimiento y aprovecha\u201c*Im\u00e1genes de referencia. *Disponible para todos los veh\u00edculos comercializados por los concesionarios autorizados por Automotores Toyota Colombia en el territorio nacional. Vigencia del 03 de junio hasta el 31 de diciembre [&hellip;]<\/p>\n","protected":false},"author":1,"featured_media":0,"parent":318305,"menu_order":0,"comment_status":"closed","ping_status":"closed","template":"","meta":{"_acf_changed":false,"_et_pb_use_builder":"on","_et_pb_old_content":"","_et_gb_content_width":"","inline_featured_image":false,"footnotes":""},"class_list":["post-318320","page","type-page","status-publish","hentry"],"acf":[],"yoast_head":"<!-- This site is optimized with the Yoast SEO Premium plugin v26.9 (Yoast SEO v26.9) - https:\/\/yoast.com\/product\/yoast-seo-premium-wordpress\/ -->\n<title>Mantenimiento Prepagado - Carros Toyota - Yokomotor<\/title>\n<meta name=\"description\" content=\"Ahorra con mantenimiento prepagado Toyota. Planifica tus servicios con beneficios exclusivos en Yokomotor.\" \/>\n<meta name=\"robots\" content=\"index, follow, max-snippet:-1, max-image-preview:large, max-video-preview:-1\" \/>\n<link rel=\"canonical\" href=\"https:\/\/yokomotor.com.co\/toyota\/mantenimiento\/mantenimiento-prepagado\/\" \/>\n<meta property=\"og:locale\" content=\"es_ES\" \/>\n<meta property=\"og:type\" content=\"article\" \/>\n<meta property=\"og:title\" content=\"Mantenimiento Prepagado\" \/>\n<meta property=\"og:description\" content=\"Ahorra con mantenimiento prepagado Toyota. Planifica tus servicios con beneficios exclusivos en Yokomotor.\" \/>\n<meta property=\"og:site_name\" content=\"Venta de carros | Concesionario Toyota | Yokomotor\" \/>\n<meta property=\"article:modified_time\" content=\"2026-03-19T00:10:06+00:00\" \/>\n<meta name=\"twitter:card\" content=\"summary_large_image\" \/>\n<meta name=\"twitter:label1\" content=\"Tiempo de lectura\" \/>\n\t<meta name=\"twitter:data1\" content=\"4 minutos\" \/>\n<script type=\"application\/ld+json\" class=\"yoast-schema-graph\">{\"@context\":\"https:\/\/schema.org\",\"@graph\":[{\"@type\":\"WebPage\",\"@id\":\"https:\/\/yokomotor.com.co\/toyota\/mantenimiento\/mantenimiento-prepagado\/\",\"url\":\"https:\/\/yokomotor.com.co\/toyota\/mantenimiento\/mantenimiento-prepagado\/\",\"name\":\"Mantenimiento Prepagado - Carros Toyota - Yokomotor\",\"isPartOf\":{\"@id\":\"https:\/\/yokomotor.com.co\/toyota\/#website\"},\"datePublished\":\"2025-09-17T13:40:18+00:00\",\"dateModified\":\"2026-03-19T00:10:06+00:00\",\"description\":\"Ahorra con mantenimiento prepagado Toyota. Planifica tus servicios con beneficios exclusivos en Yokomotor.\",\"breadcrumb\":{\"@id\":\"https:\/\/yokomotor.com.co\/toyota\/mantenimiento\/mantenimiento-prepagado\/#breadcrumb\"},\"inLanguage\":\"es-CO\",\"potentialAction\":[{\"@type\":\"ReadAction\",\"target\":[\"https:\/\/yokomotor.com.co\/toyota\/mantenimiento\/mantenimiento-prepagado\/\"]}]},{\"@type\":\"BreadcrumbList\",\"@id\":\"https:\/\/yokomotor.com.co\/toyota\/mantenimiento\/mantenimiento-prepagado\/#breadcrumb\",\"itemListElement\":[{\"@type\":\"ListItem\",\"position\":1,\"name\":\"Inicio\",\"item\":\"https:\/\/yokomotor.com.co\/toyota\/\"},{\"@type\":\"ListItem\",\"position\":2,\"name\":\"Mantenimiento\",\"item\":\"https:\/\/yokomotor.com.co\/toyota\/mantenimiento\/\"},{\"@type\":\"ListItem\",\"position\":3,\"name\":\"Mantenimiento Prepagado\"}]},{\"@type\":\"WebSite\",\"@id\":\"https:\/\/yokomotor.com.co\/toyota\/#website\",\"url\":\"https:\/\/yokomotor.com.co\/toyota\/\",\"name\":\"Venta de carros | Concesionario Toyota | Yokomotor\",\"description\":\"\",\"potentialAction\":[{\"@type\":\"SearchAction\",\"target\":{\"@type\":\"EntryPoint\",\"urlTemplate\":\"https:\/\/yokomotor.com.co\/toyota\/?s={search_term_string}\"},\"query-input\":{\"@type\":\"PropertyValueSpecification\",\"valueRequired\":true,\"valueName\":\"search_term_string\"}}],\"inLanguage\":\"es-CO\"}]}<\/script>\n<!-- \/ Yoast SEO Premium plugin. -->","yoast_head_json":{"title":"Mantenimiento Prepagado - Carros Toyota - Yokomotor","description":"Ahorra con mantenimiento prepagado Toyota. Planifica tus servicios con beneficios exclusivos en Yokomotor.","robots":{"index":"index","follow":"follow","max-snippet":"max-snippet:-1","max-image-preview":"max-image-preview:large","max-video-preview":"max-video-preview:-1"},"canonical":"https:\/\/yokomotor.com.co\/toyota\/mantenimiento\/mantenimiento-prepagado\/","og_locale":"es_ES","og_type":"article","og_title":"Mantenimiento Prepagado","og_description":"Ahorra con mantenimiento prepagado Toyota. Planifica tus servicios con beneficios exclusivos en Yokomotor.","og_site_name":"Venta de carros | Concesionario Toyota | Yokomotor","article_modified_time":"2026-03-19T00:10:06+00:00","twitter_card":"summary_large_image","twitter_misc":{"Tiempo de lectura":"4 minutos"},"schema":{"@context":"https:\/\/schema.org","@graph":[{"@type":"WebPage","@id":"https:\/\/yokomotor.com.co\/toyota\/mantenimiento\/mantenimiento-prepagado\/","url":"https:\/\/yokomotor.com.co\/toyota\/mantenimiento\/mantenimiento-prepagado\/","name":"Mantenimiento Prepagado - Carros Toyota - Yokomotor","isPartOf":{"@id":"https:\/\/yokomotor.com.co\/toyota\/#website"},"datePublished":"2025-09-17T13:40:18+00:00","dateModified":"2026-03-19T00:10:06+00:00","description":"Ahorra con mantenimiento prepagado Toyota. Planifica tus servicios con beneficios exclusivos en Yokomotor.","breadcrumb":{"@id":"https:\/\/yokomotor.com.co\/toyota\/mantenimiento\/mantenimiento-prepagado\/#breadcrumb"},"inLanguage":"es-CO","potentialAction":[{"@type":"ReadAction","target":["https:\/\/yokomotor.com.co\/toyota\/mantenimiento\/mantenimiento-prepagado\/"]}]},{"@type":"BreadcrumbList","@id":"https:\/\/yokomotor.com.co\/toyota\/mantenimiento\/mantenimiento-prepagado\/#breadcrumb","itemListElement":[{"@type":"ListItem","position":1,"name":"Inicio","item":"https:\/\/yokomotor.com.co\/toyota\/"},{"@type":"ListItem","position":2,"name":"Mantenimiento","item":"https:\/\/yokomotor.com.co\/toyota\/mantenimiento\/"},{"@type":"ListItem","position":3,"name":"Mantenimiento Prepagado"}]},{"@type":"WebSite","@id":"https:\/\/yokomotor.com.co\/toyota\/#website","url":"https:\/\/yokomotor.com.co\/toyota\/","name":"Venta de carros | Concesionario Toyota | Yokomotor","description":"","potentialAction":[{"@type":"SearchAction","target":{"@type":"EntryPoint","urlTemplate":"https:\/\/yokomotor.com.co\/toyota\/?s={search_term_string}"},"query-input":{"@type":"PropertyValueSpecification","valueRequired":true,"valueName":"search_term_string"}}],"inLanguage":"es-CO"}]}},"_links":{"self":[{"href":"https:\/\/yokomotor.com.co\/toyota\/wp-json\/wp\/v2\/pages\/318320","targetHints":{"allow":["GET"]}}],"collection":[{"href":"https:\/\/yokomotor.com.co\/toyota\/wp-json\/wp\/v2\/pages"}],"about":[{"href":"https:\/\/yokomotor.com.co\/toyota\/wp-json\/wp\/v2\/types\/page"}],"author":[{"embeddable":true,"href":"https:\/\/yokomotor.com.co\/toyota\/wp-json\/wp\/v2\/users\/1"}],"replies":[{"embeddable":true,"href":"https:\/\/yokomotor.com.co\/toyota\/wp-json\/wp\/v2\/comments?post=318320"}],"version-history":[{"count":6,"href":"https:\/\/yokomotor.com.co\/toyota\/wp-json\/wp\/v2\/pages\/318320\/revisions"}],"predecessor-version":[{"id":319167,"href":"https:\/\/yokomotor.com.co\/toyota\/wp-json\/wp\/v2\/pages\/318320\/revisions\/319167"}],"up":[{"embeddable":true,"href":"https:\/\/yokomotor.com.co\/toyota\/wp-json\/wp\/v2\/pages\/318305"}],"wp:attachment":[{"href":"https:\/\/yokomotor.com.co\/toyota\/wp-json\/wp\/v2\/media?parent=318320"}],"curies":[{"name":"wp","href":"https:\/\/api.w.org\/{rel}","templated":true}]}}