{"id":324091,"date":"2025-03-21T09:15:32","date_gmt":"2025-03-21T14:15:32","guid":{"rendered":"https:\/\/yokomotor.com.co\/usados\/?page_id=324091"},"modified":"2026-03-16T17:06:08","modified_gmt":"2026-03-16T22:06:08","slug":"compramos-tu-usado","status":"publish","type":"page","link":"https:\/\/yokomotor.com.co\/usados\/compramos-tu-usado\/","title":{"rendered":"Compramos tu usado"},"content":{"rendered":"<p>[et_pb_section fb_built=&#8221;1&#8243; fullwidth=&#8221;on&#8221; _builder_version=&#8221;4.27.4&#8243; _module_preset=&#8221;default&#8221; global_colors_info=&#8221;{}&#8221;][et_pb_fullwidth_image src=&#8221;https:\/\/yokomotor.com.co\/usados\/wp-content\/uploads\/sites\/4\/2025\/03\/yokomotor-usados-hero-usados-desktop.webp&#8221; alt=&#8221;Toyota&#8221; title_text=&#8221;yokomotor-usados-hero-usados-mobile&#8221; src_tablet=&#8221;https:\/\/yokomotor.com.co\/usados\/wp-content\/uploads\/sites\/4\/2025\/03\/yokomotor-usados-hero-usados-desktop.webp&#8221; src_phone=&#8221;https:\/\/yokomotor.com.co\/usados\/wp-content\/uploads\/sites\/4\/2025\/03\/yokomotor-usados-hero-usados-mobile.webp&#8221; src_last_edited=&#8221;on|phone&#8221; _builder_version=&#8221;4.27.5&#8243; _module_preset=&#8221;default&#8221; hover_enabled=&#8221;0&#8243; global_colors_info=&#8221;{}&#8221; sticky_enabled=&#8221;0&#8243;][\/et_pb_fullwidth_image][\/et_pb_section][et_pb_section fb_built=&#8221;1&#8243; _builder_version=&#8221;4.27.4&#8243; _module_preset=&#8221;default&#8221; custom_padding=&#8221;2rem||0px||false|false&#8221; global_colors_info=&#8221;{}&#8221;][et_pb_row _builder_version=&#8221;4.27.4&#8243; _module_preset=&#8221;default&#8221; custom_padding=&#8221;||0px||false|false&#8221; global_colors_info=&#8221;{}&#8221;][et_pb_column type=&#8221;4_4&#8243; _builder_version=&#8221;4.27.4&#8243; _module_preset=&#8221;default&#8221; global_colors_info=&#8221;{}&#8221;][et_pb_text _builder_version=&#8221;4.27.4&#8243; _module_preset=&#8221;default&#8221; text_text_color=&#8221;#000000&#8243; text_font_size=&#8221;3vw&#8221; text_line_height=&#8221;1em&#8221; header_text_color=&#8221;#000000&#8243; header_font_size=&#8221;3vw&#8221; header_line_height=&#8221;1.1em&#8221; text_orientation=&#8221;center&#8221; custom_margin=&#8221;||1rem||false|false&#8221; header_font_size_tablet=&#8221;3vw&#8221; header_font_size_phone=&#8221;26px&#8221; header_font_size_last_edited=&#8221;on|phone&#8221; global_colors_info=&#8221;{}&#8221;]<\/p>\n<h1>Compramos tu usado<\/h1>\n<p>[\/et_pb_text][et_pb_text _builder_version=&#8221;4.27.4&#8243; _module_preset=&#8221;default&#8221; text_text_color=&#8221;#000000&#8243; text_font_size=&#8221;18px&#8221; text_orientation=&#8221;center&#8221; custom_margin=&#8221;||15px||false|false&#8221; global_colors_info=&#8221;{}&#8221;]<\/p>\n<p>Diligencia el formulario con tus datos y la informaci\u00f3n de tu veh\u00edculo y uno de nuestros asesores te contactar\u00e1 en breve para brindarte la mejor oferta.<\/p>\n<p>[\/et_pb_text][dipl_separator separator_color=&#8221;#eb0a1e&#8221; _builder_version=&#8221;4.27.4&#8243; _module_preset=&#8221;default&#8221; width=&#8221;80px&#8221; module_alignment=&#8221;center&#8221; global_colors_info=&#8221;{}&#8221;][\/dipl_separator][\/et_pb_column][\/et_pb_row][\/et_pb_section][et_pb_section fb_built=&#8221;1&#8243; _builder_version=&#8221;4.27.4&#8243; _module_preset=&#8221;default&#8221; background_enable_mask_style=&#8221;on&#8221; background_mask_style=&#8221;arch&#8221; background_mask_color=&#8221;#eb0a1e&#8221; background_mask_transform=&#8221;flip_vertical|rotate_90_degree|invert&#8221; custom_padding=&#8221;0px||||false|false&#8221; background_last_edited=&#8221;on|desktop&#8221; background_enable_mask_style_phone=&#8221;off&#8221; global_colors_info=&#8221;{}&#8221;][et_pb_row custom_padding_last_edited=&#8221;on|phone&#8221; _builder_version=&#8221;4.27.4&#8243; _module_preset=&#8221;default&#8221; background_color=&#8221;#ffffff&#8221; custom_padding=&#8221;|2rem||2rem|false|true&#8221; custom_padding_tablet=&#8221;|2rem||2rem|false|true&#8221; custom_padding_phone=&#8221;|1rem||1rem|false|true&#8221; global_colors_info=&#8221;{}&#8221;][et_pb_column type=&#8221;4_4&#8243; _builder_version=&#8221;4.27.4&#8243; _module_preset=&#8221;default&#8221; global_colors_info=&#8221;{}&#8221;][wpforms_selector form_id=&#8221;324111&#8243; _builder_version=&#8221;4.27.4&#8243; _module_preset=&#8221;default&#8221; global_colors_info=&#8221;{}&#8221;][\/wpforms_selector][\/et_pb_column][\/et_pb_row][\/et_pb_section]<\/p>\n","protected":false},"excerpt":{"rendered":"<p>Vende tu carro usado de forma r\u00e1pida y segura en Yokomotor Usados. Obt\u00e9n la mejor oferta. \u00a1Cotiza gratis hoy!<\/p>\n","protected":false},"author":1,"featured_media":0,"parent":0,"menu_order":0,"comment_status":"closed","ping_status":"closed","template":"","meta":{"_acf_changed":false,"_et_pb_use_builder":"on","_et_pb_old_content":"","_et_gb_content_width":"","inline_featured_image":false,"footnotes":""},"class_list":["post-324091","page","type-page","status-publish","hentry"],"acf":[],"yoast_head":"<!-- This site is optimized with the Yoast SEO Premium plugin v26.9 (Yoast SEO v26.9) - https:\/\/yoast.com\/product\/yoast-seo-premium-wordpress\/ -->\n<title>Compramos tu usado - Veh\u00edculos Usados Yokomotor | Concesionario Toyota<\/title>\n<meta name=\"description\" content=\"Vende tu carro usado de forma r\u00e1pida y segura en Yokomotor Usados. Obt\u00e9n la mejor oferta. \u00a1Cotiza gratis hoy!\" \/>\n<meta name=\"robots\" content=\"index, follow, max-snippet:-1, max-image-preview:large, max-video-preview:-1\" \/>\n<link rel=\"canonical\" href=\"https:\/\/yokomotor.com.co\/usados\/compramos-tu-usado\/\" \/>\n<meta property=\"og:locale\" content=\"es_ES\" \/>\n<meta property=\"og:type\" content=\"article\" \/>\n<meta property=\"og:title\" content=\"Compramos tu usado\" \/>\n<meta property=\"og:description\" content=\"Vende tu carro usado de forma r\u00e1pida y segura en Yokomotor Usados. Obt\u00e9n la mejor oferta. \u00a1Cotiza gratis hoy!\" \/>\n<meta property=\"og:site_name\" content=\"Veh\u00edculos Usados Yokomotor | Concesionario Toyota\" \/>\n<meta property=\"article:modified_time\" content=\"2026-03-16T22:06:08+00:00\" \/>\n<meta name=\"twitter:card\" content=\"summary_large_image\" \/>\n<meta name=\"twitter:label1\" content=\"Tiempo de lectura\" \/>\n\t<meta name=\"twitter:data1\" content=\"1 minuto\" \/>\n<script type=\"application\/ld+json\" class=\"yoast-schema-graph\">{\"@context\":\"https:\/\/schema.org\",\"@graph\":[{\"@type\":\"WebPage\",\"@id\":\"https:\/\/yokomotor.com.co\/usados\/compramos-tu-usado\/\",\"url\":\"https:\/\/yokomotor.com.co\/usados\/compramos-tu-usado\/\",\"name\":\"Compramos tu usado - Veh\u00edculos Usados Yokomotor | Concesionario Toyota\",\"isPartOf\":{\"@id\":\"https:\/\/yokomotor.com.co\/usados\/#website\"},\"datePublished\":\"2025-03-21T14:15:32+00:00\",\"dateModified\":\"2026-03-16T22:06:08+00:00\",\"description\":\"Vende tu carro usado de forma r\u00e1pida y segura en Yokomotor Usados. Obt\u00e9n la mejor oferta. \u00a1Cotiza gratis hoy!\",\"breadcrumb\":{\"@id\":\"https:\/\/yokomotor.com.co\/usados\/compramos-tu-usado\/#breadcrumb\"},\"inLanguage\":\"es-CO\",\"potentialAction\":[{\"@type\":\"ReadAction\",\"target\":[\"https:\/\/yokomotor.com.co\/usados\/compramos-tu-usado\/\"]}]},{\"@type\":\"BreadcrumbList\",\"@id\":\"https:\/\/yokomotor.com.co\/usados\/compramos-tu-usado\/#breadcrumb\",\"itemListElement\":[{\"@type\":\"ListItem\",\"position\":1,\"name\":\"Inicio\",\"item\":\"https:\/\/yokomotor.com.co\/usados\/\"},{\"@type\":\"ListItem\",\"position\":2,\"name\":\"Compramos tu usado\"}]},{\"@type\":\"WebSite\",\"@id\":\"https:\/\/yokomotor.com.co\/usados\/#website\",\"url\":\"https:\/\/yokomotor.com.co\/usados\/\",\"name\":\"Veh\u00edculos Usados Yokomotor | Concesionario Toyota\",\"description\":\"\",\"potentialAction\":[{\"@type\":\"SearchAction\",\"target\":{\"@type\":\"EntryPoint\",\"urlTemplate\":\"https:\/\/yokomotor.com.co\/usados\/?s={search_term_string}\"},\"query-input\":{\"@type\":\"PropertyValueSpecification\",\"valueRequired\":true,\"valueName\":\"search_term_string\"}}],\"inLanguage\":\"es-CO\"}]}<\/script>\n<!-- \/ Yoast SEO Premium plugin. -->","yoast_head_json":{"title":"Compramos tu usado - Veh\u00edculos Usados Yokomotor | Concesionario Toyota","description":"Vende tu carro usado de forma r\u00e1pida y segura en Yokomotor Usados. Obt\u00e9n la mejor oferta. \u00a1Cotiza gratis hoy!","robots":{"index":"index","follow":"follow","max-snippet":"max-snippet:-1","max-image-preview":"max-image-preview:large","max-video-preview":"max-video-preview:-1"},"canonical":"https:\/\/yokomotor.com.co\/usados\/compramos-tu-usado\/","og_locale":"es_ES","og_type":"article","og_title":"Compramos tu usado","og_description":"Vende tu carro usado de forma r\u00e1pida y segura en Yokomotor Usados. Obt\u00e9n la mejor oferta. \u00a1Cotiza gratis hoy!","og_site_name":"Veh\u00edculos Usados Yokomotor | Concesionario Toyota","article_modified_time":"2026-03-16T22:06:08+00:00","twitter_card":"summary_large_image","twitter_misc":{"Tiempo de lectura":"1 minuto"},"schema":{"@context":"https:\/\/schema.org","@graph":[{"@type":"WebPage","@id":"https:\/\/yokomotor.com.co\/usados\/compramos-tu-usado\/","url":"https:\/\/yokomotor.com.co\/usados\/compramos-tu-usado\/","name":"Compramos tu usado - Veh\u00edculos Usados Yokomotor | Concesionario Toyota","isPartOf":{"@id":"https:\/\/yokomotor.com.co\/usados\/#website"},"datePublished":"2025-03-21T14:15:32+00:00","dateModified":"2026-03-16T22:06:08+00:00","description":"Vende tu carro usado de forma r\u00e1pida y segura en Yokomotor Usados. Obt\u00e9n la mejor oferta. \u00a1Cotiza gratis hoy!","breadcrumb":{"@id":"https:\/\/yokomotor.com.co\/usados\/compramos-tu-usado\/#breadcrumb"},"inLanguage":"es-CO","potentialAction":[{"@type":"ReadAction","target":["https:\/\/yokomotor.com.co\/usados\/compramos-tu-usado\/"]}]},{"@type":"BreadcrumbList","@id":"https:\/\/yokomotor.com.co\/usados\/compramos-tu-usado\/#breadcrumb","itemListElement":[{"@type":"ListItem","position":1,"name":"Inicio","item":"https:\/\/yokomotor.com.co\/usados\/"},{"@type":"ListItem","position":2,"name":"Compramos tu usado"}]},{"@type":"WebSite","@id":"https:\/\/yokomotor.com.co\/usados\/#website","url":"https:\/\/yokomotor.com.co\/usados\/","name":"Veh\u00edculos Usados Yokomotor | Concesionario Toyota","description":"","potentialAction":[{"@type":"SearchAction","target":{"@type":"EntryPoint","urlTemplate":"https:\/\/yokomotor.com.co\/usados\/?s={search_term_string}"},"query-input":{"@type":"PropertyValueSpecification","valueRequired":true,"valueName":"search_term_string"}}],"inLanguage":"es-CO"}]}},"_links":{"self":[{"href":"https:\/\/yokomotor.com.co\/usados\/wp-json\/wp\/v2\/pages\/324091","targetHints":{"allow":["GET"]}}],"collection":[{"href":"https:\/\/yokomotor.com.co\/usados\/wp-json\/wp\/v2\/pages"}],"about":[{"href":"https:\/\/yokomotor.com.co\/usados\/wp-json\/wp\/v2\/types\/page"}],"author":[{"embeddable":true,"href":"https:\/\/yokomotor.com.co\/usados\/wp-json\/wp\/v2\/users\/1"}],"replies":[{"embeddable":true,"href":"https:\/\/yokomotor.com.co\/usados\/wp-json\/wp\/v2\/comments?post=324091"}],"version-history":[{"count":16,"href":"https:\/\/yokomotor.com.co\/usados\/wp-json\/wp\/v2\/pages\/324091\/revisions"}],"predecessor-version":[{"id":339820,"href":"https:\/\/yokomotor.com.co\/usados\/wp-json\/wp\/v2\/pages\/324091\/revisions\/339820"}],"wp:attachment":[{"href":"https:\/\/yokomotor.com.co\/usados\/wp-json\/wp\/v2\/media?parent=324091"}],"curies":[{"name":"wp","href":"https:\/\/api.w.org\/{rel}","templated":true}]}}